{"id":2138,"date":"2022-08-25T03:10:29","date_gmt":"2022-08-25T03:10:29","guid":{"rendered":"https:\/\/flubetech.com\/?page_id=2138"},"modified":"2022-10-11T04:55:00","modified_gmt":"2022-10-11T04:55:00","slug":"avis-legal","status":"publish","type":"page","link":"https:\/\/flubetech.com\/ca\/avis-legal\/","title":{"rendered":"Avis legal"},"content":{"rendered":"\t\t<div data-elementor-type=\"wp-page\" data-elementor-id=\"2138\" class=\"elementor elementor-2138 elementor-1323\" data-elementor-post-type=\"page\">\n\t\t\t\t\t\t<section class=\"elementor-section elementor-top-section elementor-element elementor-element-56bd5a4 elementor-section-full_width elementor-section-stretched elementor-section-height-default elementor-section-height-default\" data-id=\"56bd5a4\" data-element_type=\"section\" data-settings=\"{&quot;stretch_section&quot;:&quot;section-stretched&quot;}\">\n\t\t\t\t\t\t<div class=\"elementor-container elementor-column-gap-default\">\n\t\t\t\t\t<div class=\"elementor-column elementor-col-100 elementor-top-column elementor-element elementor-element-dd0874c\" data-id=\"dd0874c\" data-element_type=\"column\">\n\t\t\t<div class=\"elementor-widget-wrap elementor-element-populated\">\n\t\t\t\t\t\t<div class=\"elementor-element elementor-element-7a7311e elementor--h-position-right elementor--v-position-middle elementor-pagination-position-inside elementor-widget elementor-widget-slides\" data-id=\"7a7311e\" data-element_type=\"widget\" data-settings=\"{&quot;navigation&quot;:&quot;dots&quot;,&quot;autoplay&quot;:&quot;yes&quot;,&quot;pause_on_hover&quot;:&quot;yes&quot;,&quot;pause_on_interaction&quot;:&quot;yes&quot;,&quot;autoplay_speed&quot;:5000,&quot;infinite&quot;:&quot;yes&quot;,&quot;transition&quot;:&quot;slide&quot;,&quot;transition_speed&quot;:500}\" data-widget_type=\"slides.default\">\n\t\t\t\t<div class=\"elementor-widget-container\">\n\t\t\t\t\t\t\t\t\t<div class=\"elementor-swiper\">\n\t\t\t\t\t<div class=\"elementor-slides-wrapper elementor-main-swiper swiper\" role=\"region\" aria-roledescription=\"carousel\" aria-label=\"Diapositives\" dir=\"ltr\" data-animation=\"fadeInUp\">\n\t\t\t\t<div class=\"swiper-wrapper elementor-slides\">\n\t\t\t\t\t\t\t\t\t\t<div class=\"elementor-repeater-item-f35e35f swiper-slide\" role=\"group\" aria-roledescription=\"slide\"><div class=\"swiper-slide-bg\" role=\"img\" aria-label=\"CONTACTO_1\"><\/div><div class=\"swiper-slide-inner\" ><div class=\"swiper-slide-contents\"><div class=\"elementor-slide-description\">AVIS LEGAL<\/div><\/div><\/div><\/div>\t\t\t\t<\/div>\n\t\t\t\t\t\t\t<\/div>\n\t\t\t\t<\/div>\n\t\t\t\t\t\t\t\t<\/div>\n\t\t\t\t<\/div>\n\t\t\t\t\t<\/div>\n\t\t<\/div>\n\t\t\t\t\t<\/div>\n\t\t<\/section>\n\t\t\t\t<section class=\"elementor-section elementor-top-section elementor-element elementor-element-bf37325 elementor-section-boxed elementor-section-height-default elementor-section-height-default\" data-id=\"bf37325\" data-element_type=\"section\">\n\t\t\t\t\t\t<div class=\"elementor-container elementor-column-gap-default\">\n\t\t\t\t\t<div class=\"elementor-column elementor-col-100 elementor-top-column elementor-element elementor-element-36fcf13\" data-id=\"36fcf13\" data-element_type=\"column\">\n\t\t\t<div class=\"elementor-widget-wrap elementor-element-populated\">\n\t\t\t\t\t\t<div class=\"elementor-element elementor-element-acc5344 elementor-widget elementor-widget-text-editor\" data-id=\"acc5344\" data-element_type=\"widget\" data-widget_type=\"text-editor.default\">\n\t\t\t\t<div class=\"elementor-widget-container\">\n\t\t\t\t\t\t\t\t\t<p>FLUBETECH, SL, prove\u00eft de CIF B64165632, direcci\u00f3 C\/ MONTSI\u00c0 23, POL\u00cdGON INDUSTRIAL CAN CARNER, 08211, CASTELLAR DEL VALL\u00c8S, BARCELONA, no assumeix cap responsabilitat derivada de l&#8217;\u00fas incorrecte, inapropiat o il\u00b7l\u00edcit de la informaci\u00f3 que aparegui a la p\u00e0gina www.flubetech.com. Aix\u00ed mateix, no pot assumir cap responsabilitat que derivi de la falta d&#8217;integritat, actualitzaci\u00f3, veracitat i precisi\u00f3 de les dades o informacions que es contenen, amb els l\u00edmits que estableix la llei.<\/p><p>La informaci\u00f3 i contingut no constitueixen opinions, consells o assessorament legal de cap classe, de la mateixa manera que tampoc vinculen a FLUBETECH, SL, ja que es tracta d\u2019un servei amb car\u00e0cter informatiu i divulgatiu.<\/p><p><u>www.flubetech.com<\/u> pot contenir enlla\u00e7os a altres p\u00e0gines web de tercers les quals no poden ser controlades per FLUBETECH, SL, no assumint responsabilitats pel contingut que pugui apar\u00e8ixer a aquestes.<\/p><p>S\u00f3n de propietat de FLUBETECH, SL els textos, imatges, sons, animacions, software i la resta de continguts que s&#8217;inclouen a www.flubetech.com o els seus llicenciands. Tot acte de transmissi\u00f3, distribuci\u00f3, reproducci\u00f3, cessi\u00f3, emmagatzematge o comunicaci\u00f3 p\u00fablica, sigui total o parcial, ha d&#8217;estar consentit expressament per FLUBETECH, SL.<\/p><p>Per \u00faltim, per poder accedir a determinats serveis que ofereix FLUBETECH, SL a trav\u00e9s de www.flubetech.com, s&#8217;hauran de proporcionar dades de car\u00e0cter personal. D\u2019acord amb el que disposa el Reglament (UE) 2016\/679 del Parlament Europeu i del Consell, de 27 d&#8217;abril de 2016, relatiu a la protecci\u00f3 de les persones f\u00edsiques en el que respecta al tractament de dades personals i a la lliure circulaci\u00f3 d&#8217;aquestes dades, informem que a trav\u00e9s de l&#8217;emplenament dels formularis que es troben a la p\u00e0gina web, les seves dades quedaran incorporades als fitxers de FLUBETECH, SL i seran tractats amb el fi de poder prestar els serveis i informar-lo de les millores de www.flubetech.com. L&#8217;usuari pot exercir els seus drets d&#8217;acc\u00e9s, rectificaci\u00f3, cancel\u00b7laci\u00f3, oposici\u00f3, limitaci\u00f3 del tractament i portabilitat mitjan\u00e7ant un email a info@flubetech.com o a la direcci\u00f3 postal C\/ MONTSI\u00c0 23, POL\u00cdGON INDUSTRIAL CAN CARNER, 08211, CASTELLAR DEL VALL\u00c8S, BARCELONA.<\/p>\t\t\t\t\t\t\t\t<\/div>\n\t\t\t\t<\/div>\n\t\t\t\t\t<\/div>\n\t\t<\/div>\n\t\t\t\t\t<\/div>\n\t\t<\/section>\n\t\t\t\t<\/div>\n\t\t","protected":false},"excerpt":{"rendered":"<p>AVIS LEGAL FLUBETECH, SL, prove\u00eft de CIF B64165632, direcci\u00f3 C\/ MONTSI\u00c0 23, POL\u00cdGON INDUSTRIAL CAN CARNER, 08211, CASTELLAR DEL VALL\u00c8S, BARCELONA, no assumeix cap responsabilitat derivada de l&#8217;\u00fas incorrecte, inapropiat o il\u00b7l\u00edcit de la informaci\u00f3 que aparegui a la p\u00e0gina www.flubetech.com. Aix\u00ed mateix, no pot assumir cap responsabilitat que derivi de la falta d&#8217;integritat, actualitzaci\u00f3, [&hellip;]<\/p>\n","protected":false},"author":1,"featured_media":0,"parent":0,"menu_order":0,"comment_status":"closed","ping_status":"closed","template":"elementor_header_footer","meta":{"site-sidebar-layout":"no-sidebar","site-content-layout":"page-builder","ast-site-content-layout":"default","site-content-style":"default","site-sidebar-style":"default","ast-global-header-display":"","ast-banner-title-visibility":"","ast-main-header-display":"","ast-hfb-above-header-display":"","ast-hfb-below-header-display":"","ast-hfb-mobile-header-display":"","site-post-title":"disabled","ast-breadcrumbs-content":"","ast-featured-img":"disabled","footer-sml-layout":"","theme-transparent-header-meta":"default","adv-header-id-meta":"","stick-header-meta":"","header-above-stick-meta":"","header-main-stick-meta":"","header-below-stick-meta":"","astra-migrate-meta-layouts":"default","ast-page-background-enabled":"default","ast-page-background-meta":{"desktop":{"background-color":"var(--ast-global-color-4)","background-image":"","background-repeat":"repeat","background-position":"center center","background-size":"auto","background-attachment":"scroll","background-type":"","background-media":"","overlay-type":"","overlay-color":"","overlay-opacity":"","overlay-gradient":""},"tablet":{"background-color":"","background-image":"","background-repeat":"repeat","background-position":"center center","background-size":"auto","background-attachment":"scroll","background-type":"","background-media":"","overlay-type":"","overlay-color":"","overlay-opacity":"","overlay-gradient":""},"mobile":{"background-color":"","background-image":"","background-repeat":"repeat","background-position":"center center","background-size":"auto","background-attachment":"scroll","background-type":"","background-media":"","overlay-type":"","overlay-color":"","overlay-opacity":"","overlay-gradient":""}},"ast-content-background-meta":{"desktop":{"background-color":"var(--ast-global-color-5)","background-image":"","background-repeat":"repeat","background-position":"center center","background-size":"auto","background-attachment":"scroll","background-type":"","background-media":"","overlay-type":"","overlay-color":"","overlay-opacity":"","overlay-gradient":""},"tablet":{"background-color":"var(--ast-global-color-5)","background-image":"","background-repeat":"repeat","background-position":"center center","background-size":"auto","background-attachment":"scroll","background-type":"","background-media":"","overlay-type":"","overlay-color":"","overlay-opacity":"","overlay-gradient":""},"mobile":{"background-color":"var(--ast-global-color-5)","background-image":"","background-repeat":"repeat","background-position":"center center","background-size":"auto","background-attachment":"scroll","background-type":"","background-media":"","overlay-type":"","overlay-color":"","overlay-opacity":"","overlay-gradient":""}},"footnotes":""},"class_list":["post-2138","page","type-page","status-publish","hentry"],"_links":{"self":[{"href":"https:\/\/flubetech.com\/ca\/wp-json\/wp\/v2\/pages\/2138","targetHints":{"allow":["GET"]}}],"collection":[{"href":"https:\/\/flubetech.com\/ca\/wp-json\/wp\/v2\/pages"}],"about":[{"href":"https:\/\/flubetech.com\/ca\/wp-json\/wp\/v2\/types\/page"}],"author":[{"embeddable":true,"href":"https:\/\/flubetech.com\/ca\/wp-json\/wp\/v2\/users\/1"}],"replies":[{"embeddable":true,"href":"https:\/\/flubetech.com\/ca\/wp-json\/wp\/v2\/comments?post=2138"}],"version-history":[{"count":7,"href":"https:\/\/flubetech.com\/ca\/wp-json\/wp\/v2\/pages\/2138\/revisions"}],"predecessor-version":[{"id":5827,"href":"https:\/\/flubetech.com\/ca\/wp-json\/wp\/v2\/pages\/2138\/revisions\/5827"}],"wp:attachment":[{"href":"https:\/\/flubetech.com\/ca\/wp-json\/wp\/v2\/media?parent=2138"}],"curies":[{"name":"wp","href":"https:\/\/api.w.org\/{rel}","templated":true}]}}