{"id":2146,"date":"2022-08-25T03:22:01","date_gmt":"2022-08-25T03:22:01","guid":{"rendered":"https:\/\/flubetech.com\/?page_id=2146"},"modified":"2022-10-11T04:53:13","modified_gmt":"2022-10-11T04:53:13","slug":"politiques-de-privadesa","status":"publish","type":"page","link":"https:\/\/flubetech.com\/ca\/politiques-de-privadesa\/","title":{"rendered":"Pol\u00edtiques de privadesa"},"content":{"rendered":"\t\t<div data-elementor-type=\"wp-page\" data-elementor-id=\"2146\" class=\"elementor elementor-2146 elementor-1346\" data-elementor-post-type=\"page\">\n\t\t\t\t\t\t<section class=\"elementor-section elementor-top-section elementor-element elementor-element-a6c2966 elementor-section-full_width elementor-section-stretched elementor-section-height-default elementor-section-height-default\" data-id=\"a6c2966\" data-element_type=\"section\" data-settings=\"{&quot;stretch_section&quot;:&quot;section-stretched&quot;}\">\n\t\t\t\t\t\t<div class=\"elementor-container elementor-column-gap-default\">\n\t\t\t\t\t<div class=\"elementor-column elementor-col-100 elementor-top-column elementor-element elementor-element-b5a2df7\" data-id=\"b5a2df7\" data-element_type=\"column\">\n\t\t\t<div class=\"elementor-widget-wrap elementor-element-populated\">\n\t\t\t\t\t\t<div class=\"elementor-element elementor-element-18195c1 elementor--h-position-right elementor--v-position-middle elementor-pagination-position-inside elementor-widget elementor-widget-slides\" data-id=\"18195c1\" data-element_type=\"widget\" data-settings=\"{&quot;navigation&quot;:&quot;dots&quot;,&quot;autoplay&quot;:&quot;yes&quot;,&quot;pause_on_hover&quot;:&quot;yes&quot;,&quot;pause_on_interaction&quot;:&quot;yes&quot;,&quot;autoplay_speed&quot;:5000,&quot;infinite&quot;:&quot;yes&quot;,&quot;transition&quot;:&quot;slide&quot;,&quot;transition_speed&quot;:500}\" data-widget_type=\"slides.default\">\n\t\t\t\t<div class=\"elementor-widget-container\">\n\t\t\t\t\t\t\t\t\t<div class=\"elementor-swiper\">\n\t\t\t\t\t<div class=\"elementor-slides-wrapper elementor-main-swiper swiper\" role=\"region\" aria-roledescription=\"carousel\" aria-label=\"Diapositives\" dir=\"ltr\" data-animation=\"fadeInUp\">\n\t\t\t\t<div class=\"swiper-wrapper elementor-slides\">\n\t\t\t\t\t\t\t\t\t\t<div class=\"elementor-repeater-item-f35e35f swiper-slide\" role=\"group\" aria-roledescription=\"slide\"><div class=\"swiper-slide-bg\" role=\"img\" aria-label=\"CONTACTO_1\"><\/div><div class=\"swiper-slide-inner\" ><div class=\"swiper-slide-contents\"><div class=\"elementor-slide-description\">Pol\u00edtiques de privadesa<\/div><\/div><\/div><\/div>\t\t\t\t<\/div>\n\t\t\t\t\t\t\t<\/div>\n\t\t\t\t<\/div>\n\t\t\t\t\t\t\t\t<\/div>\n\t\t\t\t<\/div>\n\t\t\t\t\t<\/div>\n\t\t<\/div>\n\t\t\t\t\t<\/div>\n\t\t<\/section>\n\t\t\t\t<section class=\"elementor-section elementor-top-section elementor-element elementor-element-e6d5004 elementor-section-boxed elementor-section-height-default elementor-section-height-default\" data-id=\"e6d5004\" data-element_type=\"section\">\n\t\t\t\t\t\t<div class=\"elementor-container elementor-column-gap-default\">\n\t\t\t\t\t<div class=\"elementor-column elementor-col-100 elementor-top-column elementor-element elementor-element-5ffe26c\" data-id=\"5ffe26c\" data-element_type=\"column\">\n\t\t\t<div class=\"elementor-widget-wrap elementor-element-populated\">\n\t\t\t\t\t\t<div class=\"elementor-element elementor-element-b864380 elementor-widget elementor-widget-text-editor\" data-id=\"b864380\" data-element_type=\"widget\" data-widget_type=\"text-editor.default\">\n\t\t\t\t<div class=\"elementor-widget-container\">\n\t\t\t\t\t\t\t\t\t<p><strong>RESPONSABLES DE TRACTAMENT<\/strong><\/p><p><strong>EMPRESA<\/strong>: FLUBETECH, SL<\/p><p><strong>CIF:<\/strong> B64165632<\/p><p><strong>DIRECCI\u00d3:<\/strong> C\/ MONTSI\u00c0 23, POL\u00cdGON INDUSTRIAL CAN CARNER, 08211, CASTELLAR DEL VALL\u00c8S, BARCELONA<\/p><p><strong>TEL\u00c8FON:<\/strong> FLUBETECH, SL<\/p><p><strong>EMAIL:<\/strong> info@flubetech.com<\/p><p><strong>REGISTRE MERCANTIL:<\/strong> T 43432, F 193, S 8, H B 327206, I\/A 14\u00aa, BARCELONA\u00a0\u00a0<\/p><p><strong>FINALITAT DEL TRACTAMENT I LEGITIMACI\u00d3<\/strong><\/p><p><strong>Amb quina finalitat tractarem les teves dades i la base que ens legitima? <\/strong><\/p><p>FLUBETECH, SL tracta dades personals recavades directament de l&#8217;interessat amb les seg\u00fcents finalitats:<\/p><ul><li>Gestionar la relaci\u00f3 comercial existent,<\/li><li>Contestar a la sol\u00b7licitud d&#8217;informaci\u00f3 que es realitzi a trav\u00e9s de la web; i<\/li><li>A trav\u00e9s de cada formulari de recollida de dades, de manera addicional, podr\u00edem sol\u00b7licitar el consentiment de l&#8217;usuari per enviar-li comunicacions comercials, en el cas que doni el seu consentiment.<\/li><\/ul><p>L&#8217;usuari pot oposar-se a l&#8217;enviament de comunicacions comercials per qualsevol mena de via i en qualsevol moment, remitent un correu electr\u00f2nic a la direcci\u00f3 info@flubetech.com.<\/p><p><strong>Durant quant de temps tractarem les seves dades?<\/strong><\/p><p>Les dades personals es conservaran durant l&#8217;exist\u00e8ncia de la relaci\u00f3 comercial, sent cancel\u00b7lats quan hagin deixat de ser necessaris o pertinents a les finalitats indicades.<\/p><p><strong>PROPIETAT INTEL\u00b7LECTUAL<\/strong><\/p><p>FLUBETECH, SL \u00e9s titular de tots els drets d\u2019autor, propietat intel\u00b7lectual, propietat industrial i altres drets que guarden relaci\u00f3 amb el contingut del lloc web www.flubetech.com, els seus serveis, els programes necessaris per a la seva implementaci\u00f3 i la informaci\u00f3 que estigui relacionada.<\/p><p>Sense el consentiment escrit, no es permet la reproducci\u00f3, publicaci\u00f3 i\/o \u00fas no privat dels continguts, totals o parcials.<\/p><p><strong>XARXES SOCIALS<\/strong><\/p><p>FLUBETECH, SL utilitza les xarxes socials, l\u2019acc\u00e9s i l\u2019\u00fas d\u2019aquestes requereix l\u2019acceptaci\u00f3 de les condicions generals d\u2019\u00fas de xarxes. Quan l\u2019usuari accedeix o utilitza la p\u00e0gina oficial de FLUBETECH, SL a les xarxes socials manifesta el seu consentiment i acceptaci\u00f3 del compliment d\u2019aquestes condicions.<\/p><p><strong>Quins usos estan permesos i quins estan prohibits?<\/strong><\/p><p>A trav\u00e9s de les xarxes socials de FLUBETECH, SL es facilita a l&#8217;usuari un espai en el qual pot publicar, intercanviar continguts i informaci\u00f3 i establir comunicaci\u00f3 amb altres usuaris. L&#8217;usuari est\u00e0 obligat a realitzar un \u00fas raonable de les xarxes socials i dels seus continguts de FLUBETECH, SL, essent l&#8217;\u00fanic responsable de la informaci\u00f3, imatges, opinions, al\u00b7lusions o continguts que comuniqui, transmeti, allotgi, posi a disposici\u00f3 o exhibeixi a la p\u00e0gina oficial.<\/p><p>Queda prohibit fer \u00fas de la p\u00e0gina oficial a xarxes socials de FLUBETECH, SL amb fins il\u00b7legals o que no estiguin autoritzats, amb o sense finalitat econ\u00f2mica.<\/p><p><strong>EXEMPCI\u00d3 DE RESPONSABILITATS<\/strong><\/p><p>FLUBETECH, SL exposa a la seva p\u00e0gina web continguts sobre les seves activitats, productes, estructura, gesti\u00f3 i equips propis d\u2019una web de tipus corporatiu, excloent qualsevol responsabilitat per les dades i perjudicis que puguin derivar-se de l\u2019acc\u00e9s als seus continguts, informacions, publicitats, conceptes i imatges facilitats als usuaris.<\/p><p>FLUBETECH, SL no es fa responsable de:<\/p><ul><li>El mal que un usuari pugui realitzar a una p\u00e0gina web.<\/li><li>La continu\u00eftat dels continguts de la p\u00e0gina web.<\/li><li>L&#8217;abs\u00e8ncia de virus i\/o altres components que puguin ser nocius per la p\u00e0gina web o el servidor, pel que respecta a la visualitzaci\u00f3 dels continguts com en la desc\u00e0rrega d&#8217;aquests.<\/li><li>Els danys que s&#8217;ocasionen per vulnerabilitat a www.flubetech.com.<\/li><li>Els continguts i serveis que presten altres p\u00e0gines web a les quals es pugui accedir mitjan\u00e7ant www.flubetech.com.<\/li><li>El rendiment dels continguts que albergui www.flubetech.com.<\/li><li>El mal funcionament de software necessari per a la visualitzaci\u00f3 o escolta de continguts albergats a la p\u00e0gina web.<\/li><li>Els danys o perjudicis causats per qualsevol usuari infringint les condicions, instruccions i normes que FLUBETECH, SL disposa a la seva p\u00e0gina web.<\/li><li>Accions que puguin vulnerar drets de tercers, en especial els que fan relaci\u00f3 a la imatge, propietat intel\u00b7lectual o industrial.<\/li><li>De l\u2019edici\u00f3, censura, revisi\u00f3 i verificaci\u00f3 dels continguts d\u2019internet amb els que l\u2019usuari accedeixi a trav\u00e9s del motor de cerca o enlla\u00e7os inclosos a www.flubetech.com.<strong style=\"font-size: 16px;\">\u00a0<\/strong><\/li><\/ul><p><strong>Exempci\u00f3 de responsabilitat pel funcionament de la p\u00e0gina web<\/strong><\/p><p>FLUBETECH, SL podr\u00e0 realitzar correccions, millores o modificacions a la informaci\u00f3 que contingui la p\u00e0gina web, sense derivar en reclamaci\u00f3 o cap indemnitzaci\u00f3, ni implicar reconeixement de cap responsabilitat.<\/p><p>Tampoc es fa responsable dels danys i perjudicis que puguin derivar de la disponibilitat i continu\u00eftat t\u00e8cnica del funcionament de la p\u00e0gina web, duent a terme totes les accions necess\u00e0ries per restablir els seus serveis en cas de fallada t\u00e8cnica.<\/p><p><strong>COMUNICACIONS COMERCIALS<\/strong><\/p><p>Segons la Llei de Serveis de la Societat de la Informaci\u00f3 i el Comer\u00e7 Electr\u00f2nic, FLUBETECH, SL no enviar\u00e0 comunicacions publicit\u00e0ries o promocionals per correu electr\u00f2nic i un altre mitj\u00e0 de comunicaci\u00f3 electr\u00f2nica equivalent, sense la sol\u00b7licitaci\u00f3 pr\u00e8via o expressament autoritzades pels destinataris d\u2019aquestes.<\/p><p>En cas que la relaci\u00f3 contractual existent sigui pr\u00e8via, FLUBETECH, SL s\u00ed est\u00e0 autoritzada a l\u2019enviament de comunicacions comercials referents a productes o serveis.<\/p><p><strong>LEGISLACI\u00d3 I JURISDICCI\u00d3<\/strong><\/p><p>Les condicions presents, es regiran per la legislaci\u00f3 espanyola vigent i d\u2019aplicaci\u00f3 en el territori espanyol. En cas d\u2019existir qualsevol controv\u00e8rsia, les parts podran sotmetre els seus conflictes a arbitratge o acudir a la jurisdicci\u00f3 ordin\u00e0ria, complint amb les normes sobre jurisdicci\u00f3 i compet\u00e8ncia al respecte.<\/p>\t\t\t\t\t\t\t\t<\/div>\n\t\t\t\t<\/div>\n\t\t\t\t\t<\/div>\n\t\t<\/div>\n\t\t\t\t\t<\/div>\n\t\t<\/section>\n\t\t\t\t<\/div>\n\t\t","protected":false},"excerpt":{"rendered":"<p>Pol\u00edtiques de privadesa RESPONSABLES DE TRACTAMENT EMPRESA: FLUBETECH, SL CIF: B64165632 DIRECCI\u00d3: C\/ MONTSI\u00c0 23, POL\u00cdGON INDUSTRIAL CAN CARNER, 08211, CASTELLAR DEL VALL\u00c8S, BARCELONA TEL\u00c8FON: FLUBETECH, SL EMAIL: info@flubetech.com REGISTRE MERCANTIL: T 43432, F 193, S 8, H B 327206, I\/A 14\u00aa, BARCELONA\u00a0\u00a0 FINALITAT DEL TRACTAMENT I LEGITIMACI\u00d3 Amb quina finalitat tractarem les teves dades [&hellip;]<\/p>\n","protected":false},"author":1,"featured_media":0,"parent":0,"menu_order":0,"comment_status":"closed","ping_status":"closed","template":"elementor_header_footer","meta":{"site-sidebar-layout":"no-sidebar","site-content-layout":"page-builder","ast-site-content-layout":"default","site-content-style":"default","site-sidebar-style":"default","ast-global-header-display":"","ast-banner-title-visibility":"","ast-main-header-display":"","ast-hfb-above-header-display":"","ast-hfb-below-header-display":"","ast-hfb-mobile-header-display":"","site-post-title":"disabled","ast-breadcrumbs-content":"","ast-featured-img":"disabled","footer-sml-layout":"","theme-transparent-header-meta":"default","adv-header-id-meta":"","stick-header-meta":"","header-above-stick-meta":"","header-main-stick-meta":"","header-below-stick-meta":"","astra-migrate-meta-layouts":"default","ast-page-background-enabled":"default","ast-page-background-meta":{"desktop":{"background-color":"var(--ast-global-color-4)","background-image":"","background-repeat":"repeat","background-position":"center center","background-size":"auto","background-attachment":"scroll","background-type":"","background-media":"","overlay-type":"","overlay-color":"","overlay-opacity":"","overlay-gradient":""},"tablet":{"background-color":"","background-image":"","background-repeat":"repeat","background-position":"center center","background-size":"auto","background-attachment":"scroll","background-type":"","background-media":"","overlay-type":"","overlay-color":"","overlay-opacity":"","overlay-gradient":""},"mobile":{"background-color":"","background-image":"","background-repeat":"repeat","background-position":"center center","background-size":"auto","background-attachment":"scroll","background-type":"","background-media":"","overlay-type":"","overlay-color":"","overlay-opacity":"","overlay-gradient":""}},"ast-content-background-meta":{"desktop":{"background-color":"var(--ast-global-color-5)","background-image":"","background-repeat":"repeat","background-position":"center center","background-size":"auto","background-attachment":"scroll","background-type":"","background-media":"","overlay-type":"","overlay-color":"","overlay-opacity":"","overlay-gradient":""},"tablet":{"background-color":"var(--ast-global-color-5)","background-image":"","background-repeat":"repeat","background-position":"center center","background-size":"auto","background-attachment":"scroll","background-type":"","background-media":"","overlay-type":"","overlay-color":"","overlay-opacity":"","overlay-gradient":""},"mobile":{"background-color":"var(--ast-global-color-5)","background-image":"","background-repeat":"repeat","background-position":"center center","background-size":"auto","background-attachment":"scroll","background-type":"","background-media":"","overlay-type":"","overlay-color":"","overlay-opacity":"","overlay-gradient":""}},"footnotes":""},"class_list":["post-2146","page","type-page","status-publish","hentry"],"_links":{"self":[{"href":"https:\/\/flubetech.com\/ca\/wp-json\/wp\/v2\/pages\/2146","targetHints":{"allow":["GET"]}}],"collection":[{"href":"https:\/\/flubetech.com\/ca\/wp-json\/wp\/v2\/pages"}],"about":[{"href":"https:\/\/flubetech.com\/ca\/wp-json\/wp\/v2\/types\/page"}],"author":[{"embeddable":true,"href":"https:\/\/flubetech.com\/ca\/wp-json\/wp\/v2\/users\/1"}],"replies":[{"embeddable":true,"href":"https:\/\/flubetech.com\/ca\/wp-json\/wp\/v2\/comments?post=2146"}],"version-history":[{"count":7,"href":"https:\/\/flubetech.com\/ca\/wp-json\/wp\/v2\/pages\/2146\/revisions"}],"predecessor-version":[{"id":5824,"href":"https:\/\/flubetech.com\/ca\/wp-json\/wp\/v2\/pages\/2146\/revisions\/5824"}],"wp:attachment":[{"href":"https:\/\/flubetech.com\/ca\/wp-json\/wp\/v2\/media?parent=2146"}],"curies":[{"name":"wp","href":"https:\/\/api.w.org\/{rel}","templated":true}]}}