{"id":6639,"date":"2024-12-10T19:16:34","date_gmt":"2024-12-10T19:16:34","guid":{"rendered":"https:\/\/flubetech.com\/?page_id=6639"},"modified":"2024-12-13T23:18:19","modified_gmt":"2024-12-13T23:18:19","slug":"politica-de-qualitat","status":"publish","type":"page","link":"https:\/\/flubetech.com\/ca\/politica-de-qualitat\/","title":{"rendered":"POLITICA DE QUALITAT"},"content":{"rendered":"\t\t<div data-elementor-type=\"wp-page\" data-elementor-id=\"6639\" class=\"elementor elementor-6639 elementor-6559\" data-elementor-post-type=\"page\">\n\t\t\t\t\t\t<section class=\"elementor-section elementor-top-section elementor-element elementor-element-ae4a9b4 elementor-section-full_width elementor-section-stretched elementor-section-height-default elementor-section-height-default\" data-id=\"ae4a9b4\" data-element_type=\"section\" data-settings=\"{&quot;stretch_section&quot;:&quot;section-stretched&quot;}\">\n\t\t\t\t\t\t<div class=\"elementor-container elementor-column-gap-default\">\n\t\t\t\t\t<div class=\"elementor-column elementor-col-100 elementor-top-column elementor-element elementor-element-a0ba47d\" data-id=\"a0ba47d\" data-element_type=\"column\">\n\t\t\t<div class=\"elementor-widget-wrap elementor-element-populated\">\n\t\t\t\t\t\t<div class=\"elementor-element elementor-element-19947a2 elementor--h-position-right elementor--v-position-middle elementor-pagination-position-inside elementor-widget elementor-widget-slides\" data-id=\"19947a2\" data-element_type=\"widget\" data-settings=\"{&quot;navigation&quot;:&quot;dots&quot;,&quot;autoplay&quot;:&quot;yes&quot;,&quot;pause_on_hover&quot;:&quot;yes&quot;,&quot;pause_on_interaction&quot;:&quot;yes&quot;,&quot;autoplay_speed&quot;:5000,&quot;infinite&quot;:&quot;yes&quot;,&quot;transition&quot;:&quot;slide&quot;,&quot;transition_speed&quot;:500}\" data-widget_type=\"slides.default\">\n\t\t\t\t<div class=\"elementor-widget-container\">\n\t\t\t\t\t\t\t\t\t<div class=\"elementor-swiper\">\n\t\t\t\t\t<div class=\"elementor-slides-wrapper elementor-main-swiper swiper\" role=\"region\" aria-roledescription=\"carousel\" aria-label=\"Diapositives\" dir=\"ltr\" data-animation=\"fadeInUp\">\n\t\t\t\t<div class=\"swiper-wrapper elementor-slides\">\n\t\t\t\t\t\t\t\t\t\t<div class=\"elementor-repeater-item-f35e35f swiper-slide\" role=\"group\" aria-roledescription=\"slide\"><div class=\"swiper-slide-bg\" role=\"img\" aria-label=\"CONTACTO_1\"><\/div><div class=\"swiper-slide-inner\" ><div class=\"swiper-slide-contents\"><div class=\"elementor-slide-description\">POLITICA DE QUALITAT<\/div><\/div><\/div><\/div>\t\t\t\t<\/div>\n\t\t\t\t\t\t\t<\/div>\n\t\t\t\t<\/div>\n\t\t\t\t\t\t\t\t<\/div>\n\t\t\t\t<\/div>\n\t\t\t\t\t<\/div>\n\t\t<\/div>\n\t\t\t\t\t<\/div>\n\t\t<\/section>\n\t\t\t\t<section class=\"elementor-section elementor-top-section elementor-element elementor-element-cb25cdf elementor-section-boxed elementor-section-height-default elementor-section-height-default\" data-id=\"cb25cdf\" data-element_type=\"section\">\n\t\t\t\t\t\t<div class=\"elementor-container elementor-column-gap-default\">\n\t\t\t\t\t<div class=\"elementor-column elementor-col-100 elementor-top-column elementor-element elementor-element-5306616\" data-id=\"5306616\" data-element_type=\"column\">\n\t\t\t<div class=\"elementor-widget-wrap elementor-element-populated\">\n\t\t\t\t\t\t<div class=\"elementor-element elementor-element-d3cf3a9 elementor-widget elementor-widget-text-editor\" data-id=\"d3cf3a9\" data-element_type=\"widget\" data-widget_type=\"text-editor.default\">\n\t\t\t\t<div class=\"elementor-widget-container\">\n\t\t\t\t\t\t\t\t\t<p>Flubetech, S.L. es dedica al desenvolupament, producci\u00f3 i comercialitzaci\u00f3 de recobriments especialitzats basats en tecnologies avan\u00e7ades de deposici\u00f3 en fase vapor. Aquestes tecnologies ofereixen solucions innovadores als desafiaments actuals de la ind\u00fastria, prioritzant el respecte al medi ambient com un dels pilars fonamentals de la nostra activitat.<\/p><p>Flubetech, S.L. \u00e9s un referent en innovaci\u00f3 en sectors com l&#8217;automoci\u00f3, l&#8217;aeron\u00e0utica, la biomedicina i la fabricaci\u00f3 de components, proporcionant solucions espec\u00edfiques adaptades a les necessitats de cada client.<\/p><p>Gestionar la qualitat \u00e9s gestionar la satisfacci\u00f3 i millorar l&#8217;atenci\u00f3 personal al client. Per aquest motiu, apostem per la formaci\u00f3 cont\u00ednua d\u2019un equip amb una gran capacitat t\u00e8cnica que proporciona als nostres clients les solucions adequades a les seves necessitats. Tot l&#8217;equip, sense excepci\u00f3, \u00e9s responsable de vetllar per la qualitat dels nostres productes i serveis.<\/p><p>L\u2019empresa es basa en un Sistema de Gesti\u00f3 de Qualitat orientat a la millora cont\u00ednua. Aquest sistema ens permet promoure la millora cont\u00ednua de l&#8217;efic\u00e0cia de les nostres operacions, minimitzar els riscos i fomentar un entorn de treball saludable i col\u00b7laboratiu que contribueixi a un clima laboral positiu.<\/p><p>Els elements diferenciadors de Flubetech, S.L. s\u00f3n: l&#8217;aplicaci\u00f3 innovadora de recobriments avan\u00e7ats, la filosofia d&#8217;innovaci\u00f3 tecnol\u00f2gica cont\u00ednua, un ferm comprom\u00eds amb l&#8217;excel\u00b7l\u00e8ncia en la qualitat dels nostres serveis i el compliment dels requisits legals i normatius, aix\u00ed com de les necessitats espec\u00edfiques dels nostres clients.<\/p><p>Actualment, comptem amb un equip directiu fermament comprom\u00e8s amb l&#8217;expansi\u00f3 de Flubetech, S.L. tant a nivell nacional com internacional, assegurant el creixement sostenible de l\u2019empresa.<\/p><p><strong>Carles Colominas<\/strong><br \/><strong>Director General<\/strong><br \/><strong>21 de novembre de 2024<\/strong><\/p>\t\t\t\t\t\t\t\t<\/div>\n\t\t\t\t<\/div>\n\t\t\t\t\t<\/div>\n\t\t<\/div>\n\t\t\t\t\t<\/div>\n\t\t<\/section>\n\t\t\t\t<section class=\"elementor-section elementor-top-section elementor-element elementor-element-c0153e9 elementor-section-boxed elementor-section-height-default elementor-section-height-default\" data-id=\"c0153e9\" data-element_type=\"section\">\n\t\t\t\t\t\t<div class=\"elementor-container elementor-column-gap-default\">\n\t\t\t\t\t<div class=\"elementor-column elementor-col-50 elementor-top-column elementor-element elementor-element-ec03cfe\" data-id=\"ec03cfe\" data-element_type=\"column\">\n\t\t\t<div class=\"elementor-widget-wrap elementor-element-populated\">\n\t\t\t\t\t\t<div class=\"elementor-element elementor-element-6bf51bd elementor-widget elementor-widget-image\" data-id=\"6bf51bd\" data-element_type=\"widget\" data-widget_type=\"image.default\">\n\t\t\t\t<div class=\"elementor-widget-container\">\n\t\t\t\t\t\t\t\t\t\t\t\t\t\t\t\t<a href=\"https:\/\/flubetech.com\/wp-content\/uploads\/2024\/12\/FLUBETECH-ISO-13485.pdf\" target=\"_blank\" rel=\"nofollow\" download=\"\">\n\t\t\t\t\t\t\t<img fetchpriority=\"high\" decoding=\"async\" width=\"709\" height=\"836\" src=\"https:\/\/flubetech.com\/wp-content\/uploads\/2024\/12\/13485_SGQ-MED_sg04.jpg\" class=\"attachment-full size-full wp-image-6571\" alt=\"\" srcset=\"https:\/\/flubetech.com\/wp-content\/uploads\/2024\/12\/13485_SGQ-MED_sg04.jpg 709w, https:\/\/flubetech.com\/wp-content\/uploads\/2024\/12\/13485_SGQ-MED_sg04-254x300.jpg 254w, https:\/\/flubetech.com\/wp-content\/uploads\/2024\/12\/13485_SGQ-MED_sg04-600x707.jpg 600w\" sizes=\"(max-width: 709px) 100vw, 709px\" \/>\t\t\t\t\t\t\t\t<\/a>\n\t\t\t\t\t\t\t\t\t\t\t\t\t\t\t<\/div>\n\t\t\t\t<\/div>\n\t\t\t\t\t<\/div>\n\t\t<\/div>\n\t\t\t\t<div class=\"elementor-column elementor-col-50 elementor-top-column elementor-element elementor-element-87dfc39\" data-id=\"87dfc39\" data-element_type=\"column\">\n\t\t\t<div class=\"elementor-widget-wrap elementor-element-populated\">\n\t\t\t\t\t\t<div class=\"elementor-element elementor-element-eb4c8df elementor-widget elementor-widget-image\" data-id=\"eb4c8df\" data-element_type=\"widget\" data-widget_type=\"image.default\">\n\t\t\t\t<div class=\"elementor-widget-container\">\n\t\t\t\t\t\t\t\t\t\t\t\t\t\t\t\t<a href=\"https:\/\/flubetech.com\/wp-content\/uploads\/2024\/12\/FLUBETECH-ISO-9001.pdf\" target=\"_blank\" rel=\"nofollow\" download=\"\">\n\t\t\t\t\t\t\t<img decoding=\"async\" width=\"709\" height=\"836\" src=\"https:\/\/flubetech.com\/wp-content\/uploads\/2024\/12\/9001_SGQ_sg01.jpg\" class=\"attachment-full size-full wp-image-6565\" alt=\"\" srcset=\"https:\/\/flubetech.com\/wp-content\/uploads\/2024\/12\/9001_SGQ_sg01.jpg 709w, https:\/\/flubetech.com\/wp-content\/uploads\/2024\/12\/9001_SGQ_sg01-254x300.jpg 254w, https:\/\/flubetech.com\/wp-content\/uploads\/2024\/12\/9001_SGQ_sg01-600x707.jpg 600w\" sizes=\"(max-width: 709px) 100vw, 709px\" \/>\t\t\t\t\t\t\t\t<\/a>\n\t\t\t\t\t\t\t\t\t\t\t\t\t\t\t<\/div>\n\t\t\t\t<\/div>\n\t\t\t\t\t<\/div>\n\t\t<\/div>\n\t\t\t\t\t<\/div>\n\t\t<\/section>\n\t\t\t\t<section class=\"elementor-section elementor-top-section elementor-element elementor-element-770b321 elementor-section-boxed elementor-section-height-default elementor-section-height-default\" data-id=\"770b321\" data-element_type=\"section\">\n\t\t\t\t\t\t<div class=\"elementor-container elementor-column-gap-default\">\n\t\t\t\t\t<div class=\"elementor-column elementor-col-100 elementor-top-column elementor-element elementor-element-b89717f\" data-id=\"b89717f\" data-element_type=\"column\">\n\t\t\t<div class=\"elementor-widget-wrap elementor-element-populated\">\n\t\t\t\t\t\t<div class=\"elementor-element elementor-element-f94df06 elementor-mobile-align-center elementor-align-center elementor-widget elementor-widget-button\" data-id=\"f94df06\" data-element_type=\"widget\" data-widget_type=\"button.default\">\n\t\t\t\t<div class=\"elementor-widget-container\">\n\t\t\t\t\t\t\t\t\t<div class=\"elementor-button-wrapper\">\n\t\t\t\t\t<a class=\"elementor-button elementor-button-link elementor-size-sm\" href=\"https:\/\/flubetech.com\/wp-content\/uploads\/2024\/12\/Politica-de-qualitat_V4_CAT.pdf\" target=\"_blank\" rel=\"nofollow\" download=\"\">\n\t\t\t\t\t\t<span class=\"elementor-button-content-wrapper\">\n\t\t\t\t\t\t\t\t\t<span class=\"elementor-button-text\">DESC\u00c0RREGA LA NOSTRA POL\u00cdTICA DE QUALITAT<\/span>\n\t\t\t\t\t<\/span>\n\t\t\t\t\t<\/a>\n\t\t\t\t<\/div>\n\t\t\t\t\t\t\t\t<\/div>\n\t\t\t\t<\/div>\n\t\t\t\t\t<\/div>\n\t\t<\/div>\n\t\t\t\t\t<\/div>\n\t\t<\/section>\n\t\t\t\t<\/div>\n\t\t","protected":false},"excerpt":{"rendered":"<p>POLITICA DE QUALITAT Flubetech, S.L. es dedica al desenvolupament, producci\u00f3 i comercialitzaci\u00f3 de recobriments especialitzats basats en tecnologies avan\u00e7ades de deposici\u00f3 en fase vapor. Aquestes tecnologies ofereixen solucions innovadores als desafiaments actuals de la ind\u00fastria, prioritzant el respecte al medi ambient com un dels pilars fonamentals de la nostra activitat. Flubetech, S.L. \u00e9s un referent [&hellip;]<\/p>\n","protected":false},"author":1,"featured_media":0,"parent":0,"menu_order":0,"comment_status":"closed","ping_status":"closed","template":"","meta":{"site-sidebar-layout":"no-sidebar","site-content-layout":"page-builder","ast-site-content-layout":"full-width-container","site-content-style":"default","site-sidebar-style":"default","ast-global-header-display":"","ast-banner-title-visibility":"","ast-main-header-display":"","ast-hfb-above-header-display":"","ast-hfb-below-header-display":"","ast-hfb-mobile-header-display":"","site-post-title":"disabled","ast-breadcrumbs-content":"","ast-featured-img":"disabled","footer-sml-layout":"","theme-transparent-header-meta":"default","adv-header-id-meta":"","stick-header-meta":"","header-above-stick-meta":"","header-main-stick-meta":"","header-below-stick-meta":"","astra-migrate-meta-layouts":"set","ast-page-background-enabled":"default","ast-page-background-meta":{"desktop":{"background-color":"var(--ast-global-color-4)","background-image":"","background-repeat":"repeat","background-position":"center center","background-size":"auto","background-attachment":"scroll","background-type":"","background-media":"","overlay-type":"","overlay-color":"","overlay-opacity":"","overlay-gradient":""},"tablet":{"background-color":"","background-image":"","background-repeat":"repeat","background-position":"center center","background-size":"auto","background-attachment":"scroll","background-type":"","background-media":"","overlay-type":"","overlay-color":"","overlay-opacity":"","overlay-gradient":""},"mobile":{"background-color":"","background-image":"","background-repeat":"repeat","background-position":"center center","background-size":"auto","background-attachment":"scroll","background-type":"","background-media":"","overlay-type":"","overlay-color":"","overlay-opacity":"","overlay-gradient":""}},"ast-content-background-meta":{"desktop":{"background-color":"var(--ast-global-color-5)","background-image":"","background-repeat":"repeat","background-position":"center center","background-size":"auto","background-attachment":"scroll","background-type":"","background-media":"","overlay-type":"","overlay-color":"","overlay-opacity":"","overlay-gradient":""},"tablet":{"background-color":"var(--ast-global-color-5)","background-image":"","background-repeat":"repeat","background-position":"center center","background-size":"auto","background-attachment":"scroll","background-type":"","background-media":"","overlay-type":"","overlay-color":"","overlay-opacity":"","overlay-gradient":""},"mobile":{"background-color":"var(--ast-global-color-5)","background-image":"","background-repeat":"repeat","background-position":"center center","background-size":"auto","background-attachment":"scroll","background-type":"","background-media":"","overlay-type":"","overlay-color":"","overlay-opacity":"","overlay-gradient":""}},"footnotes":""},"class_list":["post-6639","page","type-page","status-publish","hentry"],"_links":{"self":[{"href":"https:\/\/flubetech.com\/ca\/wp-json\/wp\/v2\/pages\/6639","targetHints":{"allow":["GET"]}}],"collection":[{"href":"https:\/\/flubetech.com\/ca\/wp-json\/wp\/v2\/pages"}],"about":[{"href":"https:\/\/flubetech.com\/ca\/wp-json\/wp\/v2\/types\/page"}],"author":[{"embeddable":true,"href":"https:\/\/flubetech.com\/ca\/wp-json\/wp\/v2\/users\/1"}],"replies":[{"embeddable":true,"href":"https:\/\/flubetech.com\/ca\/wp-json\/wp\/v2\/comments?post=6639"}],"version-history":[{"count":22,"href":"https:\/\/flubetech.com\/ca\/wp-json\/wp\/v2\/pages\/6639\/revisions"}],"predecessor-version":[{"id":7105,"href":"https:\/\/flubetech.com\/ca\/wp-json\/wp\/v2\/pages\/6639\/revisions\/7105"}],"wp:attachment":[{"href":"https:\/\/flubetech.com\/ca\/wp-json\/wp\/v2\/media?parent=6639"}],"curies":[{"name":"wp","href":"https:\/\/api.w.org\/{rel}","templated":true}]}}