{"id":4023,"date":"2022-08-12T00:35:01","date_gmt":"2022-09-07T00:25:54","guid":{"rendered":"https:\/\/flubetech.com\/?post_type=product&#038;p=4023"},"modified":"2022-09-16T16:58:14","modified_gmt":"2022-09-16T16:58:14","slug":"hyperlox","status":"publish","type":"product","link":"https:\/\/flubetech.com\/ca\/Producte\/hyperlox\/","title":{"rendered":"HYPERLOX"},"content":{"rendered":"<p><strong>VERSATILITAT CONTRA EL DESGAST<\/strong><\/p>\n<ul>\n<li>Alta duresa i resist\u00e8ncia al desgast.<\/li>\n<li>Alta resist\u00e8ncia a la temperatura.<\/li>\n<li>Fresat, ranurat, escairat.<\/li>\n<\/ul>\n<p><a href=\"https:\/\/flubetech.com\/wp-content\/uploads\/2022\/09\/FULL-TECNIC-GAMA-HYPERLOX.pdf\" target=\"_blank\" rel=\"noopener\"><span style=\"color: #9f1e27;\"><strong>DESCARGAR FITXA T\u00c8CNICA<\/strong><\/span><\/a><\/p>\n","protected":false},"excerpt":{"rendered":"<p>VERSATILITAT CONTRA EL DESGAST Alta duresa i resist\u00e8ncia al desgast. Alta resist\u00e8ncia a la temperatura. Fresat, ranurat, escairat. DESCARGAR FITXA T\u00c8CNICA<\/p>\n","protected":false},"featured_media":4913,"template":"","meta":{"site-sidebar-layout":"default","site-content-layout":"default","ast-site-content-layout":"default","site-content-style":"default","site-sidebar-style":"default","ast-global-header-display":"","ast-banner-title-visibility":"","ast-main-header-display":"","ast-hfb-above-header-display":"","ast-hfb-below-header-display":"","ast-hfb-mobile-header-display":"","site-post-title":"","ast-breadcrumbs-content":"","ast-featured-img":"","footer-sml-layout":"","theme-transparent-header-meta":"default","adv-header-id-meta":"","stick-header-meta":"","header-above-stick-meta":"","header-main-stick-meta":"","header-below-stick-meta":"","astra-migrate-meta-layouts":"default","ast-page-background-enabled":"default","ast-page-background-meta":{"desktop":{"background-color":"var(--ast-global-color-4)","background-image":"","background-repeat":"repeat","background-position":"center center","background-size":"auto","background-attachment":"scroll","background-type":"","background-media":"","overlay-type":"","overlay-color":"","overlay-opacity":"","overlay-gradient":""},"tablet":{"background-color":"","background-image":"","background-repeat":"repeat","background-position":"center center","background-size":"auto","background-attachment":"scroll","background-type":"","background-media":"","overlay-type":"","overlay-color":"","overlay-opacity":"","overlay-gradient":""},"mobile":{"background-color":"","background-image":"","background-repeat":"repeat","background-position":"center center","background-size":"auto","background-attachment":"scroll","background-type":"","background-media":"","overlay-type":"","overlay-color":"","overlay-opacity":"","overlay-gradient":""}},"ast-content-background-meta":{"desktop":{"background-color":"var(--ast-global-color-5)","background-image":"","background-repeat":"repeat","background-position":"center center","background-size":"auto","background-attachment":"scroll","background-type":"","background-media":"","overlay-type":"","overlay-color":"","overlay-opacity":"","overlay-gradient":""},"tablet":{"background-color":"var(--ast-global-color-5)","background-image":"","background-repeat":"repeat","background-position":"center center","background-size":"auto","background-attachment":"scroll","background-type":"","background-media":"","overlay-type":"","overlay-color":"","overlay-opacity":"","overlay-gradient":""},"mobile":{"background-color":"var(--ast-global-color-5)","background-image":"","background-repeat":"repeat","background-position":"center center","background-size":"auto","background-attachment":"scroll","background-type":"","background-media":"","overlay-type":"","overlay-color":"","overlay-opacity":"","overlay-gradient":""}}},"product_brand":[],"product_cat":[1266,1294,1363,1393,1398,1368,1376,1377,1515,1540,1545,1550],"product_tag":[],"class_list":{"0":"post-4023","1":"product","2":"type-product","3":"status-publish","4":"has-post-thumbnail","6":"product_cat-acer-bonificat","7":"product_cat-acer-recollit","8":"product_cat-desbast","9":"product_cat-eina-cilindrica","10":"product_cat-eina-de-tall","11":"product_cat-escariat","12":"product_cat-fresat","13":"product_cat-fundicio","14":"product_cat-plaquita-intercanviable","15":"product_cat-ranurat","16":"product_cat-roscat","17":"product_cat-trepant","18":"desktop-align-left","19":"tablet-align-left","20":"mobile-align-left","22":"first","23":"instock","24":"shipping-taxable","25":"product-type-simple"},"_links":{"self":[{"href":"https:\/\/flubetech.com\/ca\/wp-json\/wp\/v2\/product\/4023","targetHints":{"allow":["GET"]}}],"collection":[{"href":"https:\/\/flubetech.com\/ca\/wp-json\/wp\/v2\/product"}],"about":[{"href":"https:\/\/flubetech.com\/ca\/wp-json\/wp\/v2\/types\/product"}],"wp:featuredmedia":[{"embeddable":true,"href":"https:\/\/flubetech.com\/ca\/wp-json\/wp\/v2\/media\/4913"}],"wp:attachment":[{"href":"https:\/\/flubetech.com\/ca\/wp-json\/wp\/v2\/media?parent=4023"}],"wp:term":[{"taxonomy":"product_brand","embeddable":true,"href":"https:\/\/flubetech.com\/ca\/wp-json\/wp\/v2\/product_brand?post=4023"},{"taxonomy":"product_cat","embeddable":true,"href":"https:\/\/flubetech.com\/ca\/wp-json\/wp\/v2\/product_cat?post=4023"},{"taxonomy":"product_tag","embeddable":true,"href":"https:\/\/flubetech.com\/ca\/wp-json\/wp\/v2\/product_tag?post=4023"}],"curies":[{"name":"wp","href":"https:\/\/api.w.org\/{rel}","templated":true}]}}