{"id":2422,"date":"2022-08-25T21:27:27","date_gmt":"2022-08-25T21:27:27","guid":{"rendered":"https:\/\/flubetech.com\/?page_id=2422"},"modified":"2022-09-08T04:28:32","modified_gmt":"2022-09-08T04:28:32","slug":"legal-warning","status":"publish","type":"page","link":"https:\/\/flubetech.com\/en\/legal-warning\/","title":{"rendered":"Legal warning"},"content":{"rendered":"\t\t<div data-elementor-type=\"wp-page\" data-elementor-id=\"2422\" class=\"elementor elementor-2422 elementor-1323\" data-elementor-post-type=\"page\">\n\t\t\t\t\t\t<section class=\"elementor-section elementor-top-section elementor-element elementor-element-56bd5a4 elementor-section-full_width elementor-section-stretched elementor-section-height-default elementor-section-height-default\" data-id=\"56bd5a4\" data-element_type=\"section\" data-settings=\"{&quot;stretch_section&quot;:&quot;section-stretched&quot;}\">\n\t\t\t\t\t\t<div class=\"elementor-container elementor-column-gap-default\">\n\t\t\t\t\t<div class=\"elementor-column elementor-col-100 elementor-top-column elementor-element elementor-element-dd0874c\" data-id=\"dd0874c\" data-element_type=\"column\">\n\t\t\t<div class=\"elementor-widget-wrap elementor-element-populated\">\n\t\t\t\t\t\t<div class=\"elementor-element elementor-element-7a7311e elementor--h-position-right elementor--v-position-middle elementor-pagination-position-inside elementor-widget elementor-widget-slides\" data-id=\"7a7311e\" data-element_type=\"widget\" data-settings=\"{&quot;navigation&quot;:&quot;dots&quot;,&quot;autoplay&quot;:&quot;yes&quot;,&quot;pause_on_hover&quot;:&quot;yes&quot;,&quot;pause_on_interaction&quot;:&quot;yes&quot;,&quot;autoplay_speed&quot;:5000,&quot;infinite&quot;:&quot;yes&quot;,&quot;transition&quot;:&quot;slide&quot;,&quot;transition_speed&quot;:500}\" data-widget_type=\"slides.default\">\n\t\t\t\t<div class=\"elementor-widget-container\">\n\t\t\t\t\t\t\t\t\t<div class=\"elementor-swiper\">\n\t\t\t\t\t<div class=\"elementor-slides-wrapper elementor-main-swiper swiper\" role=\"region\" aria-roledescription=\"carousel\" aria-label=\"Slides\" dir=\"ltr\" data-animation=\"fadeInUp\">\n\t\t\t\t<div class=\"swiper-wrapper elementor-slides\">\n\t\t\t\t\t\t\t\t\t\t<div class=\"elementor-repeater-item-f35e35f swiper-slide\" role=\"group\" aria-roledescription=\"slide\"><div class=\"swiper-slide-bg\" role=\"img\" aria-label=\"CONTACTO_1\"><\/div><div class=\"swiper-slide-inner\" ><div class=\"swiper-slide-contents\"><div class=\"elementor-slide-description\">LEGAL WARNING<\/div><\/div><\/div><\/div>\t\t\t\t<\/div>\n\t\t\t\t\t\t\t<\/div>\n\t\t\t\t<\/div>\n\t\t\t\t\t\t\t\t<\/div>\n\t\t\t\t<\/div>\n\t\t\t\t\t<\/div>\n\t\t<\/div>\n\t\t\t\t\t<\/div>\n\t\t<\/section>\n\t\t\t\t<section class=\"elementor-section elementor-top-section elementor-element elementor-element-bf37325 elementor-section-boxed elementor-section-height-default elementor-section-height-default\" data-id=\"bf37325\" data-element_type=\"section\">\n\t\t\t\t\t\t<div class=\"elementor-container elementor-column-gap-default\">\n\t\t\t\t\t<div class=\"elementor-column elementor-col-100 elementor-top-column elementor-element elementor-element-36fcf13\" data-id=\"36fcf13\" data-element_type=\"column\">\n\t\t\t<div class=\"elementor-widget-wrap elementor-element-populated\">\n\t\t\t\t\t\t<div class=\"elementor-element elementor-element-acc5344 elementor-widget elementor-widget-text-editor\" data-id=\"acc5344\" data-element_type=\"widget\" data-widget_type=\"text-editor.default\">\n\t\t\t\t<div class=\"elementor-widget-container\">\n\t\t\t\t\t\t\t\t\t<p>FLUBETECH, SL, holder of tax number (CIF) B64165632, of address at C\/ MONTSI\u00c0 23, POL\u00cdGONO INDUSTRIAL CAN CARNER, 08211, CASTELLAR DEL VALL\u00c9S, BARCELONA, hereby declines all liability arising from the incorrect, inappropriate or illegal use of the information given on the website at <u>www.flubetech.com<\/u>. It also declines all liability arising from the lack of completeness, updating, truthfulness and accuracy of the data or information contained therein, within the corresponding legal limits.<\/p><p>The information and contents do not constitute opinions, tips or legal advice of any kind; nor are they binding for FLUBETECH, SL, as the service is merely for information and communication purposes.<\/p><p><u>www.flubetech.com<\/u> may contain links to other third-party websites that cannot be controlled by FLUBETECH, SL, where the latter hereby declines all responsibility for the content that may appear on said sites.<\/p><p>The texts, images, sounds, animations, software and other content included on <u>www.flubetech.com<\/u> are the property of FLUBETECH, SL or the corresponding licensors. Any act of transmission, distribution, reproduction, transfer, storage or public communication, whether total or partial, must be expressly agreed to by FLUBETECH, SL.<\/p><p>Finally, in order to access certain services offered by FLUBETECH, SL through <u>www.flubetech.com<\/u>, personal data must be provided. In compliance with Regulation (EU) 2016\/679 of the European Parliament and of the Council of 27 April 2016 on the protection of individuals with regard to the processing of personal data and the free movement of such data, we inform you that the data you provide on the website forms will be included in the files of FLUBETECH, SL and processed in order to provide services and inform you of improvements to <u>www.flubetech.com<\/u>. Users may exercise their rights of access, rectification, cancellation, opposition, limitation of processing and portability by sending an e-mail to <u>info@flubetech.com<\/u> or writing to C\/ MONTSI\u00c0 23, POL\u00cdGONO INDUSTRIAL CAN CARNER, 08211, CASTELLAR DEL VALL\u00c9S, BARCELONA.<\/p><p>\u00a0<\/p>\t\t\t\t\t\t\t\t<\/div>\n\t\t\t\t<\/div>\n\t\t\t\t\t<\/div>\n\t\t<\/div>\n\t\t\t\t\t<\/div>\n\t\t<\/section>\n\t\t\t\t<\/div>\n\t\t","protected":false},"excerpt":{"rendered":"<p>LEGAL WARNING FLUBETECH, SL, holder of tax number (CIF) B64165632, of address at C\/ MONTSI\u00c0 23, POL\u00cdGONO INDUSTRIAL CAN CARNER, 08211, CASTELLAR DEL VALL\u00c9S, BARCELONA, hereby declines all liability arising from the incorrect, inappropriate or illegal use of the information given on the website at www.flubetech.com. It also declines all liability arising from the lack [&hellip;]<\/p>\n","protected":false},"author":1,"featured_media":0,"parent":0,"menu_order":0,"comment_status":"closed","ping_status":"closed","template":"elementor_header_footer","meta":{"site-sidebar-layout":"no-sidebar","site-content-layout":"page-builder","ast-site-content-layout":"default","site-content-style":"default","site-sidebar-style":"default","ast-global-header-display":"","ast-banner-title-visibility":"","ast-main-header-display":"","ast-hfb-above-header-display":"","ast-hfb-below-header-display":"","ast-hfb-mobile-header-display":"","site-post-title":"disabled","ast-breadcrumbs-content":"","ast-featured-img":"disabled","footer-sml-layout":"","theme-transparent-header-meta":"default","adv-header-id-meta":"","stick-header-meta":"","header-above-stick-meta":"","header-main-stick-meta":"","header-below-stick-meta":"","astra-migrate-meta-layouts":"default","ast-page-background-enabled":"default","ast-page-background-meta":{"desktop":{"background-color":"var(--ast-global-color-4)","background-image":"","background-repeat":"repeat","background-position":"center center","background-size":"auto","background-attachment":"scroll","background-type":"","background-media":"","overlay-type":"","overlay-color":"","overlay-opacity":"","overlay-gradient":""},"tablet":{"background-color":"","background-image":"","background-repeat":"repeat","background-position":"center center","background-size":"auto","background-attachment":"scroll","background-type":"","background-media":"","overlay-type":"","overlay-color":"","overlay-opacity":"","overlay-gradient":""},"mobile":{"background-color":"","background-image":"","background-repeat":"repeat","background-position":"center center","background-size":"auto","background-attachment":"scroll","background-type":"","background-media":"","overlay-type":"","overlay-color":"","overlay-opacity":"","overlay-gradient":""}},"ast-content-background-meta":{"desktop":{"background-color":"var(--ast-global-color-5)","background-image":"","background-repeat":"repeat","background-position":"center center","background-size":"auto","background-attachment":"scroll","background-type":"","background-media":"","overlay-type":"","overlay-color":"","overlay-opacity":"","overlay-gradient":""},"tablet":{"background-color":"var(--ast-global-color-5)","background-image":"","background-repeat":"repeat","background-position":"center center","background-size":"auto","background-attachment":"scroll","background-type":"","background-media":"","overlay-type":"","overlay-color":"","overlay-opacity":"","overlay-gradient":""},"mobile":{"background-color":"var(--ast-global-color-5)","background-image":"","background-repeat":"repeat","background-position":"center center","background-size":"auto","background-attachment":"scroll","background-type":"","background-media":"","overlay-type":"","overlay-color":"","overlay-opacity":"","overlay-gradient":""}},"footnotes":""},"class_list":["post-2422","page","type-page","status-publish","hentry"],"_links":{"self":[{"href":"https:\/\/flubetech.com\/en\/wp-json\/wp\/v2\/pages\/2422","targetHints":{"allow":["GET"]}}],"collection":[{"href":"https:\/\/flubetech.com\/en\/wp-json\/wp\/v2\/pages"}],"about":[{"href":"https:\/\/flubetech.com\/en\/wp-json\/wp\/v2\/types\/page"}],"author":[{"embeddable":true,"href":"https:\/\/flubetech.com\/en\/wp-json\/wp\/v2\/users\/1"}],"replies":[{"embeddable":true,"href":"https:\/\/flubetech.com\/en\/wp-json\/wp\/v2\/comments?post=2422"}],"version-history":[{"count":7,"href":"https:\/\/flubetech.com\/en\/wp-json\/wp\/v2\/pages\/2422\/revisions"}],"predecessor-version":[{"id":4393,"href":"https:\/\/flubetech.com\/en\/wp-json\/wp\/v2\/pages\/2422\/revisions\/4393"}],"wp:attachment":[{"href":"https:\/\/flubetech.com\/en\/wp-json\/wp\/v2\/media?parent=2422"}],"curies":[{"name":"wp","href":"https:\/\/api.w.org\/{rel}","templated":true}]}}