{"id":2436,"date":"2022-08-25T21:32:52","date_gmt":"2022-08-25T21:32:52","guid":{"rendered":"https:\/\/flubetech.com\/?page_id=2436"},"modified":"2022-10-05T22:18:33","modified_gmt":"2022-10-05T22:18:33","slug":"privacy-policies","status":"publish","type":"page","link":"https:\/\/flubetech.com\/en\/privacy-policies\/","title":{"rendered":"Privacy policies"},"content":{"rendered":"\t\t<div data-elementor-type=\"wp-page\" data-elementor-id=\"2436\" class=\"elementor elementor-2436 elementor-1346\" data-elementor-post-type=\"page\">\n\t\t\t\t\t\t<section class=\"elementor-section elementor-top-section elementor-element elementor-element-a6c2966 elementor-section-full_width elementor-section-stretched elementor-section-height-default elementor-section-height-default\" data-id=\"a6c2966\" data-element_type=\"section\" data-settings=\"{&quot;stretch_section&quot;:&quot;section-stretched&quot;}\">\n\t\t\t\t\t\t<div class=\"elementor-container elementor-column-gap-default\">\n\t\t\t\t\t<div class=\"elementor-column elementor-col-100 elementor-top-column elementor-element elementor-element-b5a2df7\" data-id=\"b5a2df7\" data-element_type=\"column\">\n\t\t\t<div class=\"elementor-widget-wrap elementor-element-populated\">\n\t\t\t\t\t\t<div class=\"elementor-element elementor-element-18195c1 elementor--h-position-right elementor--v-position-middle elementor-pagination-position-inside elementor-widget elementor-widget-slides\" data-id=\"18195c1\" data-element_type=\"widget\" data-settings=\"{&quot;navigation&quot;:&quot;dots&quot;,&quot;autoplay&quot;:&quot;yes&quot;,&quot;pause_on_hover&quot;:&quot;yes&quot;,&quot;pause_on_interaction&quot;:&quot;yes&quot;,&quot;autoplay_speed&quot;:5000,&quot;infinite&quot;:&quot;yes&quot;,&quot;transition&quot;:&quot;slide&quot;,&quot;transition_speed&quot;:500}\" data-widget_type=\"slides.default\">\n\t\t\t\t<div class=\"elementor-widget-container\">\n\t\t\t\t\t\t\t\t\t<div class=\"elementor-swiper\">\n\t\t\t\t\t<div class=\"elementor-slides-wrapper elementor-main-swiper swiper\" role=\"region\" aria-roledescription=\"carousel\" aria-label=\"Slides\" dir=\"ltr\" data-animation=\"fadeInUp\">\n\t\t\t\t<div class=\"swiper-wrapper elementor-slides\">\n\t\t\t\t\t\t\t\t\t\t<div class=\"elementor-repeater-item-f35e35f swiper-slide\" role=\"group\" aria-roledescription=\"slide\"><div class=\"swiper-slide-bg\" role=\"img\" aria-label=\"CONTACTO_1\"><\/div><div class=\"swiper-slide-inner\" ><div class=\"swiper-slide-contents\"><div class=\"elementor-slide-description\">PRIVACY POLICIES<\/div><\/div><\/div><\/div>\t\t\t\t<\/div>\n\t\t\t\t\t\t\t<\/div>\n\t\t\t\t<\/div>\n\t\t\t\t\t\t\t\t<\/div>\n\t\t\t\t<\/div>\n\t\t\t\t\t<\/div>\n\t\t<\/div>\n\t\t\t\t\t<\/div>\n\t\t<\/section>\n\t\t\t\t<section class=\"elementor-section elementor-top-section elementor-element elementor-element-e6d5004 elementor-section-boxed elementor-section-height-default elementor-section-height-default\" data-id=\"e6d5004\" data-element_type=\"section\">\n\t\t\t\t\t\t<div class=\"elementor-container elementor-column-gap-default\">\n\t\t\t\t\t<div class=\"elementor-column elementor-col-100 elementor-top-column elementor-element elementor-element-5ffe26c\" data-id=\"5ffe26c\" data-element_type=\"column\">\n\t\t\t<div class=\"elementor-widget-wrap elementor-element-populated\">\n\t\t\t\t\t\t<div class=\"elementor-element elementor-element-b864380 elementor-widget elementor-widget-text-editor\" data-id=\"b864380\" data-element_type=\"widget\" data-widget_type=\"text-editor.default\">\n\t\t\t\t<div class=\"elementor-widget-container\">\n\t\t\t\t\t\t\t\t\t<p><strong>DATA CONTROLLERS<\/strong><\/p><p><strong>COMPANY<\/strong>: FLUBETECH, SL<\/p><p><strong>TAX NUMBER (CIF)<\/strong>: B64165632<\/p><p><strong>ADDRESS<\/strong>: C\/ MONTSI\u00c0 23, POL\u00cdGONO INDUSTRIAL CAN CARNER, 08211, CASTELLAR DEL VALL\u00c9S, BARCELONA<\/p><p><strong>TEL.<\/strong> FLUBETECH, SL<\/p><p><strong>EMAIL<\/strong>: <a href=\"mailto:info@flubetech.com\">info@flubetech.com<\/a><\/p><p><strong>COMPANIES REGISTRY<\/strong> Vol. 43432, Folio 193, Section 8, Page B 327206, Entry 14, BARCELONA<\/p><p>PURPOSE OF PROCESSING AND LEGITIMACY<\/p><p><strong>Why do we process your data and what is our legitimate basis?<\/strong><\/p><p>FLUBETECH, SL processes personal data collected directly from the data subject for the following purposes:<\/p><ul><li>to manage existing business relationships;<\/li><li>to respond to web-based requests for information; and<\/li><li>through each data collection form, we may also seek users&#8217; consent to send commercial communications.<\/li><\/ul><p>Users may oppose the sending of commercial communications by any means and at any time by e-mail to info@flubetech.com.<\/p><p><strong>For how long will we process your data?<\/strong><\/p><p>Personal data will be kept for the duration of the commercial relationship and will be deleted when it is no longer necessary or relevant for the indicated purposes.<\/p><p><strong>INTELLECTUAL PROPERTY<\/strong><\/p><p>FLUBETECH, SL is the owner of all copyrights and intellectual and industrial property and other rights related to the content of the website at www.flubetech.com, the services provided, the programmes necessary for its implementation and related information.<\/p><p>Reproduction, publication and\/or non-private use of all or part of the contents is prohibited without written consent.<\/p><p><strong>SOCIAL MEDIA<\/strong><\/p><p>FLUBETECH, SL uses social media, and access to and the use thereof requires the acceptance of the general conditions for the use of media. When users access or use the official page of FLUBETECH, SL on social media, they are giving their consent to and acceptance of these conditions.<\/p><p><strong>Which uses are permitted and which are prohibited?<\/strong><\/p><p>FLUBETECH, SL&#8217;s social media provide users with a space in which they can publish, exchange content and information and make contact with other users. Users are obliged to make reasonable use of the social media of FLUBETECH, SL and their contents, and they are exclusively responsible for the information, images, opinions, allusions or content they disclose, transmit, host, make available or display on the official website.<\/p><p>It is forbidden to use the official social media page of FLUBETECH, SL for illegal or unauthorised purposes, whether for economic purposes or otherwise.<\/p><p><strong>DISCLAIMER<\/strong><\/p><p>On its website, FLUBETECH, SL displays content about its business, products, structure, management and equipment as is typical of a corporate website, declining all liability for damages caused by access to the content, information, advertising, concepts and images provided to users.<\/p><p>FLUBETECH, SL hereby declines all liability for:<\/p><ul><li>malicious use of a website by a user;<\/li><li>the continuity of the website contents;<\/li><li>viruses and\/or other components that may be damaging for the website or server, both when viewing contents and downloading them;<\/li><li>damage caused by vulnerability at <u>flubetech.com<\/u>;<\/li><li>the contents and services provided by other websites that are accessible through <u>flubetech.com<\/u>;<\/li><li>the performance of the content hosted by <u>flubetech.com<\/u>;<\/li><li>the malfunctioning of software necessary for viewing or listening to content hosted on the website;<\/li><li>damage or harm caused by any user infringing the conditions, instructions and rules FLUBETECH, SL sets forth on its website;<\/li><li>actions that may violate the rights of third parties, in particular those relating to image and intellectual or industrial property;<\/li><li>the editing, censorship, review and verification of Internet content accessed by the user by means of the search engine or hyperlinks available on <u>flubetech.com<\/u>.<strong style=\"font-size: 16px;\">\u00a0<\/strong><\/li><\/ul><p><strong>Disclaimer for the operation of the website<\/strong><\/p><p>FLUBETECH, SL may make corrections, improvements or modifications to the information contained in the website, where such corrections, improvements or modifications may not give rise to any claim or compensation whatsoever, or imply recognition of any liability whatsoever.<\/p><p>The company also declines liability for any damages arising from the availability and technical continuity of the website operation, and will take all necessary actions to restore its services in the event of a technical fault.<\/p><p><strong>COMMERCIAL COMMUNICATIONS<\/strong><\/p><p>In accordance with the Law on Information Society Services and Electronic Commerce, FLUBETECH, SL will not send advertising or promotional communications by e-mail or other equivalent means of electronic communication without prior request or express authorization by the addressees thereof.<\/p><p>For pre-existing contractual relationships, FLUBETECH, SL is already authorized to send commercial communications about products and services.<strong>\u00a0<\/strong><\/p><p><strong>APPLICABLE LAWS AND JURISDICTION<\/strong><\/p><p>These conditions shall be governed by current Spanish laws applicable in Spanish territory. The parties may submit any disputes to arbitration or resort to ordinary jurisdiction in compliance with the corresponding rules on jurisdiction.<\/p>\t\t\t\t\t\t\t\t<\/div>\n\t\t\t\t<\/div>\n\t\t\t\t\t<\/div>\n\t\t<\/div>\n\t\t\t\t\t<\/div>\n\t\t<\/section>\n\t\t\t\t<\/div>\n\t\t","protected":false},"excerpt":{"rendered":"<p>PRIVACY POLICIES DATA CONTROLLERS COMPANY: FLUBETECH, SL TAX NUMBER (CIF): B64165632 ADDRESS: C\/ MONTSI\u00c0 23, POL\u00cdGONO INDUSTRIAL CAN CARNER, 08211, CASTELLAR DEL VALL\u00c9S, BARCELONA TEL. FLUBETECH, SL EMAIL: info@flubetech.com COMPANIES REGISTRY Vol. 43432, Folio 193, Section 8, Page B 327206, Entry 14, BARCELONA PURPOSE OF PROCESSING AND LEGITIMACY Why do we process your data and [&hellip;]<\/p>\n","protected":false},"author":1,"featured_media":0,"parent":0,"menu_order":0,"comment_status":"closed","ping_status":"closed","template":"elementor_header_footer","meta":{"site-sidebar-layout":"no-sidebar","site-content-layout":"page-builder","ast-site-content-layout":"default","site-content-style":"default","site-sidebar-style":"default","ast-global-header-display":"","ast-banner-title-visibility":"","ast-main-header-display":"","ast-hfb-above-header-display":"","ast-hfb-below-header-display":"","ast-hfb-mobile-header-display":"","site-post-title":"disabled","ast-breadcrumbs-content":"","ast-featured-img":"disabled","footer-sml-layout":"","theme-transparent-header-meta":"default","adv-header-id-meta":"","stick-header-meta":"","header-above-stick-meta":"","header-main-stick-meta":"","header-below-stick-meta":"","astra-migrate-meta-layouts":"default","ast-page-background-enabled":"default","ast-page-background-meta":{"desktop":{"background-color":"var(--ast-global-color-4)","background-image":"","background-repeat":"repeat","background-position":"center center","background-size":"auto","background-attachment":"scroll","background-type":"","background-media":"","overlay-type":"","overlay-color":"","overlay-opacity":"","overlay-gradient":""},"tablet":{"background-color":"","background-image":"","background-repeat":"repeat","background-position":"center center","background-size":"auto","background-attachment":"scroll","background-type":"","background-media":"","overlay-type":"","overlay-color":"","overlay-opacity":"","overlay-gradient":""},"mobile":{"background-color":"","background-image":"","background-repeat":"repeat","background-position":"center center","background-size":"auto","background-attachment":"scroll","background-type":"","background-media":"","overlay-type":"","overlay-color":"","overlay-opacity":"","overlay-gradient":""}},"ast-content-background-meta":{"desktop":{"background-color":"var(--ast-global-color-5)","background-image":"","background-repeat":"repeat","background-position":"center center","background-size":"auto","background-attachment":"scroll","background-type":"","background-media":"","overlay-type":"","overlay-color":"","overlay-opacity":"","overlay-gradient":""},"tablet":{"background-color":"var(--ast-global-color-5)","background-image":"","background-repeat":"repeat","background-position":"center center","background-size":"auto","background-attachment":"scroll","background-type":"","background-media":"","overlay-type":"","overlay-color":"","overlay-opacity":"","overlay-gradient":""},"mobile":{"background-color":"var(--ast-global-color-5)","background-image":"","background-repeat":"repeat","background-position":"center center","background-size":"auto","background-attachment":"scroll","background-type":"","background-media":"","overlay-type":"","overlay-color":"","overlay-opacity":"","overlay-gradient":""}},"footnotes":""},"class_list":["post-2436","page","type-page","status-publish","hentry"],"_links":{"self":[{"href":"https:\/\/flubetech.com\/en\/wp-json\/wp\/v2\/pages\/2436","targetHints":{"allow":["GET"]}}],"collection":[{"href":"https:\/\/flubetech.com\/en\/wp-json\/wp\/v2\/pages"}],"about":[{"href":"https:\/\/flubetech.com\/en\/wp-json\/wp\/v2\/types\/page"}],"author":[{"embeddable":true,"href":"https:\/\/flubetech.com\/en\/wp-json\/wp\/v2\/users\/1"}],"replies":[{"embeddable":true,"href":"https:\/\/flubetech.com\/en\/wp-json\/wp\/v2\/comments?post=2436"}],"version-history":[{"count":13,"href":"https:\/\/flubetech.com\/en\/wp-json\/wp\/v2\/pages\/2436\/revisions"}],"predecessor-version":[{"id":5789,"href":"https:\/\/flubetech.com\/en\/wp-json\/wp\/v2\/pages\/2436\/revisions\/5789"}],"wp:attachment":[{"href":"https:\/\/flubetech.com\/en\/wp-json\/wp\/v2\/media?parent=2436"}],"curies":[{"name":"wp","href":"https:\/\/api.w.org\/{rel}","templated":true}]}}