{"id":2734,"date":"2022-08-26T05:39:46","date_gmt":"2022-08-26T05:39:46","guid":{"rendered":"https:\/\/flubetech.com\/?page_id=2734"},"modified":"2022-09-08T04:31:05","modified_gmt":"2022-09-08T04:31:05","slug":"avis-juridique","status":"publish","type":"page","link":"https:\/\/flubetech.com\/fr\/avis-juridique\/","title":{"rendered":"AVIS JURIDIQUE"},"content":{"rendered":"\t\t<div data-elementor-type=\"wp-page\" data-elementor-id=\"2734\" class=\"elementor elementor-2734 elementor-1323\" data-elementor-post-type=\"page\">\n\t\t\t\t\t\t<section class=\"elementor-section elementor-top-section elementor-element elementor-element-56bd5a4 elementor-section-full_width elementor-section-stretched elementor-section-height-default elementor-section-height-default\" data-id=\"56bd5a4\" data-element_type=\"section\" data-settings=\"{&quot;stretch_section&quot;:&quot;section-stretched&quot;}\">\n\t\t\t\t\t\t<div class=\"elementor-container elementor-column-gap-default\">\n\t\t\t\t\t<div class=\"elementor-column elementor-col-100 elementor-top-column elementor-element elementor-element-dd0874c\" data-id=\"dd0874c\" data-element_type=\"column\">\n\t\t\t<div class=\"elementor-widget-wrap elementor-element-populated\">\n\t\t\t\t\t\t<div class=\"elementor-element elementor-element-7a7311e elementor--h-position-right elementor--v-position-middle elementor-pagination-position-inside elementor-widget elementor-widget-slides\" data-id=\"7a7311e\" data-element_type=\"widget\" data-settings=\"{&quot;navigation&quot;:&quot;dots&quot;,&quot;autoplay&quot;:&quot;yes&quot;,&quot;pause_on_hover&quot;:&quot;yes&quot;,&quot;pause_on_interaction&quot;:&quot;yes&quot;,&quot;autoplay_speed&quot;:5000,&quot;infinite&quot;:&quot;yes&quot;,&quot;transition&quot;:&quot;slide&quot;,&quot;transition_speed&quot;:500}\" data-widget_type=\"slides.default\">\n\t\t\t\t<div class=\"elementor-widget-container\">\n\t\t\t\t\t\t\t\t\t<div class=\"elementor-swiper\">\n\t\t\t\t\t<div class=\"elementor-slides-wrapper elementor-main-swiper swiper\" role=\"region\" aria-roledescription=\"carousel\" aria-label=\"Diapositives\" dir=\"ltr\" data-animation=\"fadeInUp\">\n\t\t\t\t<div class=\"swiper-wrapper elementor-slides\">\n\t\t\t\t\t\t\t\t\t\t<div class=\"elementor-repeater-item-f35e35f swiper-slide\" role=\"group\" aria-roledescription=\"slide\"><div class=\"swiper-slide-bg\" role=\"img\" aria-label=\"CONTACTO_1\"><\/div><div class=\"swiper-slide-inner\" ><div class=\"swiper-slide-contents\"><div class=\"elementor-slide-description\">MENTIONS L\u00c9GALES<\/div><\/div><\/div><\/div>\t\t\t\t<\/div>\n\t\t\t\t\t\t\t<\/div>\n\t\t\t\t<\/div>\n\t\t\t\t\t\t\t\t<\/div>\n\t\t\t\t<\/div>\n\t\t\t\t\t<\/div>\n\t\t<\/div>\n\t\t\t\t\t<\/div>\n\t\t<\/section>\n\t\t\t\t<section class=\"elementor-section elementor-top-section elementor-element elementor-element-bf37325 elementor-section-boxed elementor-section-height-default elementor-section-height-default\" data-id=\"bf37325\" data-element_type=\"section\">\n\t\t\t\t\t\t<div class=\"elementor-container elementor-column-gap-default\">\n\t\t\t\t\t<div class=\"elementor-column elementor-col-100 elementor-top-column elementor-element elementor-element-36fcf13\" data-id=\"36fcf13\" data-element_type=\"column\">\n\t\t\t<div class=\"elementor-widget-wrap elementor-element-populated\">\n\t\t\t\t\t\t<div class=\"elementor-element elementor-element-acc5344 elementor-widget elementor-widget-text-editor\" data-id=\"acc5344\" data-element_type=\"widget\" data-widget_type=\"text-editor.default\">\n\t\t\t\t<div class=\"elementor-widget-container\">\n\t\t\t\t\t\t\t\t\t<p>FLUBETECH, SL, titulaire du CIF B64165632, sise \u00e0 C\/ MONTSI\u00c0 23, POL\u00cdGONO INDUSTRIAL CAN CARNER, 08211, CASTELLAR DEL VALL\u00c9S, BARCELONE, d\u00e9cline toute responsabilit\u00e9 d\u00e9coulant d&rsquo;une utilisation incorrecte, inappropri\u00e9e ou ill\u00e9gale des informations contenues sur le site <u>www.flubetech.com<\/u>. De m\u00eame, elle d\u00e9cline toute responsabilit\u00e9 d\u00e9coulant du manque d&rsquo;int\u00e9grit\u00e9, de mise \u00e0 jour, de v\u00e9racit\u00e9 et d&rsquo;exactitude des donn\u00e9es ou des informations qu&rsquo;il contient, dans les limites fix\u00e9es par la loi.<\/p><p>Les informations et les contenus ne constituent pas des avis, des recommandations ou des conseils juridiques de quelque nature que ce soit, et n&rsquo;engagent en aucun cas FLUBETECH, SL, \u00e9tant donn\u00e9 qu&rsquo;il s&rsquo;agit d&rsquo;un service fourni \u00e0 titre d&rsquo;information et de divulgation.<\/p><p><u>www.flubetech.com<\/u> peut contenir des liens vers d&rsquo;autres sites Internet de tiers qui ne peuvent \u00eatre contr\u00f4l\u00e9s par la soci\u00e9t\u00e9 FLUBETECH, SL, celle-ci n&rsquo;assumant aucune responsabilit\u00e9 quant au contenu qui pourrait y figurer.<\/p><p>Les textes, les images, les sons, les animations, les logiciels et les contenus inclus sur <u>www.flubetech.com<\/u> ou chez ses conc\u00e9dants appartiennent \u00e0 FLUBETECH, SL. Tout acte de transmission, distribution, reproduction, transfert, stockage ou communication publique, m\u00eame partiel, doit \u00eatre express\u00e9ment autoris\u00e9 par FLUBETECH, SL.<\/p><p>En dernier lieu, pour pouvoir acc\u00e9der \u00e0 certains services propos\u00e9s par FLUBETECH, SL via le site <u>www.flubetech.com<\/u>, il faut fournir des donn\u00e9es \u00e0 caract\u00e8re personnel. Conform\u00e9ment aux dispositions du r\u00e8glement (UE) 2016\/679 du Parlement europ\u00e9en et du Conseil du 27 avril 2016 relatif \u00e0 la protection des personnes physiques concernant le traitement des donn\u00e9es \u00e0 caract\u00e8re personnel et \u00e0 la libre circulation de celles-ci, nous vous informons que lorsque vous remplissez les formulaires figurant sur le site Internet, vos donn\u00e9es personnelles sont int\u00e9gr\u00e9es dans les fichiers de FLUBETECH, SL puis trait\u00e9es afin de nous permettre de fournir les services et de vous informer des am\u00e9liorations de <u>www.flubetech.com<\/u>. L&rsquo;utilisateur peut exercer ses droits d&rsquo;acc\u00e8s, de rectification, d&rsquo;annulation, d&rsquo;opposition, de limitation du traitement et de portabilit\u00e9 en \u00e9crivant un e-mail \u00e0 <u>info@flubetech.com<\/u> ou \u00e0 l&rsquo;adresse postale C\/ MONTSI\u00c0 23, POL\u00cdGONO INDUSTRIAL CAN CARNER, 8211, CASTELLAR DEL VALL\u00c9S, BARCELONE.<\/p><p>\u00a0<\/p>\t\t\t\t\t\t\t\t<\/div>\n\t\t\t\t<\/div>\n\t\t\t\t\t<\/div>\n\t\t<\/div>\n\t\t\t\t\t<\/div>\n\t\t<\/section>\n\t\t\t\t<\/div>\n\t\t","protected":false},"excerpt":{"rendered":"<p>MENTIONS L\u00c9GALES FLUBETECH, SL, titulaire du CIF B64165632, sise \u00e0 C\/ MONTSI\u00c0 23, POL\u00cdGONO INDUSTRIAL CAN CARNER, 08211, CASTELLAR DEL VALL\u00c9S, BARCELONE, d\u00e9cline toute responsabilit\u00e9 d\u00e9coulant d&rsquo;une utilisation incorrecte, inappropri\u00e9e ou ill\u00e9gale des informations contenues sur le site www.flubetech.com. De m\u00eame, elle d\u00e9cline toute responsabilit\u00e9 d\u00e9coulant du manque d&rsquo;int\u00e9grit\u00e9, de mise \u00e0 jour, de v\u00e9racit\u00e9 [&hellip;]<\/p>\n","protected":false},"author":1,"featured_media":0,"parent":0,"menu_order":0,"comment_status":"closed","ping_status":"closed","template":"elementor_header_footer","meta":{"site-sidebar-layout":"no-sidebar","site-content-layout":"page-builder","ast-site-content-layout":"default","site-content-style":"default","site-sidebar-style":"default","ast-global-header-display":"","ast-banner-title-visibility":"","ast-main-header-display":"","ast-hfb-above-header-display":"","ast-hfb-below-header-display":"","ast-hfb-mobile-header-display":"","site-post-title":"disabled","ast-breadcrumbs-content":"","ast-featured-img":"disabled","footer-sml-layout":"","theme-transparent-header-meta":"default","adv-header-id-meta":"","stick-header-meta":"","header-above-stick-meta":"","header-main-stick-meta":"","header-below-stick-meta":"","astra-migrate-meta-layouts":"default","ast-page-background-enabled":"default","ast-page-background-meta":{"desktop":{"background-color":"var(--ast-global-color-4)","background-image":"","background-repeat":"repeat","background-position":"center center","background-size":"auto","background-attachment":"scroll","background-type":"","background-media":"","overlay-type":"","overlay-color":"","overlay-opacity":"","overlay-gradient":""},"tablet":{"background-color":"","background-image":"","background-repeat":"repeat","background-position":"center center","background-size":"auto","background-attachment":"scroll","background-type":"","background-media":"","overlay-type":"","overlay-color":"","overlay-opacity":"","overlay-gradient":""},"mobile":{"background-color":"","background-image":"","background-repeat":"repeat","background-position":"center center","background-size":"auto","background-attachment":"scroll","background-type":"","background-media":"","overlay-type":"","overlay-color":"","overlay-opacity":"","overlay-gradient":""}},"ast-content-background-meta":{"desktop":{"background-color":"var(--ast-global-color-5)","background-image":"","background-repeat":"repeat","background-position":"center center","background-size":"auto","background-attachment":"scroll","background-type":"","background-media":"","overlay-type":"","overlay-color":"","overlay-opacity":"","overlay-gradient":""},"tablet":{"background-color":"var(--ast-global-color-5)","background-image":"","background-repeat":"repeat","background-position":"center center","background-size":"auto","background-attachment":"scroll","background-type":"","background-media":"","overlay-type":"","overlay-color":"","overlay-opacity":"","overlay-gradient":""},"mobile":{"background-color":"var(--ast-global-color-5)","background-image":"","background-repeat":"repeat","background-position":"center center","background-size":"auto","background-attachment":"scroll","background-type":"","background-media":"","overlay-type":"","overlay-color":"","overlay-opacity":"","overlay-gradient":""}},"footnotes":""},"class_list":["post-2734","page","type-page","status-publish","hentry"],"_links":{"self":[{"href":"https:\/\/flubetech.com\/fr\/wp-json\/wp\/v2\/pages\/2734","targetHints":{"allow":["GET"]}}],"collection":[{"href":"https:\/\/flubetech.com\/fr\/wp-json\/wp\/v2\/pages"}],"about":[{"href":"https:\/\/flubetech.com\/fr\/wp-json\/wp\/v2\/types\/page"}],"author":[{"embeddable":true,"href":"https:\/\/flubetech.com\/fr\/wp-json\/wp\/v2\/users\/1"}],"replies":[{"embeddable":true,"href":"https:\/\/flubetech.com\/fr\/wp-json\/wp\/v2\/comments?post=2734"}],"version-history":[{"count":10,"href":"https:\/\/flubetech.com\/fr\/wp-json\/wp\/v2\/pages\/2734\/revisions"}],"predecessor-version":[{"id":4399,"href":"https:\/\/flubetech.com\/fr\/wp-json\/wp\/v2\/pages\/2734\/revisions\/4399"}],"wp:attachment":[{"href":"https:\/\/flubetech.com\/fr\/wp-json\/wp\/v2\/media?parent=2734"}],"curies":[{"name":"wp","href":"https:\/\/api.w.org\/{rel}","templated":true}]}}