{"id":2744,"date":"2022-08-26T05:45:21","date_gmt":"2022-08-26T05:45:21","guid":{"rendered":"https:\/\/flubetech.com\/?page_id=2744"},"modified":"2022-09-08T04:11:43","modified_gmt":"2022-09-08T04:11:43","slug":"les-politiques-de-confidentialite","status":"publish","type":"page","link":"https:\/\/flubetech.com\/fr\/les-politiques-de-confidentialite\/","title":{"rendered":"Les politiques de confidentialit\u00e9"},"content":{"rendered":"\t\t<div data-elementor-type=\"wp-page\" data-elementor-id=\"2744\" class=\"elementor elementor-2744 elementor-1346\" data-elementor-post-type=\"page\">\n\t\t\t\t\t\t<section class=\"elementor-section elementor-top-section elementor-element elementor-element-a6c2966 elementor-section-full_width elementor-section-stretched elementor-section-height-default elementor-section-height-default\" data-id=\"a6c2966\" data-element_type=\"section\" data-settings=\"{&quot;stretch_section&quot;:&quot;section-stretched&quot;}\">\n\t\t\t\t\t\t<div class=\"elementor-container elementor-column-gap-default\">\n\t\t\t\t\t<div class=\"elementor-column elementor-col-100 elementor-top-column elementor-element elementor-element-b5a2df7\" data-id=\"b5a2df7\" data-element_type=\"column\">\n\t\t\t<div class=\"elementor-widget-wrap elementor-element-populated\">\n\t\t\t\t\t\t<div class=\"elementor-element elementor-element-18195c1 elementor--h-position-right elementor--v-position-middle elementor-pagination-position-inside elementor-widget elementor-widget-slides\" data-id=\"18195c1\" data-element_type=\"widget\" data-settings=\"{&quot;navigation&quot;:&quot;dots&quot;,&quot;autoplay&quot;:&quot;yes&quot;,&quot;pause_on_hover&quot;:&quot;yes&quot;,&quot;pause_on_interaction&quot;:&quot;yes&quot;,&quot;autoplay_speed&quot;:5000,&quot;infinite&quot;:&quot;yes&quot;,&quot;transition&quot;:&quot;slide&quot;,&quot;transition_speed&quot;:500}\" data-widget_type=\"slides.default\">\n\t\t\t\t<div class=\"elementor-widget-container\">\n\t\t\t\t\t\t\t\t\t<div class=\"elementor-swiper\">\n\t\t\t\t\t<div class=\"elementor-slides-wrapper elementor-main-swiper swiper\" role=\"region\" aria-roledescription=\"carousel\" aria-label=\"Diapositives\" dir=\"ltr\" data-animation=\"fadeInUp\">\n\t\t\t\t<div class=\"swiper-wrapper elementor-slides\">\n\t\t\t\t\t\t\t\t\t\t<div class=\"elementor-repeater-item-f35e35f swiper-slide\" role=\"group\" aria-roledescription=\"slide\"><div class=\"swiper-slide-bg\" role=\"img\" aria-label=\"CONTACTO_1\"><\/div><div class=\"swiper-slide-inner\" ><div class=\"swiper-slide-contents\"><div class=\"elementor-slide-description\">LES POLITIQUES DE CONFIDENTIALIT\u00c9<\/div><\/div><\/div><\/div>\t\t\t\t<\/div>\n\t\t\t\t\t\t\t<\/div>\n\t\t\t\t<\/div>\n\t\t\t\t\t\t\t\t<\/div>\n\t\t\t\t<\/div>\n\t\t\t\t\t<\/div>\n\t\t<\/div>\n\t\t\t\t\t<\/div>\n\t\t<\/section>\n\t\t\t\t<section class=\"elementor-section elementor-top-section elementor-element elementor-element-e6d5004 elementor-section-boxed elementor-section-height-default elementor-section-height-default\" data-id=\"e6d5004\" data-element_type=\"section\">\n\t\t\t\t\t\t<div class=\"elementor-container elementor-column-gap-default\">\n\t\t\t\t\t<div class=\"elementor-column elementor-col-100 elementor-top-column elementor-element elementor-element-5ffe26c\" data-id=\"5ffe26c\" data-element_type=\"column\">\n\t\t\t<div class=\"elementor-widget-wrap elementor-element-populated\">\n\t\t\t\t\t\t<div class=\"elementor-element elementor-element-b864380 elementor-widget elementor-widget-text-editor\" data-id=\"b864380\" data-element_type=\"widget\" data-widget_type=\"text-editor.default\">\n\t\t\t\t<div class=\"elementor-widget-container\">\n\t\t\t\t\t\t\t\t\t<p><strong>POLITIQUE DE CONFIDENTIALIT\u00c9<\/strong><\/p><p>RESPONSABLES DU TRAITEMENT<\/p><p><strong>ENTREPRISE\u00a0<\/strong>: FLUBETECH, SL<\/p><p><strong>CIF\u00a0:<\/strong> B64165632<\/p><p><strong>ADRESSE\u00a0:<\/strong> C\/ MONTSI\u00c0 23, POL\u00cdGONO INDUSTRIAL CAN CARNER, 08211, CASTELLAR DEL VALL\u00c9S, BARCELONE<\/p><p><strong>T\u00c9L\u00c9PHONE\u00a0:<\/strong> FLUBETECH, SL<\/p><p><strong>E-MAIL\u00a0:<\/strong> <a href=\"mailto:info@flubetech.com\">info@flubetech.com<\/a><\/p><p><strong>REGISTRE DU COMMERCE ET DES SOCI\u00c9T\u00c9S\u00a0:<\/strong> T 43432, F 193, S 8, H B 327206, I\/A 14\u00aa, BARCELONE<\/p><p>FINALIT\u00c9 DU TRAITEMENT ET L\u00c9GITIMIT\u00c9<\/p><p>\u00a0<\/p><p><strong>\u00c0 quelles fins traitons-nous vos donn\u00e9es et quelle est la base l\u00e9gale du traitement\u00a0?<\/strong><\/p><p>\u00a0<\/p><p>FLUBETECH, SL traite les donn\u00e9es personnelles collect\u00e9es directement aupr\u00e8s de la personne concern\u00e9e aux fins suivantes\u00a0:<\/p><ul><li>g\u00e9rer la relation commerciale existante\u00a0;<\/li><li>r\u00e9pondre aux demandes d&rsquo;informations r\u00e9alis\u00e9es via le site Internet\u00a0;<\/li><li>par le biais de chaque formulaire de collecte de donn\u00e9es, nous pouvons en outre demander le consentement de l&rsquo;utilisateur pour lui faire parvenir des communications commerciales, dans le cas o\u00f9 il donne son accord.<\/li><\/ul><p>L&rsquo;utilisateur peut s&rsquo;opposer \u00e0 l&rsquo;envoi de communications commerciales par tout moyen et \u00e0 tout moment en envoyant un courrier \u00e9lectronique \u00e0 l&rsquo;adresse info@flubetech.com.<\/p><p><strong>Pendant combien de temps traitons-nous vos donn\u00e9es\u00a0?<\/strong><\/p><p>Les donn\u00e9es personnelles sont conserv\u00e9es tant que dure la relation commerciale et sont supprim\u00e9es lorsqu&rsquo;elles ne sont plus n\u00e9cessaires ou pertinentes aux fins indiqu\u00e9es.<\/p><p><strong>PROPRI\u00c9T\u00c9 INTELLECTUELLE<\/strong><\/p><p>FLUBETECH, SL est propri\u00e9taire de l&rsquo;ensemble des droits d&rsquo;auteur, de propri\u00e9t\u00e9 intellectuelle, de propri\u00e9t\u00e9 industrielle et autres droits li\u00e9s au contenu du site Internet www.flubetech.com, \u00e0 ses services, aux programmes n\u00e9cessaires \u00e0 sa mise en \u0153uvre et aux informations connexes.<\/p><p>Toute reproduction, publication et\/ou utilisation non priv\u00e9e des contenus, m\u00eame partielle, est interdite sans autorisation \u00e9crite.<\/p><p><strong>R\u00c9SEAUX SOCIAUX<\/strong><\/p><p>FLUBETECH, SL utilise les r\u00e9seaux sociaux. Pour y acc\u00e9der et les utiliser, il est n\u00e9cessaire d&rsquo;accepter les conditions g\u00e9n\u00e9rales d&rsquo;utilisation des r\u00e9seaux. Lorsque l&rsquo;utilisateur acc\u00e8de ou utilise la page officielle de FLUBETECH, SL sur les r\u00e9seaux sociaux, il exprime son consentement et accepte le respect de ces conditions.<\/p><p><strong>Quelles sont les utilisations autoris\u00e9es et interdites\u00a0?<\/strong><\/p><p>Les r\u00e9seaux sociaux de FLUBETECH, SL fournissent aux utilisateurs un espace o\u00f9 ils peuvent publier, \u00e9changer des contenus et des informations, mais \u00e9galement communiquer les uns avec les autres. L&rsquo;utilisateur est tenu d&rsquo;utiliser de fa\u00e7on raisonnable les r\u00e9seaux sociaux de FLUBETECH, SL et leurs contenus, sachant qu&rsquo;il est le seul responsable des informations, images, avis, allusions ou contenus qu&rsquo;il communique, transmet, h\u00e9berge, met \u00e0 disposition ou expose sur le site officiel.<\/p><p>Il est interdit d&rsquo;utiliser la page officielle des r\u00e9seaux sociaux de FLUBETECH, SL \u00e0 des fins ill\u00e9gales ou non autoris\u00e9es, que ce soit avec ou sans but \u00e9conomique.<\/p><p><strong>EXEMPTION DE RESPONSABILIT\u00c9S<\/strong><\/p><p>FLUBETECH, SL pr\u00e9sente sur son site Internet des contenus li\u00e9s \u00e0 ses activit\u00e9s, ses produits, sa structure, sa gestion et les \u00e9quipements propres \u00e0 un site Internet d&rsquo;entreprise, en d\u00e9clinant toute responsabilit\u00e9 pour les dommages et int\u00e9r\u00eats qui pourraient d\u00e9couler de l&rsquo;acc\u00e8s des utilisateurs \u00e0 ses contenus, informations, publicit\u00e9s, concepts et images.<\/p><p>FLUBETECH, SL d\u00e9cline toute responsabilit\u00e9 quant \u00e0\u00a0:<\/p><ul><li>la mauvaise utilisation qu&rsquo;un utilisateur peut faire d&rsquo;un site Internet\u00a0;<\/li><li>la continuit\u00e9 des contenus du site Internet\u00a0;<\/li><li>l&rsquo;absence de virus et\/ou d&rsquo;autres composants qui peuvent \u00eatre nuisibles au site Internet ou au serveur, aussi bien concernant l&rsquo;affichage du contenu que son t\u00e9l\u00e9chargement\u00a0;<\/li><li>les dommages caus\u00e9s par la vuln\u00e9rabilit\u00e9 sur le site <u>flubetech.com<\/u>;<\/li><li>les contenus et services fournis par d&rsquo;autres sites Internet auxquels on peut acc\u00e9der via <u>flubetech.com<\/u>;<\/li><li>les performances des contenus h\u00e9berg\u00e9s par <u>flubetech.com<\/u>;<\/li><li>le mauvais fonctionnement des logiciels n\u00e9cessaires \u00e0 l&rsquo;affichage ou \u00e0 l&rsquo;\u00e9coute des contenus h\u00e9berg\u00e9s sur le site Internet\u00a0;<\/li><li>tout dommage ou pr\u00e9judice caus\u00e9 par un utilisateur quelconque enfreignant les conditions, les instructions et les r\u00e8gles fournies par FLUBETECH, SL sur son site Internet\u00a0;<\/li><li>les actions susceptibles de violer les droits de tiers, en particulier ceux li\u00e9s \u00e0 l&rsquo;image et \u00e0 la propri\u00e9t\u00e9 intellectuelle ou industrielle\u00a0;<\/li><li>l&rsquo;\u00e9dition, la censure, la r\u00e9vision et la v\u00e9rification du contenu Internet auquel l&rsquo;utilisateur acc\u00e8de via le moteur de recherche ou des hyperliens inclus sur<u>flubetech.com<\/u>.<strong style=\"font-size: 16px;\">\u00a0<\/strong><\/li><\/ul><p><strong>Exemption de responsabilit\u00e9 pour le fonctionnement du site Internet<\/strong><\/p><p>FLUBETECH, SL peut corriger, am\u00e9liorer ou modifier les informations contenues sur le site Internet, sans que cela ne donne lieu \u00e0 une quelconque r\u00e9clamation ou indemnisation, ni \u00e0 la reconnaissance d&rsquo;une responsabilit\u00e9 quelle qu&rsquo;elle soit.<\/p><p>FLUBETECH, SL d\u00e9cline \u00e9galement toute responsabilit\u00e9 en cas de dommages qui peuvent d\u00e9couler de la disponibilit\u00e9 et de la continuit\u00e9 technique du fonctionnement du site Internet, en effectuant toutes les actions n\u00e9cessaires pour r\u00e9tablir ses services en cas de d\u00e9faillance technique.<\/p><p><strong>COMMUNICATIONS COMMERCIALES<\/strong><\/p><p>Conform\u00e9ment \u00e0 la loi sur les services de la soci\u00e9t\u00e9 de l&rsquo;information et du commerce \u00e9lectronique, FLUBETECH, SL n&rsquo;enverra pas de communications publicitaires ou promotionnelles par courrier \u00e9lectronique et autres moyens de communication \u00e9lectronique \u00e9quivalents, sans en avoir fait la demande pr\u00e9alable ou sans avoir obtenu l&rsquo;autorisation expresse des destinataires de celles-ci.<\/p><p>Lorsque la relation contractuelle existante est ant\u00e9rieure, FLUBETECH, SL est autoris\u00e9e \u00e0 envoyer des communications commerciales concernant les produits ou services.<\/p><p><strong>L\u00c9GISLATION ET JURIDICTION<\/strong><\/p><p>Les pr\u00e9sentes conditions sont r\u00e9gies par la l\u00e9gislation espagnole en vigueur et applicable sur le territoire espagnol. En cas de litige, les parties peuvent soumettre leurs diff\u00e9rends \u00e0 l&rsquo;arbitrage ou saisir la juridiction ordinaire, en respectant les r\u00e8gles de juridiction et de comp\u00e9tence en la mati\u00e8re.<\/p>\t\t\t\t\t\t\t\t<\/div>\n\t\t\t\t<\/div>\n\t\t\t\t\t<\/div>\n\t\t<\/div>\n\t\t\t\t\t<\/div>\n\t\t<\/section>\n\t\t\t\t<\/div>\n\t\t","protected":false},"excerpt":{"rendered":"<p>LES POLITIQUES DE CONFIDENTIALIT\u00c9 POLITIQUE DE CONFIDENTIALIT\u00c9 RESPONSABLES DU TRAITEMENT ENTREPRISE\u00a0: FLUBETECH, SL CIF\u00a0: B64165632 ADRESSE\u00a0: C\/ MONTSI\u00c0 23, POL\u00cdGONO INDUSTRIAL CAN CARNER, 08211, CASTELLAR DEL VALL\u00c9S, BARCELONE T\u00c9L\u00c9PHONE\u00a0: FLUBETECH, SL E-MAIL\u00a0: info@flubetech.com REGISTRE DU COMMERCE ET DES SOCI\u00c9T\u00c9S\u00a0: T 43432, F 193, S 8, H B 327206, I\/A 14\u00aa, BARCELONE FINALIT\u00c9 DU TRAITEMENT ET [&hellip;]<\/p>\n","protected":false},"author":1,"featured_media":0,"parent":0,"menu_order":0,"comment_status":"closed","ping_status":"closed","template":"elementor_header_footer","meta":{"site-sidebar-layout":"no-sidebar","site-content-layout":"page-builder","ast-site-content-layout":"default","site-content-style":"default","site-sidebar-style":"default","ast-global-header-display":"","ast-banner-title-visibility":"","ast-main-header-display":"","ast-hfb-above-header-display":"","ast-hfb-below-header-display":"","ast-hfb-mobile-header-display":"","site-post-title":"disabled","ast-breadcrumbs-content":"","ast-featured-img":"disabled","footer-sml-layout":"","theme-transparent-header-meta":"default","adv-header-id-meta":"","stick-header-meta":"","header-above-stick-meta":"","header-main-stick-meta":"","header-below-stick-meta":"","astra-migrate-meta-layouts":"default","ast-page-background-enabled":"default","ast-page-background-meta":{"desktop":{"background-color":"var(--ast-global-color-4)","background-image":"","background-repeat":"repeat","background-position":"center center","background-size":"auto","background-attachment":"scroll","background-type":"","background-media":"","overlay-type":"","overlay-color":"","overlay-opacity":"","overlay-gradient":""},"tablet":{"background-color":"","background-image":"","background-repeat":"repeat","background-position":"center center","background-size":"auto","background-attachment":"scroll","background-type":"","background-media":"","overlay-type":"","overlay-color":"","overlay-opacity":"","overlay-gradient":""},"mobile":{"background-color":"","background-image":"","background-repeat":"repeat","background-position":"center center","background-size":"auto","background-attachment":"scroll","background-type":"","background-media":"","overlay-type":"","overlay-color":"","overlay-opacity":"","overlay-gradient":""}},"ast-content-background-meta":{"desktop":{"background-color":"var(--ast-global-color-5)","background-image":"","background-repeat":"repeat","background-position":"center center","background-size":"auto","background-attachment":"scroll","background-type":"","background-media":"","overlay-type":"","overlay-color":"","overlay-opacity":"","overlay-gradient":""},"tablet":{"background-color":"var(--ast-global-color-5)","background-image":"","background-repeat":"repeat","background-position":"center center","background-size":"auto","background-attachment":"scroll","background-type":"","background-media":"","overlay-type":"","overlay-color":"","overlay-opacity":"","overlay-gradient":""},"mobile":{"background-color":"var(--ast-global-color-5)","background-image":"","background-repeat":"repeat","background-position":"center center","background-size":"auto","background-attachment":"scroll","background-type":"","background-media":"","overlay-type":"","overlay-color":"","overlay-opacity":"","overlay-gradient":""}},"footnotes":""},"class_list":["post-2744","page","type-page","status-publish","hentry"],"_links":{"self":[{"href":"https:\/\/flubetech.com\/fr\/wp-json\/wp\/v2\/pages\/2744","targetHints":{"allow":["GET"]}}],"collection":[{"href":"https:\/\/flubetech.com\/fr\/wp-json\/wp\/v2\/pages"}],"about":[{"href":"https:\/\/flubetech.com\/fr\/wp-json\/wp\/v2\/types\/page"}],"author":[{"embeddable":true,"href":"https:\/\/flubetech.com\/fr\/wp-json\/wp\/v2\/users\/1"}],"replies":[{"embeddable":true,"href":"https:\/\/flubetech.com\/fr\/wp-json\/wp\/v2\/comments?post=2744"}],"version-history":[{"count":7,"href":"https:\/\/flubetech.com\/fr\/wp-json\/wp\/v2\/pages\/2744\/revisions"}],"predecessor-version":[{"id":4381,"href":"https:\/\/flubetech.com\/fr\/wp-json\/wp\/v2\/pages\/2744\/revisions\/4381"}],"wp:attachment":[{"href":"https:\/\/flubetech.com\/fr\/wp-json\/wp\/v2\/media?parent=2744"}],"curies":[{"name":"wp","href":"https:\/\/api.w.org\/{rel}","templated":true}]}}