{"id":6651,"date":"2024-12-10T19:25:38","date_gmt":"2024-12-10T19:25:38","guid":{"rendered":"https:\/\/flubetech.com\/?page_id=6651"},"modified":"2024-12-13T23:44:44","modified_gmt":"2024-12-13T23:44:44","slug":"politique-de-qualite","status":"publish","type":"page","link":"https:\/\/flubetech.com\/fr\/politique-de-qualite\/","title":{"rendered":"POLITIQUE DE QUALIT\u00c9"},"content":{"rendered":"\t\t<div data-elementor-type=\"wp-page\" data-elementor-id=\"6651\" class=\"elementor elementor-6651 elementor-6559\" data-elementor-post-type=\"page\">\n\t\t\t\t\t\t<section class=\"elementor-section elementor-top-section elementor-element elementor-element-ae4a9b4 elementor-section-full_width elementor-section-stretched elementor-section-height-default elementor-section-height-default\" data-id=\"ae4a9b4\" data-element_type=\"section\" data-settings=\"{&quot;stretch_section&quot;:&quot;section-stretched&quot;}\">\n\t\t\t\t\t\t<div class=\"elementor-container elementor-column-gap-default\">\n\t\t\t\t\t<div class=\"elementor-column elementor-col-100 elementor-top-column elementor-element elementor-element-a0ba47d\" data-id=\"a0ba47d\" data-element_type=\"column\">\n\t\t\t<div class=\"elementor-widget-wrap elementor-element-populated\">\n\t\t\t\t\t\t<div class=\"elementor-element elementor-element-19947a2 elementor--h-position-right elementor--v-position-middle elementor-pagination-position-inside elementor-widget elementor-widget-slides\" data-id=\"19947a2\" data-element_type=\"widget\" data-settings=\"{&quot;navigation&quot;:&quot;dots&quot;,&quot;autoplay&quot;:&quot;yes&quot;,&quot;pause_on_hover&quot;:&quot;yes&quot;,&quot;pause_on_interaction&quot;:&quot;yes&quot;,&quot;autoplay_speed&quot;:5000,&quot;infinite&quot;:&quot;yes&quot;,&quot;transition&quot;:&quot;slide&quot;,&quot;transition_speed&quot;:500}\" data-widget_type=\"slides.default\">\n\t\t\t\t<div class=\"elementor-widget-container\">\n\t\t\t\t\t\t\t\t\t<div class=\"elementor-swiper\">\n\t\t\t\t\t<div class=\"elementor-slides-wrapper elementor-main-swiper swiper\" role=\"region\" aria-roledescription=\"carousel\" aria-label=\"Diapositives\" dir=\"ltr\" data-animation=\"fadeInUp\">\n\t\t\t\t<div class=\"swiper-wrapper elementor-slides\">\n\t\t\t\t\t\t\t\t\t\t<div class=\"elementor-repeater-item-f35e35f swiper-slide\" role=\"group\" aria-roledescription=\"slide\"><div class=\"swiper-slide-bg\" role=\"img\" aria-label=\"CONTACTO_1\"><\/div><div class=\"swiper-slide-inner\" ><div class=\"swiper-slide-contents\"><div class=\"elementor-slide-description\">POLITIQUE DE QUALIT\u00c9<\/div><\/div><\/div><\/div>\t\t\t\t<\/div>\n\t\t\t\t\t\t\t<\/div>\n\t\t\t\t<\/div>\n\t\t\t\t\t\t\t\t<\/div>\n\t\t\t\t<\/div>\n\t\t\t\t\t<\/div>\n\t\t<\/div>\n\t\t\t\t\t<\/div>\n\t\t<\/section>\n\t\t\t\t<section class=\"elementor-section elementor-top-section elementor-element elementor-element-cb25cdf elementor-section-boxed elementor-section-height-default elementor-section-height-default\" data-id=\"cb25cdf\" data-element_type=\"section\">\n\t\t\t\t\t\t<div class=\"elementor-container elementor-column-gap-default\">\n\t\t\t\t\t<div class=\"elementor-column elementor-col-100 elementor-top-column elementor-element elementor-element-5306616\" data-id=\"5306616\" data-element_type=\"column\">\n\t\t\t<div class=\"elementor-widget-wrap elementor-element-populated\">\n\t\t\t\t\t\t<div class=\"elementor-element elementor-element-d3cf3a9 elementor-widget elementor-widget-text-editor\" data-id=\"d3cf3a9\" data-element_type=\"widget\" data-widget_type=\"text-editor.default\">\n\t\t\t\t<div class=\"elementor-widget-container\">\n\t\t\t\t\t\t\t\t\t<p>Flubetech, S.L. est d\u00e9di\u00e9e au d\u00e9veloppement, \u00e0 la production et \u00e0 la commercialisation de rev\u00eatements sp\u00e9cialis\u00e9s bas\u00e9s sur des technologies avanc\u00e9es de d\u00e9p\u00f4t en phase vapeur. Ces technologies offrent des solutions innovantes aux d\u00e9fis actuels de l&rsquo;industrie, en donnant la priorit\u00e9 au respect de l&rsquo;environnement comme l&rsquo;un des piliers fondamentaux de notre activit\u00e9.<\/p><p>Flubetech, S.L. est une r\u00e9f\u00e9rence en mati\u00e8re d&rsquo;innovation dans des secteurs tels que l&rsquo;automobile, l&rsquo;a\u00e9ronautique, la biom\u00e9decine et la fabrication de composants, en proposant des solutions sp\u00e9cifiques adapt\u00e9es aux besoins de chaque client.<\/p><p>G\u00e9rer la qualit\u00e9, c&rsquo;est g\u00e9rer la satisfaction et am\u00e9liorer l&rsquo;attention personnalis\u00e9e accord\u00e9e aux clients. Pour cette raison, nous misons sur la formation continue d&rsquo;une \u00e9quipe hautement qualifi\u00e9e qui offre \u00e0 nos clients les solutions adapt\u00e9es \u00e0 leurs besoins. Toute l&rsquo;\u00e9quipe, sans exception, est responsable de garantir la qualit\u00e9 de nos produits et services.<\/p><p>L\u2019entreprise repose sur un Syst\u00e8me de Gestion de la Qualit\u00e9 orient\u00e9 vers l\u2019am\u00e9lioration continue. Ce syst\u00e8me nous permet de promouvoir l\u2019am\u00e9lioration continue de l\u2019efficacit\u00e9 de nos op\u00e9rations, de minimiser les risques et de favoriser un environnement de travail sain et collaboratif qui contribue \u00e0 un climat de travail positif.<\/p><p>Les \u00e9l\u00e9ments diff\u00e9renciateurs de Flubetech, S.L. sont: l\u2019application innovante de rev\u00eatements avanc\u00e9s, la philosophie d\u2019innovation technologique continue, un fort engagement envers l\u2019excellence dans la qualit\u00e9 de nos services et le respect des exigences l\u00e9gales et r\u00e9glementaires, ainsi que les besoins sp\u00e9cifiques de nos clients.<\/p><p>Actuellement, nous disposons d\u2019une \u00e9quipe de direction fermement engag\u00e9e dans l\u2019expansion de Flubetech, S.L., tant au niveau national qu\u2019international, garantissant une croissance durable de l\u2019entreprise.<\/p><p><strong>Carles Colomines<\/strong><br \/><strong>Directeur G\u00e9n\u00e9ral<\/strong><br \/><strong>21 novembre 2024<\/strong><\/p>\t\t\t\t\t\t\t\t<\/div>\n\t\t\t\t<\/div>\n\t\t\t\t\t<\/div>\n\t\t<\/div>\n\t\t\t\t\t<\/div>\n\t\t<\/section>\n\t\t\t\t<section class=\"elementor-section elementor-top-section elementor-element elementor-element-c0153e9 elementor-section-boxed elementor-section-height-default elementor-section-height-default\" data-id=\"c0153e9\" data-element_type=\"section\">\n\t\t\t\t\t\t<div class=\"elementor-container elementor-column-gap-default\">\n\t\t\t\t\t<div class=\"elementor-column elementor-col-50 elementor-top-column elementor-element elementor-element-ec03cfe\" data-id=\"ec03cfe\" data-element_type=\"column\">\n\t\t\t<div class=\"elementor-widget-wrap elementor-element-populated\">\n\t\t\t\t\t\t<div class=\"elementor-element elementor-element-6bf51bd elementor-widget elementor-widget-image\" data-id=\"6bf51bd\" data-element_type=\"widget\" data-widget_type=\"image.default\">\n\t\t\t\t<div class=\"elementor-widget-container\">\n\t\t\t\t\t\t\t\t\t\t\t\t\t\t\t\t<a href=\"https:\/\/flubetech.com\/wp-content\/uploads\/2024\/12\/FLUBETECH-ISO-13485.pdf\" target=\"_blank\" rel=\"nofollow\" download=\"\">\n\t\t\t\t\t\t\t<img fetchpriority=\"high\" decoding=\"async\" width=\"709\" height=\"836\" src=\"https:\/\/flubetech.com\/wp-content\/uploads\/2024\/12\/13485_SGQ-MED_sg04.jpg\" class=\"attachment-full size-full wp-image-6571\" alt=\"\" srcset=\"https:\/\/flubetech.com\/wp-content\/uploads\/2024\/12\/13485_SGQ-MED_sg04.jpg 709w, https:\/\/flubetech.com\/wp-content\/uploads\/2024\/12\/13485_SGQ-MED_sg04-254x300.jpg 254w, https:\/\/flubetech.com\/wp-content\/uploads\/2024\/12\/13485_SGQ-MED_sg04-600x707.jpg 600w\" sizes=\"(max-width: 709px) 100vw, 709px\" \/>\t\t\t\t\t\t\t\t<\/a>\n\t\t\t\t\t\t\t\t\t\t\t\t\t\t\t<\/div>\n\t\t\t\t<\/div>\n\t\t\t\t\t<\/div>\n\t\t<\/div>\n\t\t\t\t<div class=\"elementor-column elementor-col-50 elementor-top-column elementor-element elementor-element-87dfc39\" data-id=\"87dfc39\" data-element_type=\"column\">\n\t\t\t<div class=\"elementor-widget-wrap elementor-element-populated\">\n\t\t\t\t\t\t<div class=\"elementor-element elementor-element-eb4c8df elementor-widget elementor-widget-image\" data-id=\"eb4c8df\" data-element_type=\"widget\" data-widget_type=\"image.default\">\n\t\t\t\t<div class=\"elementor-widget-container\">\n\t\t\t\t\t\t\t\t\t\t\t\t\t\t\t\t<a href=\"https:\/\/flubetech.com\/wp-content\/uploads\/2024\/12\/FLUBETECH-ISO-9001.pdf\" target=\"_blank\" rel=\"nofollow\" download=\"\">\n\t\t\t\t\t\t\t<img decoding=\"async\" width=\"709\" height=\"836\" src=\"https:\/\/flubetech.com\/wp-content\/uploads\/2024\/12\/9001_SGQ_sg01.jpg\" class=\"attachment-full size-full wp-image-6565\" alt=\"\" srcset=\"https:\/\/flubetech.com\/wp-content\/uploads\/2024\/12\/9001_SGQ_sg01.jpg 709w, https:\/\/flubetech.com\/wp-content\/uploads\/2024\/12\/9001_SGQ_sg01-254x300.jpg 254w, https:\/\/flubetech.com\/wp-content\/uploads\/2024\/12\/9001_SGQ_sg01-600x707.jpg 600w\" sizes=\"(max-width: 709px) 100vw, 709px\" \/>\t\t\t\t\t\t\t\t<\/a>\n\t\t\t\t\t\t\t\t\t\t\t\t\t\t\t<\/div>\n\t\t\t\t<\/div>\n\t\t\t\t\t<\/div>\n\t\t<\/div>\n\t\t\t\t\t<\/div>\n\t\t<\/section>\n\t\t\t\t<section class=\"elementor-section elementor-top-section elementor-element elementor-element-733ec75 elementor-section-boxed elementor-section-height-default elementor-section-height-default\" data-id=\"733ec75\" data-element_type=\"section\">\n\t\t\t\t\t\t<div class=\"elementor-container elementor-column-gap-default\">\n\t\t\t\t\t<div class=\"elementor-column elementor-col-100 elementor-top-column elementor-element elementor-element-f3f4825\" data-id=\"f3f4825\" data-element_type=\"column\">\n\t\t\t<div class=\"elementor-widget-wrap elementor-element-populated\">\n\t\t\t\t\t\t<div class=\"elementor-element elementor-element-96be1e2 elementor-mobile-align-center elementor-align-center elementor-widget elementor-widget-button\" data-id=\"96be1e2\" data-element_type=\"widget\" data-widget_type=\"button.default\">\n\t\t\t\t<div class=\"elementor-widget-container\">\n\t\t\t\t\t\t\t\t\t<div class=\"elementor-button-wrapper\">\n\t\t\t\t\t<a class=\"elementor-button elementor-button-link elementor-size-sm\" href=\"https:\/\/flubetech.com\/wp-content\/uploads\/2024\/12\/Politique-de-Qualite_v4_FR.pdf\" target=\"_blank\" rel=\"nofollow\" download=\"\">\n\t\t\t\t\t\t<span class=\"elementor-button-content-wrapper\">\n\t\t\t\t\t\t\t\t\t<span class=\"elementor-button-text\">T\u00c9L\u00c9CHARGEZ NOTRE POLITIQUE QUALIT\u00c9<\/span>\n\t\t\t\t\t<\/span>\n\t\t\t\t\t<\/a>\n\t\t\t\t<\/div>\n\t\t\t\t\t\t\t\t<\/div>\n\t\t\t\t<\/div>\n\t\t\t\t\t<\/div>\n\t\t<\/div>\n\t\t\t\t\t<\/div>\n\t\t<\/section>\n\t\t\t\t<\/div>\n\t\t","protected":false},"excerpt":{"rendered":"<p>POLITIQUE DE QUALIT\u00c9 Flubetech, S.L. est d\u00e9di\u00e9e au d\u00e9veloppement, \u00e0 la production et \u00e0 la commercialisation de rev\u00eatements sp\u00e9cialis\u00e9s bas\u00e9s sur des technologies avanc\u00e9es de d\u00e9p\u00f4t en phase vapeur. Ces technologies offrent des solutions innovantes aux d\u00e9fis actuels de l&rsquo;industrie, en donnant la priorit\u00e9 au respect de l&rsquo;environnement comme l&rsquo;un des piliers fondamentaux de notre [&hellip;]<\/p>\n","protected":false},"author":1,"featured_media":0,"parent":0,"menu_order":0,"comment_status":"closed","ping_status":"closed","template":"","meta":{"site-sidebar-layout":"no-sidebar","site-content-layout":"page-builder","ast-site-content-layout":"full-width-container","site-content-style":"default","site-sidebar-style":"default","ast-global-header-display":"","ast-banner-title-visibility":"","ast-main-header-display":"","ast-hfb-above-header-display":"","ast-hfb-below-header-display":"","ast-hfb-mobile-header-display":"","site-post-title":"disabled","ast-breadcrumbs-content":"","ast-featured-img":"disabled","footer-sml-layout":"","theme-transparent-header-meta":"default","adv-header-id-meta":"","stick-header-meta":"","header-above-stick-meta":"","header-main-stick-meta":"","header-below-stick-meta":"","astra-migrate-meta-layouts":"set","ast-page-background-enabled":"default","ast-page-background-meta":{"desktop":{"background-color":"var(--ast-global-color-4)","background-image":"","background-repeat":"repeat","background-position":"center center","background-size":"auto","background-attachment":"scroll","background-type":"","background-media":"","overlay-type":"","overlay-color":"","overlay-opacity":"","overlay-gradient":""},"tablet":{"background-color":"","background-image":"","background-repeat":"repeat","background-position":"center center","background-size":"auto","background-attachment":"scroll","background-type":"","background-media":"","overlay-type":"","overlay-color":"","overlay-opacity":"","overlay-gradient":""},"mobile":{"background-color":"","background-image":"","background-repeat":"repeat","background-position":"center center","background-size":"auto","background-attachment":"scroll","background-type":"","background-media":"","overlay-type":"","overlay-color":"","overlay-opacity":"","overlay-gradient":""}},"ast-content-background-meta":{"desktop":{"background-color":"var(--ast-global-color-5)","background-image":"","background-repeat":"repeat","background-position":"center center","background-size":"auto","background-attachment":"scroll","background-type":"","background-media":"","overlay-type":"","overlay-color":"","overlay-opacity":"","overlay-gradient":""},"tablet":{"background-color":"var(--ast-global-color-5)","background-image":"","background-repeat":"repeat","background-position":"center center","background-size":"auto","background-attachment":"scroll","background-type":"","background-media":"","overlay-type":"","overlay-color":"","overlay-opacity":"","overlay-gradient":""},"mobile":{"background-color":"var(--ast-global-color-5)","background-image":"","background-repeat":"repeat","background-position":"center center","background-size":"auto","background-attachment":"scroll","background-type":"","background-media":"","overlay-type":"","overlay-color":"","overlay-opacity":"","overlay-gradient":""}},"footnotes":""},"class_list":["post-6651","page","type-page","status-publish","hentry"],"_links":{"self":[{"href":"https:\/\/flubetech.com\/fr\/wp-json\/wp\/v2\/pages\/6651","targetHints":{"allow":["GET"]}}],"collection":[{"href":"https:\/\/flubetech.com\/fr\/wp-json\/wp\/v2\/pages"}],"about":[{"href":"https:\/\/flubetech.com\/fr\/wp-json\/wp\/v2\/types\/page"}],"author":[{"embeddable":true,"href":"https:\/\/flubetech.com\/fr\/wp-json\/wp\/v2\/users\/1"}],"replies":[{"embeddable":true,"href":"https:\/\/flubetech.com\/fr\/wp-json\/wp\/v2\/comments?post=6651"}],"version-history":[{"count":19,"href":"https:\/\/flubetech.com\/fr\/wp-json\/wp\/v2\/pages\/6651\/revisions"}],"predecessor-version":[{"id":7111,"href":"https:\/\/flubetech.com\/fr\/wp-json\/wp\/v2\/pages\/6651\/revisions\/7111"}],"wp:attachment":[{"href":"https:\/\/flubetech.com\/fr\/wp-json\/wp\/v2\/media?parent=6651"}],"curies":[{"name":"wp","href":"https:\/\/api.w.org\/{rel}","templated":true}]}}