{"id":4054,"date":"2022-08-12T15:12:57","date_gmt":"2022-09-07T01:19:59","guid":{"rendered":"https:\/\/flubetech.com\/?post_type=product&#038;p=4054"},"modified":"2022-09-27T21:34:37","modified_gmt":"2022-09-27T21:34:37","slug":"hsn2","status":"publish","type":"product","link":"https:\/\/flubetech.com\/fr\/Produit\/hsn2\/","title":{"rendered":"HSN2"},"content":{"rendered":"","protected":false},"excerpt":{"rendered":"<p><strong>DURET\u00c9 \u00c9LEV\u00c9E POUR LES MAT\u00c9RIAUX DIFFICILES<\/strong><\/p>\n<ul>\n<li>Haute duret\u00e9 et r\u00e9sistance \u00e0 l&rsquo;usure.<\/li>\n<li>Haute r\u00e9sistance \u00e0 la temp\u00e9rature.<\/li>\n<li>Usinage d&rsquo;aciers, Ni, Ti, Cr.<\/li>\n<\/ul>\n<p><a href=\"https:\/\/flubetech.com\/wp-content\/uploads\/2022\/09\/FICHE-TECHNIQUE-OUTILS-DE-COUPE.pdf\" target=\"_blank\" rel=\"noopener\"><span style=\"color: #9f1e27;\"><strong>T\u00c9L\u00c9CHARGER LA FICHE TECHNIQUE<\/strong><\/span><\/a><\/p>\n","protected":false},"featured_media":4915,"template":"","meta":{"site-sidebar-layout":"default","site-content-layout":"default","ast-site-content-layout":"default","site-content-style":"default","site-sidebar-style":"default","ast-global-header-display":"","ast-banner-title-visibility":"","ast-main-header-display":"","ast-hfb-above-header-display":"","ast-hfb-below-header-display":"","ast-hfb-mobile-header-display":"","site-post-title":"","ast-breadcrumbs-content":"","ast-featured-img":"","footer-sml-layout":"","theme-transparent-header-meta":"default","adv-header-id-meta":"","stick-header-meta":"","header-above-stick-meta":"","header-main-stick-meta":"","header-below-stick-meta":"","astra-migrate-meta-layouts":"default","ast-page-background-enabled":"default","ast-page-background-meta":{"desktop":{"background-color":"var(--ast-global-color-4)","background-image":"","background-repeat":"repeat","background-position":"center center","background-size":"auto","background-attachment":"scroll","background-type":"","background-media":"","overlay-type":"","overlay-color":"","overlay-opacity":"","overlay-gradient":""},"tablet":{"background-color":"","background-image":"","background-repeat":"repeat","background-position":"center center","background-size":"auto","background-attachment":"scroll","background-type":"","background-media":"","overlay-type":"","overlay-color":"","overlay-opacity":"","overlay-gradient":""},"mobile":{"background-color":"","background-image":"","background-repeat":"repeat","background-position":"center center","background-size":"auto","background-attachment":"scroll","background-type":"","background-media":"","overlay-type":"","overlay-color":"","overlay-opacity":"","overlay-gradient":""}},"ast-content-background-meta":{"desktop":{"background-color":"var(--ast-global-color-5)","background-image":"","background-repeat":"repeat","background-position":"center center","background-size":"auto","background-attachment":"scroll","background-type":"","background-media":"","overlay-type":"","overlay-color":"","overlay-opacity":"","overlay-gradient":""},"tablet":{"background-color":"var(--ast-global-color-5)","background-image":"","background-repeat":"repeat","background-position":"center center","background-size":"auto","background-attachment":"scroll","background-type":"","background-media":"","overlay-type":"","overlay-color":"","overlay-opacity":"","overlay-gradient":""},"mobile":{"background-color":"var(--ast-global-color-5)","background-image":"","background-repeat":"repeat","background-position":"center center","background-size":"auto","background-attachment":"scroll","background-type":"","background-media":"","overlay-type":"","overlay-color":"","overlay-opacity":"","overlay-gradient":""}}},"product_brand":[],"product_cat":[1275,1370,1365,1547,1373,1517,1482,1395,1401,1552,1542,1557],"product_tag":[],"class_list":{"0":"post-4054","1":"product","2":"type-product","3":"status-publish","4":"has-post-thumbnail","6":"product_cat-acier-inoxydable-materiau-a-usiner","7":"product_cat-alesage","8":"product_cat-ebauche","9":"product_cat-filetee","10":"product_cat-fraisage","11":"product_cat-insert-interchangeable","12":"product_cat-nickel-fr","13":"product_cat-outil-cylindrique","14":"product_cat-outil-de-coupe","15":"product_cat-percage","16":"product_cat-rainurage","17":"product_cat-titanio-fr","18":"desktop-align-left","19":"tablet-align-left","20":"mobile-align-left","22":"first","23":"instock","24":"shipping-taxable","25":"product-type-simple"},"_links":{"self":[{"href":"https:\/\/flubetech.com\/fr\/wp-json\/wp\/v2\/product\/4054","targetHints":{"allow":["GET"]}}],"collection":[{"href":"https:\/\/flubetech.com\/fr\/wp-json\/wp\/v2\/product"}],"about":[{"href":"https:\/\/flubetech.com\/fr\/wp-json\/wp\/v2\/types\/product"}],"wp:featuredmedia":[{"embeddable":true,"href":"https:\/\/flubetech.com\/fr\/wp-json\/wp\/v2\/media\/4915"}],"wp:attachment":[{"href":"https:\/\/flubetech.com\/fr\/wp-json\/wp\/v2\/media?parent=4054"}],"wp:term":[{"taxonomy":"product_brand","embeddable":true,"href":"https:\/\/flubetech.com\/fr\/wp-json\/wp\/v2\/product_brand?post=4054"},{"taxonomy":"product_cat","embeddable":true,"href":"https:\/\/flubetech.com\/fr\/wp-json\/wp\/v2\/product_cat?post=4054"},{"taxonomy":"product_tag","embeddable":true,"href":"https:\/\/flubetech.com\/fr\/wp-json\/wp\/v2\/product_tag?post=4054"}],"curies":[{"name":"wp","href":"https:\/\/api.w.org\/{rel}","templated":true}]}}