{"id":4300,"date":"2022-08-12T20:46:37","date_gmt":"2022-09-07T21:14:52","guid":{"rendered":"https:\/\/flubetech.com\/?post_type=product&#038;p=4300"},"modified":"2022-09-27T21:45:06","modified_gmt":"2022-09-27T21:45:06","slug":"carboform","status":"publish","type":"product","link":"https:\/\/flubetech.com\/fr\/Produit\/carboform\/","title":{"rendered":"CARBOFORM"},"content":{"rendered":"","protected":false},"excerpt":{"rendered":"<p><strong>UN MINIMUM DE FROTTEMENT POUR DES R\u00c9SULTATS INCOMPARABLES<\/strong><\/p>\n<ul>\n<li>Coefficient de frottement extr\u00eamement faible.<\/li>\n<li>R\u00e9sistance \u00e0 l&rsquo;usure par abrasion et particuli\u00e8rement par adh\u00e9sion.<\/li>\n<li>Comportement anti-adh\u00e9rent contre l&rsquo;aluminium et les t\u00f4les galvanis\u00e9es.<\/li>\n<\/ul>\n<p><a href=\"https:\/\/flubetech.com\/wp-content\/uploads\/2022\/09\/FICHE-TECHNIQUE-CARBOFORM.pdf\" target=\"_blank\" rel=\"noopener\"><span style=\"color: #9f1e27;\"><strong>T\u00c9L\u00c9CHARGER LA FICHE TECHNIQUE<\/strong><\/span><\/a><\/p>\n","protected":false},"featured_media":4915,"template":"","meta":{"site-sidebar-layout":"default","site-content-layout":"default","ast-site-content-layout":"default","site-content-style":"default","site-sidebar-style":"default","ast-global-header-display":"","ast-banner-title-visibility":"","ast-main-header-display":"","ast-hfb-above-header-display":"","ast-hfb-below-header-display":"","ast-hfb-mobile-header-display":"","site-post-title":"","ast-breadcrumbs-content":"","ast-featured-img":"","footer-sml-layout":"","theme-transparent-header-meta":"default","adv-header-id-meta":"","stick-header-meta":"","header-above-stick-meta":"","header-main-stick-meta":"","header-below-stick-meta":"","astra-migrate-meta-layouts":"default","ast-page-background-enabled":"default","ast-page-background-meta":{"desktop":{"background-color":"var(--ast-global-color-4)","background-image":"","background-repeat":"repeat","background-position":"center center","background-size":"auto","background-attachment":"scroll","background-type":"","background-media":"","overlay-type":"","overlay-color":"","overlay-opacity":"","overlay-gradient":""},"tablet":{"background-color":"","background-image":"","background-repeat":"repeat","background-position":"center center","background-size":"auto","background-attachment":"scroll","background-type":"","background-media":"","overlay-type":"","overlay-color":"","overlay-opacity":"","overlay-gradient":""},"mobile":{"background-color":"","background-image":"","background-repeat":"repeat","background-position":"center center","background-size":"auto","background-attachment":"scroll","background-type":"","background-media":"","overlay-type":"","overlay-color":"","overlay-opacity":"","overlay-gradient":""}},"ast-content-background-meta":{"desktop":{"background-color":"var(--ast-global-color-5)","background-image":"","background-repeat":"repeat","background-position":"center center","background-size":"auto","background-attachment":"scroll","background-type":"","background-media":"","overlay-type":"","overlay-color":"","overlay-opacity":"","overlay-gradient":""},"tablet":{"background-color":"var(--ast-global-color-5)","background-image":"","background-repeat":"repeat","background-position":"center center","background-size":"auto","background-attachment":"scroll","background-type":"","background-media":"","overlay-type":"","overlay-color":"","overlay-opacity":"","overlay-gradient":""},"mobile":{"background-color":"var(--ast-global-color-5)","background-image":"","background-repeat":"repeat","background-position":"center center","background-size":"auto","background-attachment":"scroll","background-type":"","background-media":"","overlay-type":"","overlay-color":"","overlay-opacity":"","overlay-gradient":""}}},"product_brand":[],"product_cat":[1321,1326,1350,1355,1405,1410,1472,1462,1452,1340],"product_tag":[],"class_list":{"0":"post-4300","1":"product","2":"type-product","3":"status-publish","4":"has-post-thumbnail","6":"product_cat-acier-pour-travail-a-chaud-fr","7":"product_cat-aluminium","8":"product_cat-conforme","9":"product_cat-coupe","10":"product_cat-hss-fr","11":"product_cat-hss-pm-fr","12":"product_cat-metal-dur","13":"product_cat-moulage-a-froid","14":"product_cat-mouler","15":"product_cat-tole-galvanisee","16":"desktop-align-left","17":"tablet-align-left","18":"mobile-align-left","20":"first","21":"instock","22":"shipping-taxable","23":"product-type-simple"},"_links":{"self":[{"href":"https:\/\/flubetech.com\/fr\/wp-json\/wp\/v2\/product\/4300","targetHints":{"allow":["GET"]}}],"collection":[{"href":"https:\/\/flubetech.com\/fr\/wp-json\/wp\/v2\/product"}],"about":[{"href":"https:\/\/flubetech.com\/fr\/wp-json\/wp\/v2\/types\/product"}],"wp:featuredmedia":[{"embeddable":true,"href":"https:\/\/flubetech.com\/fr\/wp-json\/wp\/v2\/media\/4915"}],"wp:attachment":[{"href":"https:\/\/flubetech.com\/fr\/wp-json\/wp\/v2\/media?parent=4300"}],"wp:term":[{"taxonomy":"product_brand","embeddable":true,"href":"https:\/\/flubetech.com\/fr\/wp-json\/wp\/v2\/product_brand?post=4300"},{"taxonomy":"product_cat","embeddable":true,"href":"https:\/\/flubetech.com\/fr\/wp-json\/wp\/v2\/product_cat?post=4300"},{"taxonomy":"product_tag","embeddable":true,"href":"https:\/\/flubetech.com\/fr\/wp-json\/wp\/v2\/product_tag?post=4300"}],"curies":[{"name":"wp","href":"https:\/\/api.w.org\/{rel}","templated":true}]}}