{"id":4311,"date":"2022-08-12T21:13:53","date_gmt":"2022-09-07T21:33:37","guid":{"rendered":"https:\/\/flubetech.com\/?post_type=product&#038;p=4311"},"modified":"2022-09-27T21:48:30","modified_gmt":"2022-09-27T21:48:30","slug":"hpn1","status":"publish","type":"product","link":"https:\/\/flubetech.com\/fr\/Produit\/hpn1\/","title":{"rendered":"HPN1"},"content":{"rendered":"","protected":false},"excerpt":{"rendered":"<p><strong>ING\u00c9NIERIE HIPIMS DE POINTE<\/strong><\/p>\n<ul>\n<li>Duret\u00e9 tr\u00e8s \u00e9lev\u00e9e et r\u00e9sistance \u00e0 la temp\u00e9rature.<\/li>\n<li>Haute densit\u00e9 et compacit\u00e9 (HiPIMS).<\/li>\n<li>R\u00e9sistance \u00e0 l&rsquo;adh\u00e9sion.<\/li>\n<\/ul>\n<p><a href=\"https:\/\/flubetech.com\/wp-content\/uploads\/2022\/09\/FICHE-TECHNIQUE-HiPIMS.pdf\" target=\"_blank\" rel=\"noopener\"><span style=\"color: #9f1e27;\"><strong>T\u00c9L\u00c9CHARGER LA FICHE TECHNIQUE<\/strong><\/span><\/a><\/p>\n","protected":false},"featured_media":4915,"template":"","meta":{"site-sidebar-layout":"default","site-content-layout":"default","ast-site-content-layout":"default","site-content-style":"default","site-sidebar-style":"default","ast-global-header-display":"","ast-banner-title-visibility":"","ast-main-header-display":"","ast-hfb-above-header-display":"","ast-hfb-below-header-display":"","ast-hfb-mobile-header-display":"","site-post-title":"","ast-breadcrumbs-content":"","ast-featured-img":"","footer-sml-layout":"","theme-transparent-header-meta":"default","adv-header-id-meta":"","stick-header-meta":"","header-above-stick-meta":"","header-main-stick-meta":"","header-below-stick-meta":"","astra-migrate-meta-layouts":"default","ast-page-background-enabled":"default","ast-page-background-meta":{"desktop":{"background-color":"var(--ast-global-color-4)","background-image":"","background-repeat":"repeat","background-position":"center center","background-size":"auto","background-attachment":"scroll","background-type":"","background-media":"","overlay-type":"","overlay-color":"","overlay-opacity":"","overlay-gradient":""},"tablet":{"background-color":"","background-image":"","background-repeat":"repeat","background-position":"center center","background-size":"auto","background-attachment":"scroll","background-type":"","background-media":"","overlay-type":"","overlay-color":"","overlay-opacity":"","overlay-gradient":""},"mobile":{"background-color":"","background-image":"","background-repeat":"repeat","background-position":"center center","background-size":"auto","background-attachment":"scroll","background-type":"","background-media":"","overlay-type":"","overlay-color":"","overlay-opacity":"","overlay-gradient":""}},"ast-content-background-meta":{"desktop":{"background-color":"var(--ast-global-color-5)","background-image":"","background-repeat":"repeat","background-position":"center center","background-size":"auto","background-attachment":"scroll","background-type":"","background-media":"","overlay-type":"","overlay-color":"","overlay-opacity":"","overlay-gradient":""},"tablet":{"background-color":"var(--ast-global-color-5)","background-image":"","background-repeat":"repeat","background-position":"center center","background-size":"auto","background-attachment":"scroll","background-type":"","background-media":"","overlay-type":"","overlay-color":"","overlay-opacity":"","overlay-gradient":""},"mobile":{"background-color":"var(--ast-global-color-5)","background-image":"","background-repeat":"repeat","background-position":"center center","background-size":"auto","background-attachment":"scroll","background-type":"","background-media":"","overlay-type":"","overlay-color":"","overlay-opacity":"","overlay-gradient":""}}},"product_brand":[],"product_cat":[1254,1268,1301,1306,1370,1326,1487,1350,1355,1365,1380,1385,1373,1427,1437,1517,1472,1462,1477,1395,1401,1492,1502,1552,1507,1522,1527,1532,1542,1467,1562],"product_tag":[],"class_list":{"0":"post-4311","1":"product","2":"type-product","3":"status-publish","4":"has-post-thumbnail","6":"product_cat-abs-fr","7":"product_cat-acier-400mpa-fr","8":"product_cat-aciers-5cr-23432344-etc","9":"product_cat-aciers-pretraites","10":"product_cat-alesage","11":"product_cat-aluminium","12":"product_cat-autre","13":"product_cat-conforme","14":"product_cat-coupe","15":"product_cat-ebauche","16":"product_cat-fonderie","17":"product_cat-forme","18":"product_cat-fraisage","19":"product_cat-injection-dalliage","20":"product_cat-injection-de-plastique","21":"product_cat-insert-interchangeable","22":"product_cat-metal-dur","23":"product_cat-moulage-a-froid","24":"product_cat-mouler-fr","25":"product_cat-outil-cylindrique","26":"product_cat-outil-de-coupe","27":"product_cat-pc-fr","28":"product_cat-pe-fr","29":"product_cat-percage","30":"product_cat-pet-fr","31":"product_cat-pmma-fr","32":"product_cat-pp-fr","33":"product_cat-ps-fr","34":"product_cat-rainurage","35":"product_cat-usinage-dengrenages","36":"product_cat-zamak-et-autres-alliages-legers","37":"desktop-align-left","38":"tablet-align-left","39":"mobile-align-left","41":"first","42":"instock","43":"shipping-taxable","44":"product-type-simple"},"_links":{"self":[{"href":"https:\/\/flubetech.com\/fr\/wp-json\/wp\/v2\/product\/4311","targetHints":{"allow":["GET"]}}],"collection":[{"href":"https:\/\/flubetech.com\/fr\/wp-json\/wp\/v2\/product"}],"about":[{"href":"https:\/\/flubetech.com\/fr\/wp-json\/wp\/v2\/types\/product"}],"wp:featuredmedia":[{"embeddable":true,"href":"https:\/\/flubetech.com\/fr\/wp-json\/wp\/v2\/media\/4915"}],"wp:attachment":[{"href":"https:\/\/flubetech.com\/fr\/wp-json\/wp\/v2\/media?parent=4311"}],"wp:term":[{"taxonomy":"product_brand","embeddable":true,"href":"https:\/\/flubetech.com\/fr\/wp-json\/wp\/v2\/product_brand?post=4311"},{"taxonomy":"product_cat","embeddable":true,"href":"https:\/\/flubetech.com\/fr\/wp-json\/wp\/v2\/product_cat?post=4311"},{"taxonomy":"product_tag","embeddable":true,"href":"https:\/\/flubetech.com\/fr\/wp-json\/wp\/v2\/product_tag?post=4311"}],"curies":[{"name":"wp","href":"https:\/\/api.w.org\/{rel}","templated":true}]}}