{"id":4316,"date":"2022-08-12T21:20:33","date_gmt":"2022-09-07T21:47:24","guid":{"rendered":"https:\/\/flubetech.com\/?post_type=product&#038;p=4316"},"modified":"2022-09-27T21:49:24","modified_gmt":"2022-09-27T21:49:24","slug":"orion","status":"publish","type":"product","link":"https:\/\/flubetech.com\/fr\/Produit\/orion\/","title":{"rendered":"ORION"},"content":{"rendered":"","protected":false},"excerpt":{"rendered":"<p><strong>COMBINAISON PARFAITES, PROPRI\u00c9T\u00c9S IN\u00c9GALABLES<\/strong><\/p>\n<ul>\n<li>Duret\u00e9 tr\u00e8s \u00e9lev\u00e9e et faible coefficient de frottement.<\/li>\n<li>R\u00e9sistance \u00e0 l&rsquo;abrasion et \u00e0 l&rsquo;adh\u00e9sion.<\/li>\n<li>\u00c9vite les microsoudures et les grippages.<\/li>\n<li>Couche d&rsquo;ancrage sp\u00e9ciale pour les matrices.<\/li>\n<\/ul>\n<p><a href=\"https:\/\/flubetech.com\/wp-content\/uploads\/2022\/09\/FICHE-TECHNIQUE-ORION.pdf\" target=\"_blank\" rel=\"noopener\"><span style=\"color: #9f1e27;\"><strong>T\u00c9L\u00c9CHARGER LA FICHE TECHNIQUE<\/strong><\/span><\/a><\/p>\n","protected":false},"featured_media":4915,"template":"","meta":{"site-sidebar-layout":"default","site-content-layout":"default","ast-site-content-layout":"default","site-content-style":"default","site-sidebar-style":"default","ast-global-header-display":"","ast-banner-title-visibility":"","ast-main-header-display":"","ast-hfb-above-header-display":"","ast-hfb-below-header-display":"","ast-hfb-mobile-header-display":"","site-post-title":"","ast-breadcrumbs-content":"","ast-featured-img":"","footer-sml-layout":"","theme-transparent-header-meta":"default","adv-header-id-meta":"","stick-header-meta":"","header-above-stick-meta":"","header-main-stick-meta":"","header-below-stick-meta":"","astra-migrate-meta-layouts":"default","ast-page-background-enabled":"default","ast-page-background-meta":{"desktop":{"background-color":"var(--ast-global-color-4)","background-image":"","background-repeat":"repeat","background-position":"center center","background-size":"auto","background-attachment":"scroll","background-type":"","background-media":"","overlay-type":"","overlay-color":"","overlay-opacity":"","overlay-gradient":""},"tablet":{"background-color":"","background-image":"","background-repeat":"repeat","background-position":"center center","background-size":"auto","background-attachment":"scroll","background-type":"","background-media":"","overlay-type":"","overlay-color":"","overlay-opacity":"","overlay-gradient":""},"mobile":{"background-color":"","background-image":"","background-repeat":"repeat","background-position":"center center","background-size":"auto","background-attachment":"scroll","background-type":"","background-media":"","overlay-type":"","overlay-color":"","overlay-opacity":"","overlay-gradient":""}},"ast-content-background-meta":{"desktop":{"background-color":"var(--ast-global-color-5)","background-image":"","background-repeat":"repeat","background-position":"center center","background-size":"auto","background-attachment":"scroll","background-type":"","background-media":"","overlay-type":"","overlay-color":"","overlay-opacity":"","overlay-gradient":""},"tablet":{"background-color":"var(--ast-global-color-5)","background-image":"","background-repeat":"repeat","background-position":"center center","background-size":"auto","background-attachment":"scroll","background-type":"","background-media":"","overlay-type":"","overlay-color":"","overlay-opacity":"","overlay-gradient":""},"mobile":{"background-color":"var(--ast-global-color-5)","background-image":"","background-repeat":"repeat","background-position":"center center","background-size":"auto","background-attachment":"scroll","background-type":"","background-media":"","overlay-type":"","overlay-color":"","overlay-opacity":"","overlay-gradient":""}}},"product_brand":[],"product_cat":[1282,1261,1286,1321,1350,1355,1405,1410,1457,1472,1462,1452],"product_tag":[],"class_list":{"0":"post-4316","1":"product","2":"type-product","3":"status-publish","4":"has-post-thumbnail","6":"product_cat-acier-fr-2","7":"product_cat-acier-400mpa","8":"product_cat-acier-inoxydable-materiau-en-feuille","9":"product_cat-acier-pour-travail-a-chaud-fr","10":"product_cat-conforme","11":"product_cat-coupe","12":"product_cat-hss-fr","13":"product_cat-hss-pm-fr","14":"product_cat-machines-a-matrices-pour-travail-a-chaud","15":"product_cat-metal-dur","16":"product_cat-moulage-a-froid","17":"product_cat-mouler","18":"desktop-align-left","19":"tablet-align-left","20":"mobile-align-left","22":"first","23":"instock","24":"shipping-taxable","25":"product-type-simple"},"_links":{"self":[{"href":"https:\/\/flubetech.com\/fr\/wp-json\/wp\/v2\/product\/4316","targetHints":{"allow":["GET"]}}],"collection":[{"href":"https:\/\/flubetech.com\/fr\/wp-json\/wp\/v2\/product"}],"about":[{"href":"https:\/\/flubetech.com\/fr\/wp-json\/wp\/v2\/types\/product"}],"wp:featuredmedia":[{"embeddable":true,"href":"https:\/\/flubetech.com\/fr\/wp-json\/wp\/v2\/media\/4915"}],"wp:attachment":[{"href":"https:\/\/flubetech.com\/fr\/wp-json\/wp\/v2\/media?parent=4316"}],"wp:term":[{"taxonomy":"product_brand","embeddable":true,"href":"https:\/\/flubetech.com\/fr\/wp-json\/wp\/v2\/product_brand?post=4316"},{"taxonomy":"product_cat","embeddable":true,"href":"https:\/\/flubetech.com\/fr\/wp-json\/wp\/v2\/product_cat?post=4316"},{"taxonomy":"product_tag","embeddable":true,"href":"https:\/\/flubetech.com\/fr\/wp-json\/wp\/v2\/product_tag?post=4316"}],"curies":[{"name":"wp","href":"https:\/\/api.w.org\/{rel}","templated":true}]}}