{"id":4752,"date":"2022-09-06T23:43:41","date_gmt":"2022-09-15T00:16:32","guid":{"rendered":"https:\/\/flubetech.com\/?post_type=product&#038;p=4752"},"modified":"2022-09-27T21:58:39","modified_gmt":"2022-09-27T21:58:39","slug":"orion-plus-duplex","status":"publish","type":"product","link":"https:\/\/flubetech.com\/fr\/Produit\/orion-plus-duplex\/","title":{"rendered":"ORION PLUS\/DUPLEX"},"content":{"rendered":"","protected":false},"excerpt":{"rendered":"<p><strong>COMBINAISON PARFAITE, PROPRI\u00c9T\u00c9S IN\u00c9GAL\u00c9ES<\/strong><\/p>\n<ul>\n<li>Tr\u00e8s haute duret\u00e9 et tr\u00e8s faible coefficient de frottement.<\/li>\n<li>R\u00e9sistance abrasive et adh\u00e9sive.<\/li>\n<li>\u00c9viter les micro-soudures et les grippages.<\/li>\n<li>Couche d&rsquo;ancrage sp\u00e9ciale pour l&rsquo;outillage.<\/li>\n<li>Gamme Plus et Duplex : Nitruration de base<\/li>\n<\/ul>\n<p><a href=\"https:\/\/flubetech.com\/wp-content\/uploads\/2022\/09\/FICHE-TECHNIQUE-ORION.pdf\" target=\"_blank\" rel=\"noopener\"><strong>T\u00c9L\u00c9CHARGER LA FICHE TECHNIQUE<\/strong><\/a><\/p>\n","protected":false},"featured_media":4915,"template":"","meta":{"site-sidebar-layout":"default","site-content-layout":"default","ast-site-content-layout":"default","site-content-style":"default","site-sidebar-style":"default","ast-global-header-display":"","ast-banner-title-visibility":"","ast-main-header-display":"","ast-hfb-above-header-display":"","ast-hfb-below-header-display":"","ast-hfb-mobile-header-display":"","site-post-title":"","ast-breadcrumbs-content":"","ast-featured-img":"","footer-sml-layout":"","theme-transparent-header-meta":"default","adv-header-id-meta":"","stick-header-meta":"","header-above-stick-meta":"","header-main-stick-meta":"","header-below-stick-meta":"","astra-migrate-meta-layouts":"default","ast-page-background-enabled":"default","ast-page-background-meta":{"desktop":{"background-color":"var(--ast-global-color-4)","background-image":"","background-repeat":"repeat","background-position":"center center","background-size":"auto","background-attachment":"scroll","background-type":"","background-media":"","overlay-type":"","overlay-color":"","overlay-opacity":"","overlay-gradient":""},"tablet":{"background-color":"","background-image":"","background-repeat":"repeat","background-position":"center center","background-size":"auto","background-attachment":"scroll","background-type":"","background-media":"","overlay-type":"","overlay-color":"","overlay-opacity":"","overlay-gradient":""},"mobile":{"background-color":"","background-image":"","background-repeat":"repeat","background-position":"center center","background-size":"auto","background-attachment":"scroll","background-type":"","background-media":"","overlay-type":"","overlay-color":"","overlay-opacity":"","overlay-gradient":""}},"ast-content-background-meta":{"desktop":{"background-color":"var(--ast-global-color-5)","background-image":"","background-repeat":"repeat","background-position":"center center","background-size":"auto","background-attachment":"scroll","background-type":"","background-media":"","overlay-type":"","overlay-color":"","overlay-opacity":"","overlay-gradient":""},"tablet":{"background-color":"var(--ast-global-color-5)","background-image":"","background-repeat":"repeat","background-position":"center center","background-size":"auto","background-attachment":"scroll","background-type":"","background-media":"","overlay-type":"","overlay-color":"","overlay-opacity":"","overlay-gradient":""},"mobile":{"background-color":"var(--ast-global-color-5)","background-image":"","background-repeat":"repeat","background-position":"center center","background-size":"auto","background-attachment":"scroll","background-type":"","background-media":"","overlay-type":"","overlay-color":"","overlay-opacity":"","overlay-gradient":""}}},"product_brand":[],"product_cat":[1261,1286,1321,1350,1405,1410,1457,1472,1452],"product_tag":[],"class_list":{"0":"post-4752","1":"product","2":"type-product","3":"status-publish","4":"has-post-thumbnail","6":"product_cat-acier-400mpa","7":"product_cat-acier-inoxydable-materiau-en-feuille","8":"product_cat-acier-pour-travail-a-chaud-fr","9":"product_cat-conforme","10":"product_cat-hss-fr","11":"product_cat-hss-pm-fr","12":"product_cat-machines-a-matrices-pour-travail-a-chaud","13":"product_cat-metal-dur","14":"product_cat-mouler","15":"desktop-align-left","16":"tablet-align-left","17":"mobile-align-left","19":"first","20":"instock","21":"shipping-taxable","22":"product-type-simple"},"_links":{"self":[{"href":"https:\/\/flubetech.com\/fr\/wp-json\/wp\/v2\/product\/4752","targetHints":{"allow":["GET"]}}],"collection":[{"href":"https:\/\/flubetech.com\/fr\/wp-json\/wp\/v2\/product"}],"about":[{"href":"https:\/\/flubetech.com\/fr\/wp-json\/wp\/v2\/types\/product"}],"wp:featuredmedia":[{"embeddable":true,"href":"https:\/\/flubetech.com\/fr\/wp-json\/wp\/v2\/media\/4915"}],"wp:attachment":[{"href":"https:\/\/flubetech.com\/fr\/wp-json\/wp\/v2\/media?parent=4752"}],"wp:term":[{"taxonomy":"product_brand","embeddable":true,"href":"https:\/\/flubetech.com\/fr\/wp-json\/wp\/v2\/product_brand?post=4752"},{"taxonomy":"product_cat","embeddable":true,"href":"https:\/\/flubetech.com\/fr\/wp-json\/wp\/v2\/product_cat?post=4752"},{"taxonomy":"product_tag","embeddable":true,"href":"https:\/\/flubetech.com\/fr\/wp-json\/wp\/v2\/product_tag?post=4752"}],"curies":[{"name":"wp","href":"https:\/\/api.w.org\/{rel}","templated":true}]}}