{"id":6364,"date":"2024-12-11T02:53:57","date_gmt":"2024-12-11T02:56:54","guid":{"rendered":"https:\/\/flubetech.com\/?post_type=product&#038;p=6364"},"modified":"2025-03-20T15:08:26","modified_gmt":"2025-03-20T15:08:26","slug":"forma-hot","status":"publish","type":"product","link":"https:\/\/flubetech.com\/fr\/Produit\/forma-hot\/","title":{"rendered":"FORMA HOT"},"content":{"rendered":"<ul>\n<li>Couche d\u2019ancrage sp\u00e9ciale pour les outillages<\/li>\n<li>Tr\u00e8s haute duret\u00e9, m\u00eame \u00e0 chaud.<\/li>\n<li>Haute r\u00e9sistance \u00e0 l&rsquo;abrasion et \u00e0 l&rsquo;adh\u00e9sion.<\/li>\n<li>R\u00e9sistance \u00e9lev\u00e9e \u00e0 la temp\u00e9rature, \u00e0 la fatigue thermique et \u00e0 la fatigue de contact.<\/li>\n<\/ul>\n<p><a href=\"https:\/\/flubetech.com\/wp-content\/uploads\/2024\/12\/23_Fiche-technique-Forma-Hot_FR-1.pdf\" target=\"_blank\" rel=\"noopener\"><span style=\"color: #9f1e27;\"><strong>T\u00c9L\u00c9CHARGER LA FICHE TECHNIQUE<\/strong><\/span><\/a><\/p>\n","protected":false},"excerpt":{"rendered":"<ul>\n<li>Couche d\u2019ancrage sp\u00e9ciale pour les outillages<\/li>\n<li>Tr\u00e8s haute duret\u00e9, m\u00eame \u00e0 chaud.<\/li>\n<li>Haute r\u00e9sistance \u00e0 l&rsquo;abrasion et \u00e0 l&rsquo;adh\u00e9sion.<\/li>\n<li>R\u00e9sistance \u00e9lev\u00e9e \u00e0 la temp\u00e9rature, \u00e0 la fatigue thermique et \u00e0 la fatigue de contact.<\/li>\n<\/ul>\n<p><a href=\"https:\/\/flubetech.com\/wp-content\/uploads\/2024\/12\/23_Fiche-technique-Forma-Hot_FR-1.pdf\" target=\"_blank\" rel=\"noopener\"><span style=\"color: #9f1e27;\"><strong>T\u00c9L\u00c9CHARGER LA FICHE TECHNIQUE<\/strong><\/span><\/a><\/p>\n","protected":false},"featured_media":4915,"template":"","meta":{"site-sidebar-layout":"default","site-content-layout":"","ast-site-content-layout":"default","site-content-style":"default","site-sidebar-style":"default","ast-global-header-display":"","ast-banner-title-visibility":"","ast-main-header-display":"","ast-hfb-above-header-display":"","ast-hfb-below-header-display":"","ast-hfb-mobile-header-display":"","site-post-title":"","ast-breadcrumbs-content":"","ast-featured-img":"","footer-sml-layout":"","theme-transparent-header-meta":"default","adv-header-id-meta":"","stick-header-meta":"","header-above-stick-meta":"","header-main-stick-meta":"","header-below-stick-meta":"","astra-migrate-meta-layouts":"set","ast-page-background-enabled":"default","ast-page-background-meta":{"desktop":{"background-color":"var(--ast-global-color-4)","background-image":"","background-repeat":"repeat","background-position":"center center","background-size":"auto","background-attachment":"scroll","background-type":"","background-media":"","overlay-type":"","overlay-color":"","overlay-opacity":"","overlay-gradient":""},"tablet":{"background-color":"","background-image":"","background-repeat":"repeat","background-position":"center center","background-size":"auto","background-attachment":"scroll","background-type":"","background-media":"","overlay-type":"","overlay-color":"","overlay-opacity":"","overlay-gradient":""},"mobile":{"background-color":"","background-image":"","background-repeat":"repeat","background-position":"center center","background-size":"auto","background-attachment":"scroll","background-type":"","background-media":"","overlay-type":"","overlay-color":"","overlay-opacity":"","overlay-gradient":""}},"ast-content-background-meta":{"desktop":{"background-color":"var(--ast-global-color-5)","background-image":"","background-repeat":"repeat","background-position":"center center","background-size":"auto","background-attachment":"scroll","background-type":"","background-media":"","overlay-type":"","overlay-color":"","overlay-opacity":"","overlay-gradient":""},"tablet":{"background-color":"var(--ast-global-color-5)","background-image":"","background-repeat":"repeat","background-position":"center center","background-size":"auto","background-attachment":"scroll","background-type":"","background-media":"","overlay-type":"","overlay-color":"","overlay-opacity":"","overlay-gradient":""},"mobile":{"background-color":"var(--ast-global-color-5)","background-image":"","background-repeat":"repeat","background-position":"center center","background-size":"auto","background-attachment":"scroll","background-type":"","background-media":"","overlay-type":"","overlay-color":"","overlay-opacity":"","overlay-gradient":""}}},"product_brand":[],"product_cat":[1452],"product_tag":[],"class_list":{"0":"post-6364","1":"product","2":"type-product","3":"status-publish","4":"has-post-thumbnail","6":"product_cat-mouler","7":"desktop-align-left","8":"tablet-align-left","9":"mobile-align-left","11":"first","12":"instock","13":"shipping-taxable","14":"product-type-simple"},"_links":{"self":[{"href":"https:\/\/flubetech.com\/fr\/wp-json\/wp\/v2\/product\/6364","targetHints":{"allow":["GET"]}}],"collection":[{"href":"https:\/\/flubetech.com\/fr\/wp-json\/wp\/v2\/product"}],"about":[{"href":"https:\/\/flubetech.com\/fr\/wp-json\/wp\/v2\/types\/product"}],"wp:featuredmedia":[{"embeddable":true,"href":"https:\/\/flubetech.com\/fr\/wp-json\/wp\/v2\/media\/4915"}],"wp:attachment":[{"href":"https:\/\/flubetech.com\/fr\/wp-json\/wp\/v2\/media?parent=6364"}],"wp:term":[{"taxonomy":"product_brand","embeddable":true,"href":"https:\/\/flubetech.com\/fr\/wp-json\/wp\/v2\/product_brand?post=6364"},{"taxonomy":"product_cat","embeddable":true,"href":"https:\/\/flubetech.com\/fr\/wp-json\/wp\/v2\/product_cat?post=6364"},{"taxonomy":"product_tag","embeddable":true,"href":"https:\/\/flubetech.com\/fr\/wp-json\/wp\/v2\/product_tag?post=6364"}],"curies":[{"name":"wp","href":"https:\/\/api.w.org\/{rel}","templated":true}]}}