{"id":3006,"date":"2022-08-27T02:17:50","date_gmt":"2022-08-27T02:17:50","guid":{"rendered":"https:\/\/flubetech.com\/?page_id=3006"},"modified":"2022-09-08T04:51:00","modified_gmt":"2022-09-08T04:51:00","slug":"aviso-legal","status":"publish","type":"page","link":"https:\/\/flubetech.com\/pt-pt\/aviso-legal\/","title":{"rendered":"Aviso legal"},"content":{"rendered":"\t\t<div data-elementor-type=\"wp-page\" data-elementor-id=\"3006\" class=\"elementor elementor-3006 elementor-1323\" data-elementor-post-type=\"page\">\n\t\t\t\t\t\t<section class=\"elementor-section elementor-top-section elementor-element elementor-element-56bd5a4 elementor-section-full_width elementor-section-stretched elementor-section-height-default elementor-section-height-default\" data-id=\"56bd5a4\" data-element_type=\"section\" data-settings=\"{&quot;stretch_section&quot;:&quot;section-stretched&quot;}\">\n\t\t\t\t\t\t<div class=\"elementor-container elementor-column-gap-default\">\n\t\t\t\t\t<div class=\"elementor-column elementor-col-100 elementor-top-column elementor-element elementor-element-dd0874c\" data-id=\"dd0874c\" data-element_type=\"column\">\n\t\t\t<div class=\"elementor-widget-wrap elementor-element-populated\">\n\t\t\t\t\t\t<div class=\"elementor-element elementor-element-7a7311e elementor--h-position-right elementor--v-position-middle elementor-pagination-position-inside elementor-widget elementor-widget-slides\" data-id=\"7a7311e\" data-element_type=\"widget\" data-settings=\"{&quot;navigation&quot;:&quot;dots&quot;,&quot;autoplay&quot;:&quot;yes&quot;,&quot;pause_on_hover&quot;:&quot;yes&quot;,&quot;pause_on_interaction&quot;:&quot;yes&quot;,&quot;autoplay_speed&quot;:5000,&quot;infinite&quot;:&quot;yes&quot;,&quot;transition&quot;:&quot;slide&quot;,&quot;transition_speed&quot;:500}\" data-widget_type=\"slides.default\">\n\t\t\t\t<div class=\"elementor-widget-container\">\n\t\t\t\t\t\t\t\t\t<div class=\"elementor-swiper\">\n\t\t\t\t\t<div class=\"elementor-slides-wrapper elementor-main-swiper swiper\" role=\"region\" aria-roledescription=\"carousel\" aria-label=\"Slides\" dir=\"ltr\" data-animation=\"fadeInUp\">\n\t\t\t\t<div class=\"swiper-wrapper elementor-slides\">\n\t\t\t\t\t\t\t\t\t\t<div class=\"elementor-repeater-item-f35e35f swiper-slide\" role=\"group\" aria-roledescription=\"slide\"><div class=\"swiper-slide-bg\" role=\"img\" aria-label=\"CONTACTO_1\"><\/div><div class=\"swiper-slide-inner\" ><div class=\"swiper-slide-contents\"><div class=\"elementor-slide-description\">AVISO LEGAL<\/div><\/div><\/div><\/div>\t\t\t\t<\/div>\n\t\t\t\t\t\t\t<\/div>\n\t\t\t\t<\/div>\n\t\t\t\t\t\t\t\t<\/div>\n\t\t\t\t<\/div>\n\t\t\t\t\t<\/div>\n\t\t<\/div>\n\t\t\t\t\t<\/div>\n\t\t<\/section>\n\t\t\t\t<section class=\"elementor-section elementor-top-section elementor-element elementor-element-bf37325 elementor-section-boxed elementor-section-height-default elementor-section-height-default\" data-id=\"bf37325\" data-element_type=\"section\">\n\t\t\t\t\t\t<div class=\"elementor-container elementor-column-gap-default\">\n\t\t\t\t\t<div class=\"elementor-column elementor-col-100 elementor-top-column elementor-element elementor-element-36fcf13\" data-id=\"36fcf13\" data-element_type=\"column\">\n\t\t\t<div class=\"elementor-widget-wrap elementor-element-populated\">\n\t\t\t\t\t\t<div class=\"elementor-element elementor-element-acc5344 elementor-widget elementor-widget-text-editor\" data-id=\"acc5344\" data-element_type=\"widget\" data-widget_type=\"text-editor.default\">\n\t\t\t\t<div class=\"elementor-widget-container\">\n\t\t\t\t\t\t\t\t\t<p>A FLUBETECH, SL, com NIF B64165632, endere\u00e7o em C\/ MONTSI\u00c0 23, POL\u00cdGONO INDUSTRIAL CAN CARNER, 08211, CASTELLAR DEL VALL\u00c9S, BARCELONA, n\u00e3o assume qualquer responsabilidade causada pela utiliza\u00e7\u00e3o incorreta, inapropriada ou il\u00edcita da informa\u00e7\u00e3o que apare\u00e7a na p\u00e1gina <u>www.flubetech.com<\/u>. De igual modo, n\u00e3o pode assumir qualquer responsabilidade causada pela falta de integridade, atualiza\u00e7\u00e3o, veracidade e precis\u00e3o dos dados ou informa\u00e7\u00f5es contidas, com os limites que estabelece a lei.<\/p><p>A informa\u00e7\u00e3o e conte\u00fado n\u00e3o constituem a opini\u00e3o, consulta ou assessoramento legal de qualquer tipo; de igual modo tamb\u00e9m n\u00e3o vinculam a FLUBETECH, SL, pois trata-se de um servi\u00e7o com car\u00e1cter informativo e divulgativo.<\/p><p><u>www.flubetech.com<\/u> pode conter liga\u00e7\u00f5es a p\u00e1ginas web de terceiros, que n\u00e3o podem ser supervisionadas por FLUBETECH, SL, n\u00e3o assumindo a responsabilidade pelo conte\u00fado que possa aparecer nas mesmas.<\/p><p>Os textos, imagens, sons, anima\u00e7\u00f5es, software e outros conte\u00fados inclu\u00eddos em <u>www.flubetech.com<\/u> s\u00e3o de propriedade exclusiva da FRS ou dos seus licenciantes. Qualquer ato de transmiss\u00e3o, distribui\u00e7\u00e3o, reprodu\u00e7\u00e3o, cess\u00e3o, armazenamento ou comunica\u00e7\u00e3o p\u00fablica, deve estar expressamente consentido por FLUBETECH, SL.<\/p><p>Por \u00faltimo, para poder aceder a determinados servi\u00e7os que oferece FLUBETECH, SL a trav\u00e9s de <u>www.flubetech.com<\/u>, ser\u00e1 necess\u00e1rio proporcionar dados pessoais. Em cumprimento com o estabelecido no Regulamento (UE) 2016\/679 do Parlamento Europeu e do Conselho, de 27 de Abril de 2016, relativo \u00e0 prote\u00e7\u00e3o das pessoas singulares no que diz respeito ao tratamento de dados pessoais e \u00e0 livre circula\u00e7\u00e3o desses dados, informamos que atrav\u00e9s do preenchimento dos formul\u00e1rios que se encontram na p\u00e1gina web, os seus dados pessoais ser\u00e3o incorporados aos ficheiros de FLUBETECH, SL e ser\u00e3o tratados com a finalidade de poder prestar servi\u00e7os e informar-lhe de melhoras de <u>www.flubetech.com<\/u>. O utilizador pode exercer os seus direitos de acesso, retifica\u00e7\u00e3o, cancela\u00e7\u00e3o, oposi\u00e7\u00e3o, limita\u00e7\u00e3o do tratamento e portabilidade atrav\u00e9s de um correio eletr\u00f3nico a <u>info@flubetech.com<\/u> ou em C\/ MONTSI\u00c0 23, POL\u00cdGONO INDUSTRIAL CAN CARNER, 08211, CASTELLAR DEL VALL\u00c9S, BARCELONA.<\/p><p>\u00a0<\/p>\t\t\t\t\t\t\t\t<\/div>\n\t\t\t\t<\/div>\n\t\t\t\t\t<\/div>\n\t\t<\/div>\n\t\t\t\t\t<\/div>\n\t\t<\/section>\n\t\t\t\t<\/div>\n\t\t","protected":false},"excerpt":{"rendered":"<p>AVISO LEGAL A FLUBETECH, SL, com NIF B64165632, endere\u00e7o em C\/ MONTSI\u00c0 23, POL\u00cdGONO INDUSTRIAL CAN CARNER, 08211, CASTELLAR DEL VALL\u00c9S, BARCELONA, n\u00e3o assume qualquer responsabilidade causada pela utiliza\u00e7\u00e3o incorreta, inapropriada ou il\u00edcita da informa\u00e7\u00e3o que apare\u00e7a na p\u00e1gina www.flubetech.com. De igual modo, n\u00e3o pode assumir qualquer responsabilidade causada pela falta de integridade, atualiza\u00e7\u00e3o, veracidade [&hellip;]<\/p>\n","protected":false},"author":1,"featured_media":0,"parent":0,"menu_order":0,"comment_status":"closed","ping_status":"closed","template":"elementor_header_footer","meta":{"site-sidebar-layout":"no-sidebar","site-content-layout":"page-builder","ast-site-content-layout":"default","site-content-style":"default","site-sidebar-style":"default","ast-global-header-display":"","ast-banner-title-visibility":"","ast-main-header-display":"","ast-hfb-above-header-display":"","ast-hfb-below-header-display":"","ast-hfb-mobile-header-display":"","site-post-title":"disabled","ast-breadcrumbs-content":"","ast-featured-img":"disabled","footer-sml-layout":"","theme-transparent-header-meta":"default","adv-header-id-meta":"","stick-header-meta":"","header-above-stick-meta":"","header-main-stick-meta":"","header-below-stick-meta":"","astra-migrate-meta-layouts":"default","ast-page-background-enabled":"default","ast-page-background-meta":{"desktop":{"background-color":"var(--ast-global-color-4)","background-image":"","background-repeat":"repeat","background-position":"center center","background-size":"auto","background-attachment":"scroll","background-type":"","background-media":"","overlay-type":"","overlay-color":"","overlay-opacity":"","overlay-gradient":""},"tablet":{"background-color":"","background-image":"","background-repeat":"repeat","background-position":"center center","background-size":"auto","background-attachment":"scroll","background-type":"","background-media":"","overlay-type":"","overlay-color":"","overlay-opacity":"","overlay-gradient":""},"mobile":{"background-color":"","background-image":"","background-repeat":"repeat","background-position":"center center","background-size":"auto","background-attachment":"scroll","background-type":"","background-media":"","overlay-type":"","overlay-color":"","overlay-opacity":"","overlay-gradient":""}},"ast-content-background-meta":{"desktop":{"background-color":"var(--ast-global-color-5)","background-image":"","background-repeat":"repeat","background-position":"center center","background-size":"auto","background-attachment":"scroll","background-type":"","background-media":"","overlay-type":"","overlay-color":"","overlay-opacity":"","overlay-gradient":""},"tablet":{"background-color":"var(--ast-global-color-5)","background-image":"","background-repeat":"repeat","background-position":"center center","background-size":"auto","background-attachment":"scroll","background-type":"","background-media":"","overlay-type":"","overlay-color":"","overlay-opacity":"","overlay-gradient":""},"mobile":{"background-color":"var(--ast-global-color-5)","background-image":"","background-repeat":"repeat","background-position":"center center","background-size":"auto","background-attachment":"scroll","background-type":"","background-media":"","overlay-type":"","overlay-color":"","overlay-opacity":"","overlay-gradient":""}},"footnotes":""},"class_list":["post-3006","page","type-page","status-publish","hentry"],"_links":{"self":[{"href":"https:\/\/flubetech.com\/pt-pt\/wp-json\/wp\/v2\/pages\/3006","targetHints":{"allow":["GET"]}}],"collection":[{"href":"https:\/\/flubetech.com\/pt-pt\/wp-json\/wp\/v2\/pages"}],"about":[{"href":"https:\/\/flubetech.com\/pt-pt\/wp-json\/wp\/v2\/types\/page"}],"author":[{"embeddable":true,"href":"https:\/\/flubetech.com\/pt-pt\/wp-json\/wp\/v2\/users\/1"}],"replies":[{"embeddable":true,"href":"https:\/\/flubetech.com\/pt-pt\/wp-json\/wp\/v2\/comments?post=3006"}],"version-history":[{"count":7,"href":"https:\/\/flubetech.com\/pt-pt\/wp-json\/wp\/v2\/pages\/3006\/revisions"}],"predecessor-version":[{"id":4405,"href":"https:\/\/flubetech.com\/pt-pt\/wp-json\/wp\/v2\/pages\/3006\/revisions\/4405"}],"wp:attachment":[{"href":"https:\/\/flubetech.com\/pt-pt\/wp-json\/wp\/v2\/media?parent=3006"}],"curies":[{"name":"wp","href":"https:\/\/api.w.org\/{rel}","templated":true}]}}