{"id":3016,"date":"2022-08-27T02:25:21","date_gmt":"2022-08-27T02:25:21","guid":{"rendered":"https:\/\/flubetech.com\/?page_id=3016"},"modified":"2022-09-08T04:24:07","modified_gmt":"2022-09-08T04:24:07","slug":"politicas-de-privacidade","status":"publish","type":"page","link":"https:\/\/flubetech.com\/pt-pt\/politicas-de-privacidade\/","title":{"rendered":"Pol\u00edticas de privacidade"},"content":{"rendered":"\t\t<div data-elementor-type=\"wp-page\" data-elementor-id=\"3016\" class=\"elementor elementor-3016 elementor-1346\" data-elementor-post-type=\"page\">\n\t\t\t\t\t\t<section class=\"elementor-section elementor-top-section elementor-element elementor-element-a6c2966 elementor-section-full_width elementor-section-stretched elementor-section-height-default elementor-section-height-default\" data-id=\"a6c2966\" data-element_type=\"section\" data-settings=\"{&quot;stretch_section&quot;:&quot;section-stretched&quot;}\">\n\t\t\t\t\t\t<div class=\"elementor-container elementor-column-gap-default\">\n\t\t\t\t\t<div class=\"elementor-column elementor-col-100 elementor-top-column elementor-element elementor-element-b5a2df7\" data-id=\"b5a2df7\" data-element_type=\"column\">\n\t\t\t<div class=\"elementor-widget-wrap elementor-element-populated\">\n\t\t\t\t\t\t<div class=\"elementor-element elementor-element-18195c1 elementor--h-position-right elementor--v-position-middle elementor-pagination-position-inside elementor-widget elementor-widget-slides\" data-id=\"18195c1\" data-element_type=\"widget\" data-settings=\"{&quot;navigation&quot;:&quot;dots&quot;,&quot;autoplay&quot;:&quot;yes&quot;,&quot;pause_on_hover&quot;:&quot;yes&quot;,&quot;pause_on_interaction&quot;:&quot;yes&quot;,&quot;autoplay_speed&quot;:5000,&quot;infinite&quot;:&quot;yes&quot;,&quot;transition&quot;:&quot;slide&quot;,&quot;transition_speed&quot;:500}\" data-widget_type=\"slides.default\">\n\t\t\t\t<div class=\"elementor-widget-container\">\n\t\t\t\t\t\t\t\t\t<div class=\"elementor-swiper\">\n\t\t\t\t\t<div class=\"elementor-slides-wrapper elementor-main-swiper swiper\" role=\"region\" aria-roledescription=\"carousel\" aria-label=\"Slides\" dir=\"ltr\" data-animation=\"fadeInUp\">\n\t\t\t\t<div class=\"swiper-wrapper elementor-slides\">\n\t\t\t\t\t\t\t\t\t\t<div class=\"elementor-repeater-item-f35e35f swiper-slide\" role=\"group\" aria-roledescription=\"slide\"><div class=\"swiper-slide-bg\" role=\"img\" aria-label=\"CONTACTO_1\"><\/div><div class=\"swiper-slide-inner\" ><div class=\"swiper-slide-contents\"><div class=\"elementor-slide-description\">POL\u00cdTICA DE PRIVACIDADE<\/div><\/div><\/div><\/div>\t\t\t\t<\/div>\n\t\t\t\t\t\t\t<\/div>\n\t\t\t\t<\/div>\n\t\t\t\t\t\t\t\t<\/div>\n\t\t\t\t<\/div>\n\t\t\t\t\t<\/div>\n\t\t<\/div>\n\t\t\t\t\t<\/div>\n\t\t<\/section>\n\t\t\t\t<section class=\"elementor-section elementor-top-section elementor-element elementor-element-e6d5004 elementor-section-boxed elementor-section-height-default elementor-section-height-default\" data-id=\"e6d5004\" data-element_type=\"section\">\n\t\t\t\t\t\t<div class=\"elementor-container elementor-column-gap-default\">\n\t\t\t\t\t<div class=\"elementor-column elementor-col-100 elementor-top-column elementor-element elementor-element-5ffe26c\" data-id=\"5ffe26c\" data-element_type=\"column\">\n\t\t\t<div class=\"elementor-widget-wrap elementor-element-populated\">\n\t\t\t\t\t\t<div class=\"elementor-element elementor-element-b864380 elementor-widget elementor-widget-text-editor\" data-id=\"b864380\" data-element_type=\"widget\" data-widget_type=\"text-editor.default\">\n\t\t\t\t<div class=\"elementor-widget-container\">\n\t\t\t\t\t\t\t\t\t<p><strong>\u00a0RESPONS\u00c1VEL DE TRATAMENTO<\/strong><\/p><p><strong>EMPRESA<\/strong>: FLUBETECH, SL<\/p><p><strong>NIF:<\/strong> B64165632<\/p><p><strong>MORADA:<\/strong> C\/ MONTSI\u00c0 23, POL\u00cdGONO INDUSTRIAL CAN CARNER, 08211, CASTELLAR DEL VALL\u00c9S, BARCELONA<\/p><p><strong>TELEFONE:<\/strong> FLUBETECH, SL<\/p><p><strong>EMAIL:<\/strong> <a href=\"mailto:info@flubetech.com\">info@flubetech.com<\/a><\/p><p><strong>REGISTO COMERCIAL:<\/strong> T 43432, F 193, S 8, H B 327206, I\/A 14\u00aa, BARCELONA<\/p><p><strong>FINALIDADE DO TRATAMENTO E LEGITIMA\u00c7\u00c3O<\/strong><\/p><p><strong>Com que objetivo ser\u00e3o tratados os dados do interessado e qual \u00e9 a base que nos legitima?<\/strong><\/p><p>FLUBETECH, SL trata dados pessoais proporcionados diretamente pelo interessado com as seguintes finalidades:<\/p><ul><li>Gerir a rela\u00e7\u00e3o comercial existente,<\/li><li>Responder ao pedido de informa\u00e7\u00e3o que realize atrav\u00e9s da p\u00e1gina web; e<\/li><li>Atrav\u00e9s de cada formul\u00e1rio de recolha de dados, de forma adicional, poder\u00edamos pedir o consentimento do utilizador para enviar-lhe comunica\u00e7\u00f5es comerciais, caso este d\u00ea o seu consentimento.<\/li><\/ul><p>O utilizador pode opor-se ao envio de comunica\u00e7\u00f5es comerciais atrav\u00e9s de qualquer meio e em qualquer momento, enviando um correio eletr\u00f3nico info@flubetech.com.<\/p><p><strong>Durante quanto tempo mantemos os seus dados?<\/strong><\/p><p>Os dados pessoais ser\u00e3o guardados enquanto existir a rela\u00e7\u00e3o comercial, sendo estes cancelados quando deixem de ser necess\u00e1rios ou oportunos nas finalidades indicadas.<\/p><p><strong>PROPRIEDADE INTELECTUAL<\/strong><\/p><p>A FLUBETECH, SL \u00e9 titular de todos os direitos de autor, propriedade intelectual, propriedade industrial e de outros direitos que t\u00eam rela\u00e7\u00e3o com o conte\u00fado da p\u00e1gina web www.flubetech.com, os seus servi\u00e7os, os programas necess\u00e1rios para a sua implementa\u00e7\u00e3o e a informa\u00e7\u00e3o que esteja relacionada.\u00a0<\/p><p>Sem o consentimento escrito, n\u00e3o \u00e9 permitida a sua reprodu\u00e7\u00e3o, publica\u00e7\u00e3o e\/ou uso n\u00e3o privado dos conte\u00fados, totais ou parciais.<\/p><p><strong>REDES SOCIAIS<\/strong><\/p><p>FLUBETECH, SL utiliza as redes sociais, o acesso e a utiliza\u00e7\u00e3o das mesmas requer aceitar as condi\u00e7\u00f5es gerais de utiliza\u00e7\u00e3o das redes. Quando o utilizador acede ou utiliza a p\u00e1gina oficial de FLUBETECH, SL nas redes sociais manifesta o seu consentimento e a aceita o cumprimento dessas condi\u00e7\u00f5es.<\/p><p><strong>Que usos est\u00e3o permitidos e quais est\u00e3o proibidos?<\/strong><\/p><p>Atrav\u00e9s das redes sociais de FLUBETECH, SL \u00e9 disponibilizado ao utilizador um espa\u00e7o no qual pode publicar, trocar conte\u00fados e informa\u00e7\u00e3o, e estabelecer comunica\u00e7\u00e3o com outros utilizadores. O utilizador est\u00e1 obrigado a efetuar uma utiliza\u00e7\u00e3o racional das redes sociais e dos conte\u00fados de FLUBETECH, SL, sendo este o \u00fanico respons\u00e1vel da informa\u00e7\u00e3o, imagens, opini\u00f5es, refer\u00eancias ou conte\u00fado que comunique, transmita, aloje, disponha ou exiba na p\u00e1gina oficial.<\/p><p>\u00c9 proibido fazer uso da p\u00e1gina oficial de FLUBETECH, SL nas redes sociais para fins ilegais ou que n\u00e3o estejam autorizadas, com ou sem finalidade econ\u00f3mica.<\/p><p><strong>ISEN\u00c7\u00c3O DE RESPONSABILIDADE<\/strong><\/p><p>A FLUBETECH, SL exp\u00f5e na sua p\u00e1gina web conte\u00fados sobre as suas atividades, produtos, estrutura, gest\u00e3o e equipamentos pr\u00f3prios de uma web de tipo corporativo, eximindo-se de qualquer responsabilidade por danos ou preju\u00edzos que possam derivar do acesso aos seus conte\u00fados, informa\u00e7\u00f5es, publicidade, conceitos e imagens proporcionadas aos utilizadores.<\/p><p>FLUBETECH, SL n\u00e3o \u00e9 respons\u00e1vel por:<\/p><ul><li>O dano que um usu\u00e1rio possa realizar numa p\u00e1gina web.<\/li><li>A continuidade dos conte\u00fados da p\u00e1gina web.<\/li><li>A aus\u00eancia de v\u00edrus e\/ou outros componentes que possam ser prejudiciais para a p\u00e1gina web ou o servidor, quer em termos de visualiza\u00e7\u00e3o de conte\u00fados, quer na transfer\u00eancia dos mesmos.<\/li><li>Os preju\u00edzos ocasionados por vulnerabilidade em <u>flubetech.com<\/u>.<\/li><li>Os conte\u00fados e servi\u00e7os que prestem outras p\u00e1ginas web \u00e0s quais \u00e9 poss\u00edvel aceder atrav\u00e9s de <u>flubetech.com<\/u>.<\/li><li>O rendimento dos conte\u00fados que aloje <u>flubetech.com<\/u>.<\/li><li>O mau funcionamento de software necess\u00e1rio para a visualiza\u00e7\u00e3o ou escuta de conte\u00fados alojados na p\u00e1gina web.<\/li><li>Os danos e preju\u00edzos causados por qualquer utilizador que infrinja as condi\u00e7\u00f5es, instru\u00e7\u00f5es e normas disponibilizadas por FLUBETECH, SL na sua p\u00e1gina web.<\/li><li>A\u00e7\u00f5es que possam vulnerar os direitos de terceiros, especialmente os que est\u00e3o relacionados com a imagem, propriedade intelectual ou industrial.<\/li><li>Da edi\u00e7\u00e3o, censura, revis\u00e3o e verifica\u00e7\u00e3o dos conte\u00fados de internet com os que o utilizador aceda atrav\u00e9s do navegador de procura ou liga\u00e7\u00f5es inclu\u00eddas em <u>flubetech.com<\/u>.<strong style=\"font-size: 16px;\">\u00a0<\/strong><\/li><\/ul><p><strong>Isen\u00e7\u00e3o de responsabilidade pelo funcionamento da p\u00e1gina web<\/strong><\/p><p>FLUBETECH, SL poder\u00e1 corrigir, melhorar ou modificar a informa\u00e7\u00e3o contida na p\u00e1gina web, sem derivar em reclama\u00e7\u00e3o ou indemniza\u00e7\u00e3o, nem implicar o reconhecimento de qualquer responsabilidade.<\/p><p>Tamb\u00e9m n\u00e3o \u00e9 respons\u00e1vel pelos danos ou preju\u00edzos derivados da disponibilidade e continuidade t\u00e9cnica do funcionamento da p\u00e1gina web, levando a cabo todas as a\u00e7\u00f5es neces\u00e1rias para restabelecer os seus servi\u00e7os em caso de falha t\u00e9cnica.<\/p><p><strong>COMUNICA\u00c7\u00d5ES COMERCIAIS<\/strong><\/p><p>De acordo com a lei de Servi\u00e7os da Sociedade da Informa\u00e7\u00e3o e o Com\u00e9rico Eletr\u00f3nico, FLUBETECH, SL n\u00e3o proceder\u00e1 ao envio de comunica\u00e7\u00f5es publicit\u00e1rias ou promocionais por correio eletr\u00f3nico e de outro meio de comunica\u00e7\u00e3o eletr\u00f3nica equivalente, sem a expressamente autoriza\u00e7\u00e3o pr\u00e9via pelos destinat\u00e1rios dos mesmos.\u00a0<\/p><p>Caso a rela\u00e7\u00e3o contratual existente seja pr\u00e9via, FLUBETECH, SL sim est\u00e1 autorizada ao envio de comunica\u00e7\u00f5es comerciais referentes a produtos ou servi\u00e7os.<strong>\u00a0<\/strong><\/p><p><strong>LEGISLA\u00c7\u00c3O E JURISDI\u00c7\u00c3O<\/strong><\/p><p>As condi\u00e7\u00f5es presentes reger-se-\u00e3o pela legisla\u00e7\u00e3o espanhola vigente e de aplica\u00e7\u00e3o em territ\u00f3rio espanhol. Na eventualidade de qualquer controv\u00e9rsia, as partes poder\u00e3o submeter os seus conflitos a arbitragem ou recorrer \u00e0 jurisdi\u00e7\u00e3o ordin\u00e1ria, cumprindo com as normas sobre jurisdi\u00e7\u00e3o e concorr\u00eancia a esse respeito.<\/p>\t\t\t\t\t\t\t\t<\/div>\n\t\t\t\t<\/div>\n\t\t\t\t\t<\/div>\n\t\t<\/div>\n\t\t\t\t\t<\/div>\n\t\t<\/section>\n\t\t\t\t<\/div>\n\t\t","protected":false},"excerpt":{"rendered":"<p>POL\u00cdTICA DE PRIVACIDADE \u00a0RESPONS\u00c1VEL DE TRATAMENTO EMPRESA: FLUBETECH, SL NIF: B64165632 MORADA: C\/ MONTSI\u00c0 23, POL\u00cdGONO INDUSTRIAL CAN CARNER, 08211, CASTELLAR DEL VALL\u00c9S, BARCELONA TELEFONE: FLUBETECH, SL EMAIL: info@flubetech.com REGISTO COMERCIAL: T 43432, F 193, S 8, H B 327206, I\/A 14\u00aa, BARCELONA FINALIDADE DO TRATAMENTO E LEGITIMA\u00c7\u00c3O Com que objetivo ser\u00e3o tratados os dados [&hellip;]<\/p>\n","protected":false},"author":1,"featured_media":0,"parent":0,"menu_order":0,"comment_status":"closed","ping_status":"closed","template":"elementor_header_footer","meta":{"site-sidebar-layout":"no-sidebar","site-content-layout":"page-builder","ast-site-content-layout":"default","site-content-style":"default","site-sidebar-style":"default","ast-global-header-display":"","ast-banner-title-visibility":"","ast-main-header-display":"","ast-hfb-above-header-display":"","ast-hfb-below-header-display":"","ast-hfb-mobile-header-display":"","site-post-title":"disabled","ast-breadcrumbs-content":"","ast-featured-img":"disabled","footer-sml-layout":"","theme-transparent-header-meta":"default","adv-header-id-meta":"","stick-header-meta":"","header-above-stick-meta":"","header-main-stick-meta":"","header-below-stick-meta":"","astra-migrate-meta-layouts":"default","ast-page-background-enabled":"default","ast-page-background-meta":{"desktop":{"background-color":"var(--ast-global-color-4)","background-image":"","background-repeat":"repeat","background-position":"center center","background-size":"auto","background-attachment":"scroll","background-type":"","background-media":"","overlay-type":"","overlay-color":"","overlay-opacity":"","overlay-gradient":""},"tablet":{"background-color":"","background-image":"","background-repeat":"repeat","background-position":"center center","background-size":"auto","background-attachment":"scroll","background-type":"","background-media":"","overlay-type":"","overlay-color":"","overlay-opacity":"","overlay-gradient":""},"mobile":{"background-color":"","background-image":"","background-repeat":"repeat","background-position":"center center","background-size":"auto","background-attachment":"scroll","background-type":"","background-media":"","overlay-type":"","overlay-color":"","overlay-opacity":"","overlay-gradient":""}},"ast-content-background-meta":{"desktop":{"background-color":"var(--ast-global-color-5)","background-image":"","background-repeat":"repeat","background-position":"center center","background-size":"auto","background-attachment":"scroll","background-type":"","background-media":"","overlay-type":"","overlay-color":"","overlay-opacity":"","overlay-gradient":""},"tablet":{"background-color":"var(--ast-global-color-5)","background-image":"","background-repeat":"repeat","background-position":"center center","background-size":"auto","background-attachment":"scroll","background-type":"","background-media":"","overlay-type":"","overlay-color":"","overlay-opacity":"","overlay-gradient":""},"mobile":{"background-color":"var(--ast-global-color-5)","background-image":"","background-repeat":"repeat","background-position":"center center","background-size":"auto","background-attachment":"scroll","background-type":"","background-media":"","overlay-type":"","overlay-color":"","overlay-opacity":"","overlay-gradient":""}},"footnotes":""},"class_list":["post-3016","page","type-page","status-publish","hentry"],"_links":{"self":[{"href":"https:\/\/flubetech.com\/pt-pt\/wp-json\/wp\/v2\/pages\/3016","targetHints":{"allow":["GET"]}}],"collection":[{"href":"https:\/\/flubetech.com\/pt-pt\/wp-json\/wp\/v2\/pages"}],"about":[{"href":"https:\/\/flubetech.com\/pt-pt\/wp-json\/wp\/v2\/types\/page"}],"author":[{"embeddable":true,"href":"https:\/\/flubetech.com\/pt-pt\/wp-json\/wp\/v2\/users\/1"}],"replies":[{"embeddable":true,"href":"https:\/\/flubetech.com\/pt-pt\/wp-json\/wp\/v2\/comments?post=3016"}],"version-history":[{"count":7,"href":"https:\/\/flubetech.com\/pt-pt\/wp-json\/wp\/v2\/pages\/3016\/revisions"}],"predecessor-version":[{"id":4390,"href":"https:\/\/flubetech.com\/pt-pt\/wp-json\/wp\/v2\/pages\/3016\/revisions\/4390"}],"wp:attachment":[{"href":"https:\/\/flubetech.com\/pt-pt\/wp-json\/wp\/v2\/media?parent=3016"}],"curies":[{"name":"wp","href":"https:\/\/api.w.org\/{rel}","templated":true}]}}