{"id":6656,"date":"2024-12-10T19:29:41","date_gmt":"2024-12-10T19:29:41","guid":{"rendered":"https:\/\/flubetech.com\/?page_id=6656"},"modified":"2024-12-13T23:46:15","modified_gmt":"2024-12-13T23:46:15","slug":"politica-de-qualidade","status":"publish","type":"page","link":"https:\/\/flubetech.com\/pt-pt\/politica-de-qualidade\/","title":{"rendered":"POL\u00cdTICA DE QUALIDADE"},"content":{"rendered":"\t\t<div data-elementor-type=\"wp-page\" data-elementor-id=\"6656\" class=\"elementor elementor-6656 elementor-6559\" data-elementor-post-type=\"page\">\n\t\t\t\t\t\t<section class=\"elementor-section elementor-top-section elementor-element elementor-element-ae4a9b4 elementor-section-full_width elementor-section-stretched elementor-section-height-default elementor-section-height-default\" data-id=\"ae4a9b4\" data-element_type=\"section\" data-settings=\"{&quot;stretch_section&quot;:&quot;section-stretched&quot;}\">\n\t\t\t\t\t\t<div class=\"elementor-container elementor-column-gap-default\">\n\t\t\t\t\t<div class=\"elementor-column elementor-col-100 elementor-top-column elementor-element elementor-element-a0ba47d\" data-id=\"a0ba47d\" data-element_type=\"column\">\n\t\t\t<div class=\"elementor-widget-wrap elementor-element-populated\">\n\t\t\t\t\t\t<div class=\"elementor-element elementor-element-19947a2 elementor--h-position-right elementor--v-position-middle elementor-pagination-position-inside elementor-widget elementor-widget-slides\" data-id=\"19947a2\" data-element_type=\"widget\" data-settings=\"{&quot;navigation&quot;:&quot;dots&quot;,&quot;autoplay&quot;:&quot;yes&quot;,&quot;pause_on_hover&quot;:&quot;yes&quot;,&quot;pause_on_interaction&quot;:&quot;yes&quot;,&quot;autoplay_speed&quot;:5000,&quot;infinite&quot;:&quot;yes&quot;,&quot;transition&quot;:&quot;slide&quot;,&quot;transition_speed&quot;:500}\" data-widget_type=\"slides.default\">\n\t\t\t\t<div class=\"elementor-widget-container\">\n\t\t\t\t\t\t\t\t\t<div class=\"elementor-swiper\">\n\t\t\t\t\t<div class=\"elementor-slides-wrapper elementor-main-swiper swiper\" role=\"region\" aria-roledescription=\"carousel\" aria-label=\"Slides\" dir=\"ltr\" data-animation=\"fadeInUp\">\n\t\t\t\t<div class=\"swiper-wrapper elementor-slides\">\n\t\t\t\t\t\t\t\t\t\t<div class=\"elementor-repeater-item-f35e35f swiper-slide\" role=\"group\" aria-roledescription=\"slide\"><div class=\"swiper-slide-bg\" role=\"img\" aria-label=\"CONTACTO_1\"><\/div><div class=\"swiper-slide-inner\" ><div class=\"swiper-slide-contents\"><div class=\"elementor-slide-description\">POLITIQUE DE QUALIT\u00c9<\/div><\/div><\/div><\/div>\t\t\t\t<\/div>\n\t\t\t\t\t\t\t<\/div>\n\t\t\t\t<\/div>\n\t\t\t\t\t\t\t\t<\/div>\n\t\t\t\t<\/div>\n\t\t\t\t\t<\/div>\n\t\t<\/div>\n\t\t\t\t\t<\/div>\n\t\t<\/section>\n\t\t\t\t<section class=\"elementor-section elementor-top-section elementor-element elementor-element-cb25cdf elementor-section-boxed elementor-section-height-default elementor-section-height-default\" data-id=\"cb25cdf\" data-element_type=\"section\">\n\t\t\t\t\t\t<div class=\"elementor-container elementor-column-gap-default\">\n\t\t\t\t\t<div class=\"elementor-column elementor-col-100 elementor-top-column elementor-element elementor-element-5306616\" data-id=\"5306616\" data-element_type=\"column\">\n\t\t\t<div class=\"elementor-widget-wrap elementor-element-populated\">\n\t\t\t\t\t\t<div class=\"elementor-element elementor-element-d3cf3a9 elementor-widget elementor-widget-text-editor\" data-id=\"d3cf3a9\" data-element_type=\"widget\" data-widget_type=\"text-editor.default\">\n\t\t\t\t<div class=\"elementor-widget-container\">\n\t\t\t\t\t\t\t\t\t<p>A Flubetech, S.L. dedica-se ao desenvolvimento, produ\u00e7\u00e3o e comercializa\u00e7\u00e3o de revestimentos especializados baseados em tecnologias avan\u00e7adas de deposi\u00e7\u00e3o em fase vapor. Estas tecnologias oferecem solu\u00e7\u00f5es inovadoras para os desafios atuais da ind\u00fastria, priorizando o respeito pelo meio ambiente como um dos pilares fundamentais da nossa atividade.<\/p><p>A Flubetech, S.L. \u00e9 uma refer\u00eancia em inova\u00e7\u00e3o em setores como o autom\u00f3vel, a aeron\u00e1utica, a biomedicina e a fabrica\u00e7\u00e3o de componentes, proporcionando solu\u00e7\u00f5es espec\u00edficas adaptadas \u00e0s necessidades de cada cliente.<\/p><p>Gerir a qualidade significa gerir a satisfa\u00e7\u00e3o e melhorar a aten\u00e7\u00e3o personalizada ao cliente. Por isso, apostamos na forma\u00e7\u00e3o cont\u00ednua de uma equipa altamente qualificada que fornece aos nossos clientes as solu\u00e7\u00f5es adequadas \u00e0s suas necessidades. Toda a equipa, sem exce\u00e7\u00e3o, \u00e9 respons\u00e1vel por garantir a qualidade dos nossos produtos e servi\u00e7os.<\/p><p>A empresa apoia-se num Sistema de Gest\u00e3o da Qualidade orientado para a melhoria cont\u00ednua. Este sistema permite-nos promover a melhoria cont\u00ednua da efic\u00e1cia das nossas opera\u00e7\u00f5es, minimizar os riscos e fomentar um ambiente de trabalho saud\u00e1vel e colaborativo que contribua para um clima laboral positivo.<\/p><p>Os elementos diferenciadores da Flubetech, S.L. s\u00e3o: a aplica\u00e7\u00e3o inovadora de revestimentos avan\u00e7ados, a filosofia de inova\u00e7\u00e3o tecnol\u00f3gica cont\u00ednua, um forte compromisso com a excel\u00eancia na qualidade dos nossos servi\u00e7os e o cumprimento dos requisitos legais e normativos, bem como das necessidades espec\u00edficas dos nossos clientes.<\/p><p>Atualmente, contamos com uma equipa de dire\u00e7\u00e3o firmemente comprometida com a expans\u00e3o da Flubetech, S.L. a n\u00edvel nacional e internacional, assegurando o crescimento sustent\u00e1vel da empresa.<\/p><p><b>Carles Colominas<br>Diretor-Geral<br>21 de novembro de 2024<\/b><\/p>\t\t\t\t\t\t\t\t<\/div>\n\t\t\t\t<\/div>\n\t\t\t\t\t<\/div>\n\t\t<\/div>\n\t\t\t\t\t<\/div>\n\t\t<\/section>\n\t\t\t\t<section class=\"elementor-section elementor-top-section elementor-element elementor-element-c0153e9 elementor-section-boxed elementor-section-height-default elementor-section-height-default\" data-id=\"c0153e9\" data-element_type=\"section\">\n\t\t\t\t\t\t<div class=\"elementor-container elementor-column-gap-default\">\n\t\t\t\t\t<div class=\"elementor-column elementor-col-50 elementor-top-column elementor-element elementor-element-ec03cfe\" data-id=\"ec03cfe\" data-element_type=\"column\">\n\t\t\t<div class=\"elementor-widget-wrap elementor-element-populated\">\n\t\t\t\t\t\t<div class=\"elementor-element elementor-element-6bf51bd elementor-widget elementor-widget-image\" data-id=\"6bf51bd\" data-element_type=\"widget\" data-widget_type=\"image.default\">\n\t\t\t\t<div class=\"elementor-widget-container\">\n\t\t\t\t\t\t\t\t\t\t\t\t\t\t\t\t<a href=\"https:\/\/flubetech.com\/wp-content\/uploads\/2024\/12\/FLUBETECH-ISO-13485.pdf\" target=\"_blank\" rel=\"nofollow\" download=\"\">\n\t\t\t\t\t\t\t<img fetchpriority=\"high\" decoding=\"async\" width=\"709\" height=\"836\" src=\"https:\/\/flubetech.com\/wp-content\/uploads\/2024\/12\/13485_SGQ-MED_sg04.jpg\" class=\"attachment-full size-full wp-image-6571\" alt=\"\" srcset=\"https:\/\/flubetech.com\/wp-content\/uploads\/2024\/12\/13485_SGQ-MED_sg04.jpg 709w, https:\/\/flubetech.com\/wp-content\/uploads\/2024\/12\/13485_SGQ-MED_sg04-254x300.jpg 254w, https:\/\/flubetech.com\/wp-content\/uploads\/2024\/12\/13485_SGQ-MED_sg04-600x707.jpg 600w\" sizes=\"(max-width: 709px) 100vw, 709px\" \/>\t\t\t\t\t\t\t\t<\/a>\n\t\t\t\t\t\t\t\t\t\t\t\t\t\t\t<\/div>\n\t\t\t\t<\/div>\n\t\t\t\t\t<\/div>\n\t\t<\/div>\n\t\t\t\t<div class=\"elementor-column elementor-col-50 elementor-top-column elementor-element elementor-element-87dfc39\" data-id=\"87dfc39\" data-element_type=\"column\">\n\t\t\t<div class=\"elementor-widget-wrap elementor-element-populated\">\n\t\t\t\t\t\t<div class=\"elementor-element elementor-element-eb4c8df elementor-widget elementor-widget-image\" data-id=\"eb4c8df\" data-element_type=\"widget\" data-widget_type=\"image.default\">\n\t\t\t\t<div class=\"elementor-widget-container\">\n\t\t\t\t\t\t\t\t\t\t\t\t\t\t\t\t<a href=\"https:\/\/flubetech.com\/wp-content\/uploads\/2024\/12\/FLUBETECH-ISO-9001.pdf\" target=\"_blank\" rel=\"nofollow\" download=\"\">\n\t\t\t\t\t\t\t<img decoding=\"async\" width=\"709\" height=\"836\" src=\"https:\/\/flubetech.com\/wp-content\/uploads\/2024\/12\/9001_SGQ_sg01.jpg\" class=\"attachment-full size-full wp-image-6565\" alt=\"\" srcset=\"https:\/\/flubetech.com\/wp-content\/uploads\/2024\/12\/9001_SGQ_sg01.jpg 709w, https:\/\/flubetech.com\/wp-content\/uploads\/2024\/12\/9001_SGQ_sg01-254x300.jpg 254w, https:\/\/flubetech.com\/wp-content\/uploads\/2024\/12\/9001_SGQ_sg01-600x707.jpg 600w\" sizes=\"(max-width: 709px) 100vw, 709px\" \/>\t\t\t\t\t\t\t\t<\/a>\n\t\t\t\t\t\t\t\t\t\t\t\t\t\t\t<\/div>\n\t\t\t\t<\/div>\n\t\t\t\t\t<\/div>\n\t\t<\/div>\n\t\t\t\t\t<\/div>\n\t\t<\/section>\n\t\t\t\t<section class=\"elementor-section elementor-top-section elementor-element elementor-element-4704b75 elementor-section-boxed elementor-section-height-default elementor-section-height-default\" data-id=\"4704b75\" data-element_type=\"section\">\n\t\t\t\t\t\t<div class=\"elementor-container elementor-column-gap-default\">\n\t\t\t\t\t<div class=\"elementor-column elementor-col-100 elementor-top-column elementor-element elementor-element-589f52a\" data-id=\"589f52a\" data-element_type=\"column\">\n\t\t\t<div class=\"elementor-widget-wrap elementor-element-populated\">\n\t\t\t\t\t\t<div class=\"elementor-element elementor-element-a4e0cf7 elementor-mobile-align-center elementor-align-center elementor-widget elementor-widget-button\" data-id=\"a4e0cf7\" data-element_type=\"widget\" data-widget_type=\"button.default\">\n\t\t\t\t<div class=\"elementor-widget-container\">\n\t\t\t\t\t\t\t\t\t<div class=\"elementor-button-wrapper\">\n\t\t\t\t\t<a class=\"elementor-button elementor-button-link elementor-size-sm\" href=\"https:\/\/flubetech.com\/wp-content\/uploads\/2024\/12\/Politica-de-Qualidade_v4_PORT.pdf\" target=\"_blank\" rel=\"nofollow\" download=\"\">\n\t\t\t\t\t\t<span class=\"elementor-button-content-wrapper\">\n\t\t\t\t\t\t\t\t\t<span class=\"elementor-button-text\">BAIXE A NOSSA POL\u00cdTICA DE QUALIDADE<\/span>\n\t\t\t\t\t<\/span>\n\t\t\t\t\t<\/a>\n\t\t\t\t<\/div>\n\t\t\t\t\t\t\t\t<\/div>\n\t\t\t\t<\/div>\n\t\t\t\t\t<\/div>\n\t\t<\/div>\n\t\t\t\t\t<\/div>\n\t\t<\/section>\n\t\t\t\t<\/div>\n\t\t","protected":false},"excerpt":{"rendered":"<p>POLITIQUE DE QUALIT\u00c9 A Flubetech, S.L. dedica-se ao desenvolvimento, produ\u00e7\u00e3o e comercializa\u00e7\u00e3o de revestimentos especializados baseados em tecnologias avan\u00e7adas de deposi\u00e7\u00e3o em fase vapor. Estas tecnologias oferecem solu\u00e7\u00f5es inovadoras para os desafios atuais da ind\u00fastria, priorizando o respeito pelo meio ambiente como um dos pilares fundamentais da nossa atividade. A Flubetech, S.L. \u00e9 uma refer\u00eancia [&hellip;]<\/p>\n","protected":false},"author":1,"featured_media":0,"parent":0,"menu_order":0,"comment_status":"closed","ping_status":"closed","template":"","meta":{"site-sidebar-layout":"no-sidebar","site-content-layout":"page-builder","ast-site-content-layout":"full-width-container","site-content-style":"default","site-sidebar-style":"default","ast-global-header-display":"","ast-banner-title-visibility":"","ast-main-header-display":"","ast-hfb-above-header-display":"","ast-hfb-below-header-display":"","ast-hfb-mobile-header-display":"","site-post-title":"disabled","ast-breadcrumbs-content":"","ast-featured-img":"disabled","footer-sml-layout":"","theme-transparent-header-meta":"default","adv-header-id-meta":"","stick-header-meta":"","header-above-stick-meta":"","header-main-stick-meta":"","header-below-stick-meta":"","astra-migrate-meta-layouts":"set","ast-page-background-enabled":"default","ast-page-background-meta":{"desktop":{"background-color":"var(--ast-global-color-4)","background-image":"","background-repeat":"repeat","background-position":"center center","background-size":"auto","background-attachment":"scroll","background-type":"","background-media":"","overlay-type":"","overlay-color":"","overlay-opacity":"","overlay-gradient":""},"tablet":{"background-color":"","background-image":"","background-repeat":"repeat","background-position":"center center","background-size":"auto","background-attachment":"scroll","background-type":"","background-media":"","overlay-type":"","overlay-color":"","overlay-opacity":"","overlay-gradient":""},"mobile":{"background-color":"","background-image":"","background-repeat":"repeat","background-position":"center center","background-size":"auto","background-attachment":"scroll","background-type":"","background-media":"","overlay-type":"","overlay-color":"","overlay-opacity":"","overlay-gradient":""}},"ast-content-background-meta":{"desktop":{"background-color":"var(--ast-global-color-5)","background-image":"","background-repeat":"repeat","background-position":"center center","background-size":"auto","background-attachment":"scroll","background-type":"","background-media":"","overlay-type":"","overlay-color":"","overlay-opacity":"","overlay-gradient":""},"tablet":{"background-color":"var(--ast-global-color-5)","background-image":"","background-repeat":"repeat","background-position":"center center","background-size":"auto","background-attachment":"scroll","background-type":"","background-media":"","overlay-type":"","overlay-color":"","overlay-opacity":"","overlay-gradient":""},"mobile":{"background-color":"var(--ast-global-color-5)","background-image":"","background-repeat":"repeat","background-position":"center center","background-size":"auto","background-attachment":"scroll","background-type":"","background-media":"","overlay-type":"","overlay-color":"","overlay-opacity":"","overlay-gradient":""}},"footnotes":""},"class_list":["post-6656","page","type-page","status-publish","hentry"],"_links":{"self":[{"href":"https:\/\/flubetech.com\/pt-pt\/wp-json\/wp\/v2\/pages\/6656","targetHints":{"allow":["GET"]}}],"collection":[{"href":"https:\/\/flubetech.com\/pt-pt\/wp-json\/wp\/v2\/pages"}],"about":[{"href":"https:\/\/flubetech.com\/pt-pt\/wp-json\/wp\/v2\/types\/page"}],"author":[{"embeddable":true,"href":"https:\/\/flubetech.com\/pt-pt\/wp-json\/wp\/v2\/users\/1"}],"replies":[{"embeddable":true,"href":"https:\/\/flubetech.com\/pt-pt\/wp-json\/wp\/v2\/comments?post=6656"}],"version-history":[{"count":16,"href":"https:\/\/flubetech.com\/pt-pt\/wp-json\/wp\/v2\/pages\/6656\/revisions"}],"predecessor-version":[{"id":7114,"href":"https:\/\/flubetech.com\/pt-pt\/wp-json\/wp\/v2\/pages\/6656\/revisions\/7114"}],"wp:attachment":[{"href":"https:\/\/flubetech.com\/pt-pt\/wp-json\/wp\/v2\/media?parent=6656"}],"curies":[{"name":"wp","href":"https:\/\/api.w.org\/{rel}","templated":true}]}}