{"id":4060,"date":"2022-08-12T15:23:45","date_gmt":"2022-09-07T01:28:28","guid":{"rendered":"https:\/\/flubetech.com\/?post_type=product&#038;p=4060"},"modified":"2022-09-27T22:17:06","modified_gmt":"2022-09-27T22:17:06","slug":"dalcut","status":"publish","type":"product","link":"https:\/\/flubetech.com\/pt-pt\/Produtos\/dalcut\/","title":{"rendered":"DALCUT"},"content":{"rendered":"","protected":false},"excerpt":{"rendered":"<p><strong>M\u00cdNIMO ATRITO PARA MATERIAIS MACIOS<\/strong><\/p>\n<ul>\n<li>Mant\u00e9m limpas as arestas de corte.<\/li>\n<li>Maquina\u00e7\u00f5es a velocidades baixas de ligas macias e escassa lubrifica\u00e7\u00e3o.<\/li>\n<li>Maquina\u00e7\u00e3o Al (Si&lt;9%), Cu, Zn, Mg e fibra de carbono.<\/li>\n<\/ul>\n<p><a href=\"https:\/\/flubetech.com\/wp-content\/uploads\/2022\/09\/FICHA-TECNICA-FERRAMENTA-DE-CORTE.pdf\" target=\"_blank\" rel=\"noopener\"><strong><span style=\"color: #9f1e27;\">BAIXE A FICHA T\u00c9CNICA<\/span><\/strong><\/a><\/p>\n","protected":false},"featured_media":4916,"template":"","meta":{"site-sidebar-layout":"default","site-content-layout":"default","ast-site-content-layout":"default","site-content-style":"default","site-sidebar-style":"default","ast-global-header-display":"","ast-banner-title-visibility":"","ast-main-header-display":"","ast-hfb-above-header-display":"","ast-hfb-below-header-display":"","ast-hfb-mobile-header-display":"","site-post-title":"","ast-breadcrumbs-content":"","ast-featured-img":"","footer-sml-layout":"","theme-transparent-header-meta":"default","adv-header-id-meta":"","stick-header-meta":"","header-above-stick-meta":"","header-main-stick-meta":"","header-below-stick-meta":"","astra-migrate-meta-layouts":"default","ast-page-background-enabled":"default","ast-page-background-meta":{"desktop":{"background-color":"var(--ast-global-color-4)","background-image":"","background-repeat":"repeat","background-position":"center center","background-size":"auto","background-attachment":"scroll","background-type":"","background-media":"","overlay-type":"","overlay-color":"","overlay-opacity":"","overlay-gradient":""},"tablet":{"background-color":"","background-image":"","background-repeat":"repeat","background-position":"center center","background-size":"auto","background-attachment":"scroll","background-type":"","background-media":"","overlay-type":"","overlay-color":"","overlay-opacity":"","overlay-gradient":""},"mobile":{"background-color":"","background-image":"","background-repeat":"repeat","background-position":"center center","background-size":"auto","background-attachment":"scroll","background-type":"","background-media":"","overlay-type":"","overlay-color":"","overlay-opacity":"","overlay-gradient":""}},"ast-content-background-meta":{"desktop":{"background-color":"var(--ast-global-color-5)","background-image":"","background-repeat":"repeat","background-position":"center center","background-size":"auto","background-attachment":"scroll","background-type":"","background-media":"","overlay-type":"","overlay-color":"","overlay-opacity":"","overlay-gradient":""},"tablet":{"background-color":"var(--ast-global-color-5)","background-image":"","background-repeat":"repeat","background-position":"center center","background-size":"auto","background-attachment":"scroll","background-type":"","background-media":"","overlay-type":"","overlay-color":"","overlay-opacity":"","overlay-gradient":""},"mobile":{"background-color":"var(--ast-global-color-5)","background-image":"","background-repeat":"repeat","background-position":"center center","background-size":"auto","background-attachment":"scroll","background-type":"","background-media":"","overlay-type":"","overlay-color":"","overlay-opacity":"","overlay-gradient":""}}},"product_brand":[],"product_cat":[1332,1366,1371,1396,1400,1372,1391,1518,1538,1548,1543,1553],"product_tag":[],"class_list":{"0":"post-4060","1":"product","2":"type-product","3":"status-publish","4":"has-post-thumbnail","6":"product_cat-aluminio-e-cobre","7":"product_cat-desbaste-pt-pt","8":"product_cat-escareamento","9":"product_cat-ferramenta-cilindrica","10":"product_cat-ferramenta-de-corte","11":"product_cat-fresagem","12":"product_cat-grafite-fibra-de-carbono","13":"product_cat-insercao-permutavel","14":"product_cat-polimeros-reforcados","15":"product_cat-rosqueado","16":"product_cat-slotting-abertura-de-canais","17":"product_cat-taladrado-pt-pt","18":"desktop-align-left","19":"tablet-align-left","20":"mobile-align-left","22":"first","23":"instock","24":"shipping-taxable","25":"product-type-simple"},"_links":{"self":[{"href":"https:\/\/flubetech.com\/pt-pt\/wp-json\/wp\/v2\/product\/4060","targetHints":{"allow":["GET"]}}],"collection":[{"href":"https:\/\/flubetech.com\/pt-pt\/wp-json\/wp\/v2\/product"}],"about":[{"href":"https:\/\/flubetech.com\/pt-pt\/wp-json\/wp\/v2\/types\/product"}],"wp:featuredmedia":[{"embeddable":true,"href":"https:\/\/flubetech.com\/pt-pt\/wp-json\/wp\/v2\/media\/4916"}],"wp:attachment":[{"href":"https:\/\/flubetech.com\/pt-pt\/wp-json\/wp\/v2\/media?parent=4060"}],"wp:term":[{"taxonomy":"product_brand","embeddable":true,"href":"https:\/\/flubetech.com\/pt-pt\/wp-json\/wp\/v2\/product_brand?post=4060"},{"taxonomy":"product_cat","embeddable":true,"href":"https:\/\/flubetech.com\/pt-pt\/wp-json\/wp\/v2\/product_cat?post=4060"},{"taxonomy":"product_tag","embeddable":true,"href":"https:\/\/flubetech.com\/pt-pt\/wp-json\/wp\/v2\/product_tag?post=4060"}],"curies":[{"name":"wp","href":"https:\/\/api.w.org\/{rel}","templated":true}]}}