{"id":4317,"date":"2022-08-12T21:20:33","date_gmt":"2022-09-07T21:48:16","guid":{"rendered":"https:\/\/flubetech.com\/?post_type=product&#038;p=4317"},"modified":"2022-09-11T22:08:52","modified_gmt":"2022-09-11T22:08:52","slug":"orion","status":"publish","type":"product","link":"https:\/\/flubetech.com\/pt-pt\/Produtos\/orion\/","title":{"rendered":"ORION"},"content":{"rendered":"","protected":false},"excerpt":{"rendered":"<p><strong>COMBINA\u00c7\u00c3O PERFEITA, PROPRIEDADES INIGUAL\u00c1VEIS<\/strong><\/p>\n<ul>\n<li>Muito elevada dureza e muito baixo coeficiente de atrito.<\/li>\n<li>Resist\u00eancia abrasiva e adesiva.<\/li>\n<li>Evita microssoldaduras e gripagens.<\/li>\n<li>Camada de fixa\u00e7\u00e3o especial para fabrico de matrizes.<\/li>\n<\/ul>\n<p><span style=\"color: #9f1e27;\"><strong>BAIXE A FICHA T\u00c9CNICA<\/strong><\/span><\/p>\n","protected":false},"featured_media":4916,"template":"","meta":{"site-sidebar-layout":"default","site-content-layout":"default","ast-site-content-layout":"default","site-content-style":"default","site-sidebar-style":"default","ast-global-header-display":"","ast-banner-title-visibility":"","ast-main-header-display":"","ast-hfb-above-header-display":"","ast-hfb-below-header-display":"","ast-hfb-mobile-header-display":"","site-post-title":"","ast-breadcrumbs-content":"","ast-featured-img":"","footer-sml-layout":"","theme-transparent-header-meta":"default","adv-header-id-meta":"","stick-header-meta":"","header-above-stick-meta":"","header-main-stick-meta":"","header-below-stick-meta":"","astra-migrate-meta-layouts":"default","ast-page-background-enabled":"default","ast-page-background-meta":{"desktop":{"background-color":"var(--ast-global-color-4)","background-image":"","background-repeat":"repeat","background-position":"center center","background-size":"auto","background-attachment":"scroll","background-type":"","background-media":"","overlay-type":"","overlay-color":"","overlay-opacity":"","overlay-gradient":""},"tablet":{"background-color":"","background-image":"","background-repeat":"repeat","background-position":"center center","background-size":"auto","background-attachment":"scroll","background-type":"","background-media":"","overlay-type":"","overlay-color":"","overlay-opacity":"","overlay-gradient":""},"mobile":{"background-color":"","background-image":"","background-repeat":"repeat","background-position":"center center","background-size":"auto","background-attachment":"scroll","background-type":"","background-media":"","overlay-type":"","overlay-color":"","overlay-opacity":"","overlay-gradient":""}},"ast-content-background-meta":{"desktop":{"background-color":"var(--ast-global-color-5)","background-image":"","background-repeat":"repeat","background-position":"center center","background-size":"auto","background-attachment":"scroll","background-type":"","background-media":"","overlay-type":"","overlay-color":"","overlay-opacity":"","overlay-gradient":""},"tablet":{"background-color":"var(--ast-global-color-5)","background-image":"","background-repeat":"repeat","background-position":"center center","background-size":"auto","background-attachment":"scroll","background-type":"","background-media":"","overlay-type":"","overlay-color":"","overlay-opacity":"","overlay-gradient":""},"mobile":{"background-color":"var(--ast-global-color-5)","background-image":"","background-repeat":"repeat","background-position":"center center","background-size":"auto","background-attachment":"scroll","background-type":"","background-media":"","overlay-type":"","overlay-color":"","overlay-opacity":"","overlay-gradient":""}}},"product_brand":[],"product_cat":[1283,1263,1287,1322,1351,1356,1406,1411,1458,1453,1473,1463],"product_tag":[],"class_list":{"0":"post-4317","1":"product","2":"type-product","3":"status-publish","4":"has-post-thumbnail","6":"product_cat-aco-pt-pt","7":"product_cat-aco-400mpa","8":"product_cat-aco-inox-material-de-chapa","9":"product_cat-aco-para-trabalho-a-frio","10":"product_cat-conformado-pt-pt","11":"product_cat-corte-pt-pt","12":"product_cat-hss-pt-pt","13":"product_cat-hss-pm-pt-pt","14":"product_cat-maquinas-de-trabalho-a-quente","15":"product_cat-matrizes","16":"product_cat-metal-pesado","17":"product_cat-moldagem-de-trabalho-a-frio","18":"desktop-align-left","19":"tablet-align-left","20":"mobile-align-left","22":"first","23":"instock","24":"shipping-taxable","25":"product-type-simple"},"_links":{"self":[{"href":"https:\/\/flubetech.com\/pt-pt\/wp-json\/wp\/v2\/product\/4317","targetHints":{"allow":["GET"]}}],"collection":[{"href":"https:\/\/flubetech.com\/pt-pt\/wp-json\/wp\/v2\/product"}],"about":[{"href":"https:\/\/flubetech.com\/pt-pt\/wp-json\/wp\/v2\/types\/product"}],"wp:featuredmedia":[{"embeddable":true,"href":"https:\/\/flubetech.com\/pt-pt\/wp-json\/wp\/v2\/media\/4916"}],"wp:attachment":[{"href":"https:\/\/flubetech.com\/pt-pt\/wp-json\/wp\/v2\/media?parent=4317"}],"wp:term":[{"taxonomy":"product_brand","embeddable":true,"href":"https:\/\/flubetech.com\/pt-pt\/wp-json\/wp\/v2\/product_brand?post=4317"},{"taxonomy":"product_cat","embeddable":true,"href":"https:\/\/flubetech.com\/pt-pt\/wp-json\/wp\/v2\/product_cat?post=4317"},{"taxonomy":"product_tag","embeddable":true,"href":"https:\/\/flubetech.com\/pt-pt\/wp-json\/wp\/v2\/product_tag?post=4317"}],"curies":[{"name":"wp","href":"https:\/\/api.w.org\/{rel}","templated":true}]}}