{"id":4753,"date":"2022-09-06T23:43:41","date_gmt":"2022-09-15T00:23:42","guid":{"rendered":"https:\/\/flubetech.com\/?post_type=product&#038;p=4753"},"modified":"2022-09-27T22:35:57","modified_gmt":"2022-09-27T22:35:57","slug":"orion-plus-duplex","status":"publish","type":"product","link":"https:\/\/flubetech.com\/pt-pt\/Produtos\/orion-plus-duplex\/","title":{"rendered":"ORION PLUS\/DUPLEX"},"content":{"rendered":"","protected":false},"excerpt":{"rendered":"<p><strong>COMBINA\u00c7\u00c3O PERFEITA, PROPRIEDADES INCOMPAR\u00c1VEIS<\/strong><\/p>\n<ul>\n<li>Dureza muito alta e coeficiente de atrito muito baixo.<\/li>\n<li>Resist\u00eancia abrasiva e adesiva.<\/li>\n<li>Evite micro-soldagem e gripagem.<\/li>\n<li>Camada de ancoragem especial para ferramentas.<\/li>\n<li>Gama Plus e Duplex: Nitreta\u00e7\u00e3o de base<\/li>\n<\/ul>\n<p><a href=\"https:\/\/flubetech.com\/wp-content\/uploads\/2022\/09\/FICHA-TECNICA-ORION.pdf\" target=\"_blank\" rel=\"noopener\"><strong>BAIXE A FICHA T\u00c9CNICA<\/strong><\/a><\/p>\n","protected":false},"featured_media":4916,"template":"","meta":{"site-sidebar-layout":"default","site-content-layout":"default","ast-site-content-layout":"default","site-content-style":"default","site-sidebar-style":"default","ast-global-header-display":"","ast-banner-title-visibility":"","ast-main-header-display":"","ast-hfb-above-header-display":"","ast-hfb-below-header-display":"","ast-hfb-mobile-header-display":"","site-post-title":"","ast-breadcrumbs-content":"","ast-featured-img":"","footer-sml-layout":"","theme-transparent-header-meta":"default","adv-header-id-meta":"","stick-header-meta":"","header-above-stick-meta":"","header-main-stick-meta":"","header-below-stick-meta":"","astra-migrate-meta-layouts":"default","ast-page-background-enabled":"default","ast-page-background-meta":{"desktop":{"background-color":"var(--ast-global-color-4)","background-image":"","background-repeat":"repeat","background-position":"center center","background-size":"auto","background-attachment":"scroll","background-type":"","background-media":"","overlay-type":"","overlay-color":"","overlay-opacity":"","overlay-gradient":""},"tablet":{"background-color":"","background-image":"","background-repeat":"repeat","background-position":"center center","background-size":"auto","background-attachment":"scroll","background-type":"","background-media":"","overlay-type":"","overlay-color":"","overlay-opacity":"","overlay-gradient":""},"mobile":{"background-color":"","background-image":"","background-repeat":"repeat","background-position":"center center","background-size":"auto","background-attachment":"scroll","background-type":"","background-media":"","overlay-type":"","overlay-color":"","overlay-opacity":"","overlay-gradient":""}},"ast-content-background-meta":{"desktop":{"background-color":"var(--ast-global-color-5)","background-image":"","background-repeat":"repeat","background-position":"center center","background-size":"auto","background-attachment":"scroll","background-type":"","background-media":"","overlay-type":"","overlay-color":"","overlay-opacity":"","overlay-gradient":""},"tablet":{"background-color":"var(--ast-global-color-5)","background-image":"","background-repeat":"repeat","background-position":"center center","background-size":"auto","background-attachment":"scroll","background-type":"","background-media":"","overlay-type":"","overlay-color":"","overlay-opacity":"","overlay-gradient":""},"mobile":{"background-color":"var(--ast-global-color-5)","background-image":"","background-repeat":"repeat","background-position":"center center","background-size":"auto","background-attachment":"scroll","background-type":"","background-media":"","overlay-type":"","overlay-color":"","overlay-opacity":"","overlay-gradient":""}}},"product_brand":[],"product_cat":[1263,1287,1322,1351,1406,1411,1458,1453,1473],"product_tag":[],"class_list":{"0":"post-4753","1":"product","2":"type-product","3":"status-publish","4":"has-post-thumbnail","6":"product_cat-aco-400mpa","7":"product_cat-aco-inox-material-de-chapa","8":"product_cat-aco-para-trabalho-a-frio","9":"product_cat-conformado-pt-pt","10":"product_cat-hss-pt-pt","11":"product_cat-hss-pm-pt-pt","12":"product_cat-maquinas-de-trabalho-a-quente","13":"product_cat-matrizes","14":"product_cat-metal-pesado","15":"desktop-align-left","16":"tablet-align-left","17":"mobile-align-left","19":"first","20":"instock","21":"shipping-taxable","22":"product-type-simple"},"_links":{"self":[{"href":"https:\/\/flubetech.com\/pt-pt\/wp-json\/wp\/v2\/product\/4753","targetHints":{"allow":["GET"]}}],"collection":[{"href":"https:\/\/flubetech.com\/pt-pt\/wp-json\/wp\/v2\/product"}],"about":[{"href":"https:\/\/flubetech.com\/pt-pt\/wp-json\/wp\/v2\/types\/product"}],"wp:featuredmedia":[{"embeddable":true,"href":"https:\/\/flubetech.com\/pt-pt\/wp-json\/wp\/v2\/media\/4916"}],"wp:attachment":[{"href":"https:\/\/flubetech.com\/pt-pt\/wp-json\/wp\/v2\/media?parent=4753"}],"wp:term":[{"taxonomy":"product_brand","embeddable":true,"href":"https:\/\/flubetech.com\/pt-pt\/wp-json\/wp\/v2\/product_brand?post=4753"},{"taxonomy":"product_cat","embeddable":true,"href":"https:\/\/flubetech.com\/pt-pt\/wp-json\/wp\/v2\/product_cat?post=4753"},{"taxonomy":"product_tag","embeddable":true,"href":"https:\/\/flubetech.com\/pt-pt\/wp-json\/wp\/v2\/product_tag?post=4753"}],"curies":[{"name":"wp","href":"https:\/\/api.w.org\/{rel}","templated":true}]}}